{"id":475,"date":"2026-02-03T14:29:58","date_gmt":"2026-02-03T14:29:58","guid":{"rendered":"https:\/\/szkolasuper.pl\/?post_type=product&#038;p=475"},"modified":"2026-02-03T14:30:27","modified_gmt":"2026-02-03T14:30:27","slug":"kurs-indywidualny-ze-slownictwem-medycznym","status":"publish","type":"product","link":"https:\/\/szkolasuper.pl\/uk\/product\/kurs-indywidualny-ze-slownictwem-medycznym\/","title":{"rendered":"\u0406\u043d\u0434\u0438\u0432\u0456\u0434\u0443\u0430\u043b\u044c\u043d\u0438\u0439 \u043a\u0443\u0440\u0441 \u0437 \u043c\u0435\u0434\u0438\u0447\u043d\u043e\u044e \u043b\u0435\u043a\u0441\u0438\u043a\u043e\u044e"},"content":{"rendered":"<p data-start=\"188\" data-end=\"434\">\u0406\u043d\u0434\u0438\u0432\u0456\u0434\u0443\u0430\u043b\u044c\u043d\u0435 \u0437\u0430\u043d\u044f\u0442\u0442\u044f \u0430\u043d\u0433\u043b\u0456\u0439\u0441\u044c\u043a\u043e\u044e \u0430\u0431\u043e \u043d\u0456\u043c\u0435\u0446\u044c\u043a\u043e\u044e \u043c\u043e\u0432\u043e\u044e \u0434\u043b\u044f \u043b\u0456\u043a\u0430\u0440\u0456\u0432, \u043c\u0435\u0434\u0441\u0435\u0441\u0442\u0435\u0440, \u0444\u0456\u0437\u0456\u043e\u0442\u0435\u0440\u0430\u043f\u0435\u0432\u0442\u0456\u0432 \u0442\u0430 \u043f\u0441\u0438\u0445\u043e\u043b\u043e\u0433\u0456\u0432.<\/p>\n<p data-start=\"436\" data-end=\"667\"><strong data-start=\"436\" data-end=\"460\">\u041d\u0430 \u043a\u0443\u0440\u0441\u0456 \u0432\u0438 \u0434\u0456\u0437\u043d\u0430\u0454\u0442\u0435\u0441\u044c:<\/strong><br data-start=\"460\" data-end=\"463\" \/>60-\u0445\u0432\u0438\u043b\u0438\u043d\u043d\u0456 \u043e\u043d\u043b\u0430\u0439\u043d-\u0437\u0430\u043d\u044f\u0442\u0442\u044f \u0437 \u0432\u0438\u043a\u043b\u0430\u0434\u0430\u0447\u0435\u043c<br data-start=\"494\" data-end=\"497\" \/>\u2705 \u0420\u0435\u0441\u0443\u0440\u0441\u0438 \u0442\u0430 \u043f\u0440\u0430\u043a\u0442\u0438\u0447\u043d\u0456 \u0432\u043f\u0440\u0430\u0432\u0438 \u0437 \u043c\u0435\u0434\u0438\u0447\u043d\u043e\u044e \u043b\u0435\u043a\u0441\u0438\u043a\u043e\u044e<br data-start=\"553\" data-end=\"556\" \/>\u2705 <span class=\"a_GcMg font-feature-liga-off font-feature-clig-off font-feature-calt-off text-decoration-none text-strikethrough-none\">\u0420\u0435\u0430\u043b\u0456\u0441\u0442\u0438\u0447\u043d\u0456 \u043c\u043e\u0434\u0435\u043b\u0456 \u0441\u043f\u0456\u043b\u043a\u0443\u0432\u0430\u043d\u043d\u044f<\/span><br data-start=\"593\" data-end=\"596\" \/>\u2705 \u0420\u043e\u0437\u043a\u043b\u0430\u0434 \u0437\u0430\u043d\u044f\u0442\u044c \u0430\u0434\u0430\u043f\u0442\u043e\u0432\u0430\u043d\u0438\u0439 \u0434\u043e \u043f\u043e\u0442\u0440\u0435\u0431<\/p>\n<p data-start=\"669\" data-end=\"798\">\u0406\u043d\u0432\u0435\u0441\u0442\u0443\u0439\u0442\u0435 \u0443 \u0441\u0432\u043e\u044e \u043a\u043e\u043c\u043f\u0435\u0442\u0435\u043d\u0442\u043d\u0456\u0441\u0442\u044c \u0442\u0430 \u043f\u0440\u043e\u0444\u0435\u0441\u0456\u0439\u043d\u0438\u0439 \u0440\u043e\u0437\u0432\u0438\u0442\u043e\u043a - \u043f\u0456\u0434\u0432\u0438\u0449\u0443\u0439\u0442\u0435 \u0432\u043f\u0435\u0432\u043d\u0435\u043d\u0456\u0441\u0442\u044c \u0443 \u0441\u043f\u0456\u043b\u043a\u0443\u0432\u0430\u043d\u043d\u0456 \u0437 \u043f\u0430\u0446\u0456\u0454\u043d\u0442\u0430\u043c\u0438 \u0442\u0430 \u043c\u0435\u0434\u0438\u0447\u043d\u0438\u043c \u043f\u0435\u0440\u0441\u043e\u043d\u0430\u043b\u043e\u043c.<\/p>","protected":false},"excerpt":{"rendered":"<p>Lekcja indywidualna j\u0119zyka angielskiego lub niemieckiego dla lekarzy, piel\u0119gniarek, fizjoterapeut\u00f3w i psycholog\u00f3w. W kursie znajdziesz:\u2705 60- minutowe zaj\u0119cia online z nauczycielem\u2705 Materia\u0142y i praktyczne \u0107wiczenia ze s\u0142ownictwem medycznym\u2705 Realne schematy komunikacyjne\u2705 Terminy lekcji dostosowane do potrzeb Zainwestuj w swoje kompetencje i rozw\u00f3j zawodowy \u2013 podnie\u015b pewno\u015b\u0107 siebie w kontaktach z pacjentami i personelem medycznym.<\/p>","protected":false},"featured_media":476,"template":"","meta":{"site-sidebar-layout":"default","site-content-layout":"","ast-site-content-layout":"default","site-content-style":"default","site-sidebar-style":"default","ast-global-header-display":"","ast-banner-title-visibility":"","ast-main-header-display":"","ast-hfb-above-header-display":"","ast-hfb-below-header-display":"","ast-hfb-mobile-header-display":"","site-post-title":"","ast-breadcrumbs-content":"","ast-featured-img":"","footer-sml-layout":"","ast-disable-related-posts":"","theme-transparent-header-meta":"default","adv-header-id-meta":"","stick-header-meta":"","header-above-stick-meta":"","header-main-stick-meta":"","header-below-stick-meta":"","astra-migrate-meta-layouts":"set","ast-page-background-enabled":"default","ast-page-background-meta":{"desktop":{"background-color":"","background-image":"","background-repeat":"repeat","background-position":"center center","background-size":"auto","background-attachment":"scroll","background-type":"","background-media":"","overlay-type":"","overlay-color":"","overlay-opacity":"","overlay-gradient":""},"tablet":{"background-color":"","background-image":"","background-repeat":"repeat","background-position":"center center","background-size":"auto","background-attachment":"scroll","background-type":"","background-media":"","overlay-type":"","overlay-color":"","overlay-opacity":"","overlay-gradient":""},"mobile":{"background-color":"","background-image":"","background-repeat":"repeat","background-position":"center center","background-size":"auto","background-attachment":"scroll","background-type":"","background-media":"","overlay-type":"","overlay-color":"","overlay-opacity":"","overlay-gradient":""}},"ast-content-background-meta":{"desktop":{"background-color":"var(--ast-global-color-5)","background-image":"","background-repeat":"repeat","background-position":"center center","background-size":"auto","background-attachment":"scroll","background-type":"","background-media":"","overlay-type":"","overlay-color":"","overlay-opacity":"","overlay-gradient":""},"tablet":{"background-color":"var(--ast-global-color-5)","background-image":"","background-repeat":"repeat","background-position":"center center","background-size":"auto","background-attachment":"scroll","background-type":"","background-media":"","overlay-type":"","overlay-color":"","overlay-opacity":"","overlay-gradient":""},"mobile":{"background-color":"var(--ast-global-color-5)","background-image":"","background-repeat":"repeat","background-position":"center center","background-size":"auto","background-attachment":"scroll","background-type":"","background-media":"","overlay-type":"","overlay-color":"","overlay-opacity":"","overlay-gradient":""}}},"product_brand":[],"product_cat":[21],"product_tag":[],"class_list":{"0":"post-475","1":"product","2":"type-product","3":"status-publish","4":"has-post-thumbnail","6":"product_cat-lekcje-online","7":"desktop-align-left","8":"tablet-align-left","9":"mobile-align-left","10":"ast-product-gallery-layout-horizontal-slider","11":"ast-product-gallery-with-no-image","12":"ast-product-tabs-layout-horizontal","14":"first","15":"instock","16":"virtual","17":"purchasable","18":"product-type-simple"},"yoast_head":"<!-- This site is optimized with the Yoast SEO plugin v26.5 - https:\/\/yoast.com\/wordpress\/plugins\/seo\/ -->\n<title>Kurs indywidualny ze s\u0142ownictwem medycznym - SUPER<\/title>\n<meta name=\"description\" content=\"Kurs j\u0119zyka angielskiego i niemieckiego ze s\u0142ownictwem medycznym. Lekcje j\u0119zyka angielskiego i niemieckiego dla lekarzy, piel\u0119gniarek, fizjoterapeut\u00f3w i psycholog\u00f3w.\" \/>\n<meta name=\"robots\" content=\"index, follow, max-snippet:-1, max-image-preview:large, max-video-preview:-1\" \/>\n<link rel=\"canonical\" href=\"https:\/\/szkolasuper.pl\/uk\/product\/kurs-indywidualny-ze-slownictwem-medycznym\/\" \/>\n<meta property=\"og:locale\" content=\"uk_UA\" \/>\n<meta property=\"og:type\" content=\"article\" \/>\n<meta property=\"og:title\" content=\"Kurs indywidualny ze s\u0142ownictwem medycznym - SUPER\" \/>\n<meta property=\"og:description\" content=\"Kurs j\u0119zyka angielskiego i niemieckiego ze s\u0142ownictwem medycznym. Lekcje j\u0119zyka angielskiego i niemieckiego dla lekarzy, piel\u0119gniarek, fizjoterapeut\u00f3w i psycholog\u00f3w.\" \/>\n<meta property=\"og:url\" content=\"https:\/\/szkolasuper.pl\/uk\/product\/kurs-indywidualny-ze-slownictwem-medycznym\/\" \/>\n<meta property=\"og:site_name\" content=\"SUPER\" \/>\n<meta property=\"article:modified_time\" content=\"2026-02-03T14:30:27+00:00\" \/>\n<meta property=\"og:image\" content=\"https:\/\/szkolasuper.pl\/wp-content\/uploads\/2026\/02\/Blado-Turkusowe-Minimalistyczne-Kawiarnia-Logo-9.png\" \/>\n\t<meta property=\"og:image:width\" content=\"500\" \/>\n\t<meta property=\"og:image:height\" content=\"500\" \/>\n\t<meta property=\"og:image:type\" content=\"image\/png\" \/>\n<script type=\"application\/ld+json\" class=\"yoast-schema-graph\">{\"@context\":\"https:\/\/schema.org\",\"@graph\":[{\"@type\":\"WebPage\",\"@id\":\"https:\/\/szkolasuper.pl\/produkt\/kurs-indywidualny-ze-slownictwem-medycznym\/\",\"url\":\"https:\/\/szkolasuper.pl\/produkt\/kurs-indywidualny-ze-slownictwem-medycznym\/\",\"name\":\"Kurs indywidualny ze s\u0142ownictwem medycznym - SUPER\",\"isPartOf\":{\"@id\":\"https:\/\/szkolasuper.pl\/#website\"},\"primaryImageOfPage\":{\"@id\":\"https:\/\/szkolasuper.pl\/produkt\/kurs-indywidualny-ze-slownictwem-medycznym\/#primaryimage\"},\"image\":{\"@id\":\"https:\/\/szkolasuper.pl\/produkt\/kurs-indywidualny-ze-slownictwem-medycznym\/#primaryimage\"},\"thumbnailUrl\":\"https:\/\/szkolasuper.pl\/wp-content\/uploads\/2026\/02\/Blado-Turkusowe-Minimalistyczne-Kawiarnia-Logo-9.png\",\"datePublished\":\"2026-02-03T14:29:58+00:00\",\"dateModified\":\"2026-02-03T14:30:27+00:00\",\"description\":\"Kurs j\u0119zyka angielskiego i niemieckiego ze s\u0142ownictwem medycznym. Lekcje j\u0119zyka angielskiego i niemieckiego dla lekarzy, piel\u0119gniarek, fizjoterapeut\u00f3w i psycholog\u00f3w.\",\"breadcrumb\":{\"@id\":\"https:\/\/szkolasuper.pl\/produkt\/kurs-indywidualny-ze-slownictwem-medycznym\/#breadcrumb\"},\"inLanguage\":\"uk\",\"potentialAction\":[{\"@type\":\"ReadAction\",\"target\":[\"https:\/\/szkolasuper.pl\/produkt\/kurs-indywidualny-ze-slownictwem-medycznym\/\"]}]},{\"@type\":\"ImageObject\",\"inLanguage\":\"uk\",\"@id\":\"https:\/\/szkolasuper.pl\/produkt\/kurs-indywidualny-ze-slownictwem-medycznym\/#primaryimage\",\"url\":\"https:\/\/szkolasuper.pl\/wp-content\/uploads\/2026\/02\/Blado-Turkusowe-Minimalistyczne-Kawiarnia-Logo-9.png\",\"contentUrl\":\"https:\/\/szkolasuper.pl\/wp-content\/uploads\/2026\/02\/Blado-Turkusowe-Minimalistyczne-Kawiarnia-Logo-9.png\",\"width\":500,\"height\":500},{\"@type\":\"BreadcrumbList\",\"@id\":\"https:\/\/szkolasuper.pl\/produkt\/kurs-indywidualny-ze-slownictwem-medycznym\/#breadcrumb\",\"itemListElement\":[{\"@type\":\"ListItem\",\"position\":1,\"name\":\"Strona g\u0142\u00f3wna\",\"item\":\"https:\/\/szkolasuper.pl\/\"},{\"@type\":\"ListItem\",\"position\":2,\"name\":\"Sklep\",\"item\":\"https:\/\/szkolasuper.pl\/sklep\/\"},{\"@type\":\"ListItem\",\"position\":3,\"name\":\"Kurs indywidualny ze s\u0142ownictwem medycznym\"}]},{\"@type\":\"WebSite\",\"@id\":\"https:\/\/szkolasuper.pl\/#website\",\"url\":\"https:\/\/szkolasuper.pl\/\",\"name\":\"SUPER\",\"description\":\"Szko\u0142a J\u0119zykowa\",\"publisher\":{\"@id\":\"https:\/\/szkolasuper.pl\/#organization\"},\"potentialAction\":[{\"@type\":\"SearchAction\",\"target\":{\"@type\":\"EntryPoint\",\"urlTemplate\":\"https:\/\/szkolasuper.pl\/?s={search_term_string}\"},\"query-input\":{\"@type\":\"PropertyValueSpecification\",\"valueRequired\":true,\"valueName\":\"search_term_string\"}}],\"inLanguage\":\"uk\"},{\"@type\":\"Organization\",\"@id\":\"https:\/\/szkolasuper.pl\/#organization\",\"name\":\"SUPER\",\"url\":\"https:\/\/szkolasuper.pl\/\",\"logo\":{\"@type\":\"ImageObject\",\"inLanguage\":\"uk\",\"@id\":\"https:\/\/szkolasuper.pl\/#\/schema\/logo\/image\/\",\"url\":\"https:\/\/szkolasuper.pl\/wp-content\/uploads\/2025\/07\/logo_super_pelna_bialy-scaled.png\",\"contentUrl\":\"https:\/\/szkolasuper.pl\/wp-content\/uploads\/2025\/07\/logo_super_pelna_bialy-scaled.png\",\"width\":2560,\"height\":706,\"caption\":\"SUPER\"},\"image\":{\"@id\":\"https:\/\/szkolasuper.pl\/#\/schema\/logo\/image\/\"}}]}<\/script>\n<!-- \/ Yoast SEO plugin. -->","yoast_head_json":{"title":"Kurs indywidualny ze s\u0142ownictwem medycznym - SUPER","description":"Kurs j\u0119zyka angielskiego i niemieckiego ze s\u0142ownictwem medycznym. Lekcje j\u0119zyka angielskiego i niemieckiego dla lekarzy, piel\u0119gniarek, fizjoterapeut\u00f3w i psycholog\u00f3w.","robots":{"index":"index","follow":"follow","max-snippet":"max-snippet:-1","max-image-preview":"max-image-preview:large","max-video-preview":"max-video-preview:-1"},"canonical":"https:\/\/szkolasuper.pl\/uk\/product\/kurs-indywidualny-ze-slownictwem-medycznym\/","og_locale":"uk_UA","og_type":"article","og_title":"Kurs indywidualny ze s\u0142ownictwem medycznym - SUPER","og_description":"Kurs j\u0119zyka angielskiego i niemieckiego ze s\u0142ownictwem medycznym. Lekcje j\u0119zyka angielskiego i niemieckiego dla lekarzy, piel\u0119gniarek, fizjoterapeut\u00f3w i psycholog\u00f3w.","og_url":"https:\/\/szkolasuper.pl\/uk\/product\/kurs-indywidualny-ze-slownictwem-medycznym\/","og_site_name":"SUPER","article_modified_time":"2026-02-03T14:30:27+00:00","og_image":[{"width":500,"height":500,"url":"https:\/\/szkolasuper.pl\/wp-content\/uploads\/2026\/02\/Blado-Turkusowe-Minimalistyczne-Kawiarnia-Logo-9.png","type":"image\/png"}],"schema":{"@context":"https:\/\/schema.org","@graph":[{"@type":"WebPage","@id":"https:\/\/szkolasuper.pl\/produkt\/kurs-indywidualny-ze-slownictwem-medycznym\/","url":"https:\/\/szkolasuper.pl\/produkt\/kurs-indywidualny-ze-slownictwem-medycznym\/","name":"Kurs indywidualny ze s\u0142ownictwem medycznym - SUPER","isPartOf":{"@id":"https:\/\/szkolasuper.pl\/#website"},"primaryImageOfPage":{"@id":"https:\/\/szkolasuper.pl\/produkt\/kurs-indywidualny-ze-slownictwem-medycznym\/#primaryimage"},"image":{"@id":"https:\/\/szkolasuper.pl\/produkt\/kurs-indywidualny-ze-slownictwem-medycznym\/#primaryimage"},"thumbnailUrl":"https:\/\/szkolasuper.pl\/wp-content\/uploads\/2026\/02\/Blado-Turkusowe-Minimalistyczne-Kawiarnia-Logo-9.png","datePublished":"2026-02-03T14:29:58+00:00","dateModified":"2026-02-03T14:30:27+00:00","description":"Kurs j\u0119zyka angielskiego i niemieckiego ze s\u0142ownictwem medycznym. Lekcje j\u0119zyka angielskiego i niemieckiego dla lekarzy, piel\u0119gniarek, fizjoterapeut\u00f3w i psycholog\u00f3w.","breadcrumb":{"@id":"https:\/\/szkolasuper.pl\/produkt\/kurs-indywidualny-ze-slownictwem-medycznym\/#breadcrumb"},"inLanguage":"uk","potentialAction":[{"@type":"ReadAction","target":["https:\/\/szkolasuper.pl\/produkt\/kurs-indywidualny-ze-slownictwem-medycznym\/"]}]},{"@type":"ImageObject","inLanguage":"uk","@id":"https:\/\/szkolasuper.pl\/produkt\/kurs-indywidualny-ze-slownictwem-medycznym\/#primaryimage","url":"https:\/\/szkolasuper.pl\/wp-content\/uploads\/2026\/02\/Blado-Turkusowe-Minimalistyczne-Kawiarnia-Logo-9.png","contentUrl":"https:\/\/szkolasuper.pl\/wp-content\/uploads\/2026\/02\/Blado-Turkusowe-Minimalistyczne-Kawiarnia-Logo-9.png","width":500,"height":500},{"@type":"BreadcrumbList","@id":"https:\/\/szkolasuper.pl\/produkt\/kurs-indywidualny-ze-slownictwem-medycznym\/#breadcrumb","itemListElement":[{"@type":"ListItem","position":1,"name":"Strona g\u0142\u00f3wna","item":"https:\/\/szkolasuper.pl\/"},{"@type":"ListItem","position":2,"name":"Sklep","item":"https:\/\/szkolasuper.pl\/sklep\/"},{"@type":"ListItem","position":3,"name":"Kurs indywidualny ze s\u0142ownictwem medycznym"}]},{"@type":"WebSite","@id":"https:\/\/szkolasuper.pl\/#website","url":"https:\/\/szkolasuper.pl\/","name":"SUPER","description":"Szko\u0142a J\u0119zykowa","publisher":{"@id":"https:\/\/szkolasuper.pl\/#organization"},"potentialAction":[{"@type":"SearchAction","target":{"@type":"EntryPoint","urlTemplate":"https:\/\/szkolasuper.pl\/?s={search_term_string}"},"query-input":{"@type":"PropertyValueSpecification","valueRequired":true,"valueName":"search_term_string"}}],"inLanguage":"uk"},{"@type":"Organization","@id":"https:\/\/szkolasuper.pl\/#organization","name":"SUPER","url":"https:\/\/szkolasuper.pl\/","logo":{"@type":"ImageObject","inLanguage":"uk","@id":"https:\/\/szkolasuper.pl\/#\/schema\/logo\/image\/","url":"https:\/\/szkolasuper.pl\/wp-content\/uploads\/2025\/07\/logo_super_pelna_bialy-scaled.png","contentUrl":"https:\/\/szkolasuper.pl\/wp-content\/uploads\/2025\/07\/logo_super_pelna_bialy-scaled.png","width":2560,"height":706,"caption":"SUPER"},"image":{"@id":"https:\/\/szkolasuper.pl\/#\/schema\/logo\/image\/"}}]}},"_links":{"self":[{"href":"https:\/\/szkolasuper.pl\/uk\/wp-json\/wp\/v2\/product\/475","targetHints":{"allow":["GET"]}}],"collection":[{"href":"https:\/\/szkolasuper.pl\/uk\/wp-json\/wp\/v2\/product"}],"about":[{"href":"https:\/\/szkolasuper.pl\/uk\/wp-json\/wp\/v2\/types\/product"}],"wp:featuredmedia":[{"embeddable":true,"href":"https:\/\/szkolasuper.pl\/uk\/wp-json\/wp\/v2\/media\/476"}],"wp:attachment":[{"href":"https:\/\/szkolasuper.pl\/uk\/wp-json\/wp\/v2\/media?parent=475"}],"wp:term":[{"taxonomy":"product_brand","embeddable":true,"href":"https:\/\/szkolasuper.pl\/uk\/wp-json\/wp\/v2\/product_brand?post=475"},{"taxonomy":"product_cat","embeddable":true,"href":"https:\/\/szkolasuper.pl\/uk\/wp-json\/wp\/v2\/product_cat?post=475"},{"taxonomy":"product_tag","embeddable":true,"href":"https:\/\/szkolasuper.pl\/uk\/wp-json\/wp\/v2\/product_tag?post=475"}],"curies":[{"name":"wp","href":"https:\/\/api.w.org\/{rel}","templated":true}]}}