{"id":287,"date":"2025-07-28T09:02:48","date_gmt":"2025-07-28T09:02:48","guid":{"rendered":"https:\/\/szkolasuper.pl\/?post_type=product&#038;p=287"},"modified":"2025-07-28T09:02:48","modified_gmt":"2025-07-28T09:02:48","slug":"lekcja-indywidualna-jezyk-hiszpanski","status":"publish","type":"product","link":"https:\/\/szkolasuper.pl\/uk\/product\/lekcja-indywidualna-jezyk-hiszpanski\/","title":{"rendered":"\u0406\u043d\u0434\u0438\u0432\u0456\u0434\u0443\u0430\u043b\u044c\u043d\u0435 \u0437\u0430\u043d\u044f\u0442\u0442\u044f \u0406\u0421\u041f\u0410\u041d\u0421\u042c\u041a\u0410 \u041c\u041e\u0412\u0410"},"content":{"rendered":"<p data-start=\"181\" data-end=\"353\">\u0425\u043e\u0447\u0435\u0442\u0435 \u0432\u0456\u043b\u044c\u043d\u043e \u0440\u043e\u0437\u043c\u043e\u0432\u043b\u044f\u0442\u0438 \u0456\u0441\u043f\u0430\u043d\u0441\u044c\u043a\u043e\u044e?<\/p>\n<p data-start=\"181\" data-end=\"353\">\u041d\u0430\u0448 \u043e\u043d\u043b\u0430\u0439\u043d-\u043a\u0443\u0440\u0441 - \u0456\u0434\u0435\u0430\u043b\u044c\u043d\u0435 \u0440\u0456\u0448\u0435\u043d\u043d\u044f! \u041d\u0430\u0432\u0447\u0430\u0439\u0442\u0435\u0441\u044f \u0437 \u043a\u043e\u043c\u0444\u043e\u0440\u0442\u043e\u043c \u0437 \u0434\u043e\u043c\u0443, \u0443 \u0432\u043b\u0430\u0441\u043d\u043e\u043c\u0443 \u0442\u0435\u043c\u043f\u0456 \u0442\u0430 \u043f\u0456\u0434 \u043a\u0435\u0440\u0456\u0432\u043d\u0438\u0446\u0442\u0432\u043e\u043c \u0434\u043e\u0441\u0432\u0456\u0434\u0447\u0435\u043d\u0438\u0445 \u0432\u0438\u043a\u043b\u0430\u0434\u0430\u0447\u0456\u0432.<\/p>\n<p data-start=\"181\" data-end=\"353\">\u041a\u0443\u0440\u0441 \u0432\u043a\u043b\u044e\u0447\u0430\u0454 \u0432 \u0441\u0435\u0431\u0435<\/p>\n<p data-start=\"355\" data-end=\"543\"><img decoding=\"async\" class=\"emoji\" role=\"img\" draggable=\"false\" src=\"https:\/\/s.w.org\/images\/core\/emoji\/16.0.1\/svg\/2705.svg\" alt=\"\u2705\" \/>\u00a0\u041e\u043d\u043b\u0430\u0439\u043d-\u0437\u0430\u043d\u044f\u0442\u0442\u044f \u0437 \u0432\u0438\u043a\u043b\u0430\u0434\u0430\u0447\u0435\u043c<br data-start=\"383\" data-end=\"386\" \/><img decoding=\"async\" class=\"emoji\" role=\"img\" draggable=\"false\" src=\"https:\/\/s.w.org\/images\/core\/emoji\/16.0.1\/svg\/2705.svg\" alt=\"\u2705\" \/>\u00a0\u0406\u043d\u0442\u0435\u0440\u0430\u043a\u0442\u0438\u0432\u043d\u0456 \u043c\u0430\u0442\u0435\u0440\u0456\u0430\u043b\u0438 \u0442\u0430 \u043f\u0440\u0430\u043a\u0442\u0438\u0447\u043d\u0456 \u0432\u043f\u0440\u0430\u0432\u0438\u00a0<br data-start=\"433\" data-end=\"436\" \/><img decoding=\"async\" class=\"emoji\" role=\"img\" draggable=\"false\" src=\"https:\/\/s.w.org\/images\/core\/emoji\/16.0.1\/svg\/2705.svg\" alt=\"\u2705\" \/>\u00a0\u041c\u043e\u0436\u043b\u0438\u0432\u0456\u0441\u0442\u044c \u043d\u0430\u0432\u0447\u0430\u043d\u043d\u044f \u043d\u0430 \u0431\u0443\u0434\u044c-\u044f\u043a\u043e\u043c\u0443 \u0440\u0456\u0432\u043d\u0456<br data-start=\"488\" data-end=\"491\" \/><img decoding=\"async\" class=\"emoji\" role=\"img\" draggable=\"false\" src=\"https:\/\/s.w.org\/images\/core\/emoji\/16.0.1\/svg\/2705.svg\" alt=\"\u2705\" \/>\u00a0\u0413\u043d\u0443\u0447\u043a\u0438\u0439 \u0433\u0440\u0430\u0444\u0456\u043a \u0440\u043e\u0431\u043e\u0442\u0438 \u0442\u0430 \u0434\u043e\u0441\u0442\u0443\u043f \u0437 \u0431\u0443\u0434\u044c-\u044f\u043a\u043e\u0433\u043e \u043f\u0440\u0438\u0441\u0442\u0440\u043e\u044e (\u043a\u043e\u043c\u043f'\u044e\u0442\u0435\u0440, \u043f\u043b\u0430\u043d\u0448\u0435\u0442, \u0441\u043c\u0430\u0440\u0442\u0444\u043e\u043d)<\/p>\n<p data-start=\"355\" data-end=\"543\">\u0406\u043d\u0432\u0435\u0441\u0442\u0443\u0439\u0442\u0435 \u0443 \u0441\u0432\u0456\u0439 \u0440\u043e\u0437\u0432\u0438\u0442\u043e\u043a \u0442\u0430 \u043c\u0430\u0439\u0431\u0443\u0442\u043d\u0454!<\/p>","protected":false},"excerpt":{"rendered":"<p>Chcesz swobodnie m\u00f3wi\u0107 po hiszpa\u0144sku? Nasz kurs online to idealne rozwi\u0105zanie! Ucz si\u0119 wygodnie z domu, we w\u0142asnym tempie i pod opiek\u0105 do\u015bwiadczonych nauczycieli. Kurs zawiera: \u00a0Zaj\u0119cia online z nauczycielem\u00a0Materia\u0142y interaktywne i praktyczne \u0107wiczenia\u00a0\u00a0Mo\u017cliwo\u015b\u0107 nauki na ka\u017cdym poziomie\u00a0Elastyczne godziny i dost\u0119p z ka\u017cdego urz\u0105dzenia (komputera, tabletu, smartfona) Zainwestuj w sw\u00f3j rozw\u00f3j i przysz\u0142o\u015b\u0107!<\/p>","protected":false},"featured_media":288,"template":"","meta":{"site-sidebar-layout":"default","site-content-layout":"","ast-site-content-layout":"default","site-content-style":"default","site-sidebar-style":"default","ast-global-header-display":"","ast-banner-title-visibility":"","ast-main-header-display":"","ast-hfb-above-header-display":"","ast-hfb-below-header-display":"","ast-hfb-mobile-header-display":"","site-post-title":"","ast-breadcrumbs-content":"","ast-featured-img":"","footer-sml-layout":"","ast-disable-related-posts":"","theme-transparent-header-meta":"default","adv-header-id-meta":"","stick-header-meta":"","header-above-stick-meta":"","header-main-stick-meta":"","header-below-stick-meta":"","astra-migrate-meta-layouts":"set","ast-page-background-enabled":"default","ast-page-background-meta":{"desktop":{"background-color":"","background-image":"","background-repeat":"repeat","background-position":"center center","background-size":"auto","background-attachment":"scroll","background-type":"","background-media":"","overlay-type":"","overlay-color":"","overlay-opacity":"","overlay-gradient":""},"tablet":{"background-color":"","background-image":"","background-repeat":"repeat","background-position":"center center","background-size":"auto","background-attachment":"scroll","background-type":"","background-media":"","overlay-type":"","overlay-color":"","overlay-opacity":"","overlay-gradient":""},"mobile":{"background-color":"","background-image":"","background-repeat":"repeat","background-position":"center center","background-size":"auto","background-attachment":"scroll","background-type":"","background-media":"","overlay-type":"","overlay-color":"","overlay-opacity":"","overlay-gradient":""}},"ast-content-background-meta":{"desktop":{"background-color":"var(--ast-global-color-5)","background-image":"","background-repeat":"repeat","background-position":"center center","background-size":"auto","background-attachment":"scroll","background-type":"","background-media":"","overlay-type":"","overlay-color":"","overlay-opacity":"","overlay-gradient":""},"tablet":{"background-color":"var(--ast-global-color-5)","background-image":"","background-repeat":"repeat","background-position":"center center","background-size":"auto","background-attachment":"scroll","background-type":"","background-media":"","overlay-type":"","overlay-color":"","overlay-opacity":"","overlay-gradient":""},"mobile":{"background-color":"var(--ast-global-color-5)","background-image":"","background-repeat":"repeat","background-position":"center center","background-size":"auto","background-attachment":"scroll","background-type":"","background-media":"","overlay-type":"","overlay-color":"","overlay-opacity":"","overlay-gradient":""}}},"product_brand":[],"product_cat":[21],"product_tag":[],"class_list":{"0":"post-287","1":"product","2":"type-product","3":"status-publish","4":"has-post-thumbnail","6":"product_cat-lekcje-online","7":"desktop-align-left","8":"tablet-align-left","9":"mobile-align-left","10":"ast-product-gallery-layout-horizontal-slider","11":"ast-product-gallery-with-no-image","12":"ast-product-tabs-layout-horizontal","14":"first","15":"instock","16":"virtual","17":"purchasable","18":"product-type-simple"},"yoast_head":"<!-- This site is optimized with the Yoast SEO plugin v26.5 - https:\/\/yoast.com\/wordpress\/plugins\/seo\/ -->\n<title>Lekcja indywidualna J\u0118ZYK HISZPA\u0143SKI - SUPER<\/title>\n<meta name=\"robots\" content=\"index, follow, max-snippet:-1, max-image-preview:large, max-video-preview:-1\" \/>\n<link rel=\"canonical\" href=\"https:\/\/szkolasuper.pl\/uk\/product\/lekcja-indywidualna-jezyk-hiszpanski\/\" \/>\n<meta property=\"og:locale\" content=\"uk_UA\" \/>\n<meta property=\"og:type\" content=\"article\" \/>\n<meta property=\"og:title\" content=\"Lekcja indywidualna J\u0118ZYK HISZPA\u0143SKI - SUPER\" \/>\n<meta property=\"og:description\" content=\"Chcesz swobodnie m\u00f3wi\u0107 po hiszpa\u0144sku? Nasz kurs online to idealne rozwi\u0105zanie! Ucz si\u0119 wygodnie z domu, we w\u0142asnym tempie i pod opiek\u0105 do\u015bwiadczonych nauczycieli. Kurs zawiera: \u00a0Zaj\u0119cia online z nauczycielem\u00a0Materia\u0142y interaktywne i praktyczne \u0107wiczenia\u00a0\u00a0Mo\u017cliwo\u015b\u0107 nauki na ka\u017cdym poziomie\u00a0Elastyczne godziny i dost\u0119p z ka\u017cdego urz\u0105dzenia (komputera, tabletu, smartfona) Zainwestuj w sw\u00f3j rozw\u00f3j i przysz\u0142o\u015b\u0107!\" \/>\n<meta property=\"og:url\" content=\"https:\/\/szkolasuper.pl\/uk\/product\/lekcja-indywidualna-jezyk-hiszpanski\/\" \/>\n<meta property=\"og:site_name\" content=\"SUPER\" \/>\n<meta property=\"og:image\" content=\"https:\/\/szkolasuper.pl\/wp-content\/uploads\/2025\/07\/Blado-Turkusowe-Minimalistyczne-Kawiarnia-Logo-7.png\" \/>\n\t<meta property=\"og:image:width\" content=\"500\" \/>\n\t<meta property=\"og:image:height\" content=\"500\" \/>\n\t<meta property=\"og:image:type\" content=\"image\/png\" \/>\n<script type=\"application\/ld+json\" class=\"yoast-schema-graph\">{\"@context\":\"https:\/\/schema.org\",\"@graph\":[{\"@type\":\"WebPage\",\"@id\":\"https:\/\/szkolasuper.pl\/produkt\/lekcja-indywidualna-jezyk-hiszpanski\/\",\"url\":\"https:\/\/szkolasuper.pl\/produkt\/lekcja-indywidualna-jezyk-hiszpanski\/\",\"name\":\"Lekcja indywidualna J\u0118ZYK HISZPA\u0143SKI - SUPER\",\"isPartOf\":{\"@id\":\"https:\/\/szkolasuper.pl\/#website\"},\"primaryImageOfPage\":{\"@id\":\"https:\/\/szkolasuper.pl\/produkt\/lekcja-indywidualna-jezyk-hiszpanski\/#primaryimage\"},\"image\":{\"@id\":\"https:\/\/szkolasuper.pl\/produkt\/lekcja-indywidualna-jezyk-hiszpanski\/#primaryimage\"},\"thumbnailUrl\":\"https:\/\/szkolasuper.pl\/wp-content\/uploads\/2025\/07\/Blado-Turkusowe-Minimalistyczne-Kawiarnia-Logo-7.png\",\"datePublished\":\"2025-07-28T09:02:48+00:00\",\"breadcrumb\":{\"@id\":\"https:\/\/szkolasuper.pl\/produkt\/lekcja-indywidualna-jezyk-hiszpanski\/#breadcrumb\"},\"inLanguage\":\"uk\",\"potentialAction\":[{\"@type\":\"ReadAction\",\"target\":[\"https:\/\/szkolasuper.pl\/produkt\/lekcja-indywidualna-jezyk-hiszpanski\/\"]}]},{\"@type\":\"ImageObject\",\"inLanguage\":\"uk\",\"@id\":\"https:\/\/szkolasuper.pl\/produkt\/lekcja-indywidualna-jezyk-hiszpanski\/#primaryimage\",\"url\":\"https:\/\/szkolasuper.pl\/wp-content\/uploads\/2025\/07\/Blado-Turkusowe-Minimalistyczne-Kawiarnia-Logo-7.png\",\"contentUrl\":\"https:\/\/szkolasuper.pl\/wp-content\/uploads\/2025\/07\/Blado-Turkusowe-Minimalistyczne-Kawiarnia-Logo-7.png\",\"width\":500,\"height\":500},{\"@type\":\"BreadcrumbList\",\"@id\":\"https:\/\/szkolasuper.pl\/produkt\/lekcja-indywidualna-jezyk-hiszpanski\/#breadcrumb\",\"itemListElement\":[{\"@type\":\"ListItem\",\"position\":1,\"name\":\"Strona g\u0142\u00f3wna\",\"item\":\"https:\/\/szkolasuper.pl\/\"},{\"@type\":\"ListItem\",\"position\":2,\"name\":\"Sklep\",\"item\":\"https:\/\/szkolasuper.pl\/sklep\/\"},{\"@type\":\"ListItem\",\"position\":3,\"name\":\"Lekcja indywidualna J\u0118ZYK HISZPA\u0143SKI\"}]},{\"@type\":\"WebSite\",\"@id\":\"https:\/\/szkolasuper.pl\/#website\",\"url\":\"https:\/\/szkolasuper.pl\/\",\"name\":\"SUPER\",\"description\":\"Szko\u0142a J\u0119zykowa\",\"publisher\":{\"@id\":\"https:\/\/szkolasuper.pl\/#organization\"},\"potentialAction\":[{\"@type\":\"SearchAction\",\"target\":{\"@type\":\"EntryPoint\",\"urlTemplate\":\"https:\/\/szkolasuper.pl\/?s={search_term_string}\"},\"query-input\":{\"@type\":\"PropertyValueSpecification\",\"valueRequired\":true,\"valueName\":\"search_term_string\"}}],\"inLanguage\":\"uk\"},{\"@type\":\"Organization\",\"@id\":\"https:\/\/szkolasuper.pl\/#organization\",\"name\":\"SUPER\",\"url\":\"https:\/\/szkolasuper.pl\/\",\"logo\":{\"@type\":\"ImageObject\",\"inLanguage\":\"uk\",\"@id\":\"https:\/\/szkolasuper.pl\/#\/schema\/logo\/image\/\",\"url\":\"https:\/\/szkolasuper.pl\/wp-content\/uploads\/2025\/07\/logo_super_pelna_bialy-scaled.png\",\"contentUrl\":\"https:\/\/szkolasuper.pl\/wp-content\/uploads\/2025\/07\/logo_super_pelna_bialy-scaled.png\",\"width\":2560,\"height\":706,\"caption\":\"SUPER\"},\"image\":{\"@id\":\"https:\/\/szkolasuper.pl\/#\/schema\/logo\/image\/\"}}]}<\/script>\n<!-- \/ Yoast SEO plugin. -->","yoast_head_json":{"title":"Lekcja indywidualna J\u0118ZYK HISZPA\u0143SKI - SUPER","robots":{"index":"index","follow":"follow","max-snippet":"max-snippet:-1","max-image-preview":"max-image-preview:large","max-video-preview":"max-video-preview:-1"},"canonical":"https:\/\/szkolasuper.pl\/uk\/product\/lekcja-indywidualna-jezyk-hiszpanski\/","og_locale":"uk_UA","og_type":"article","og_title":"Lekcja indywidualna J\u0118ZYK HISZPA\u0143SKI - SUPER","og_description":"Chcesz swobodnie m\u00f3wi\u0107 po hiszpa\u0144sku? Nasz kurs online to idealne rozwi\u0105zanie! Ucz si\u0119 wygodnie z domu, we w\u0142asnym tempie i pod opiek\u0105 do\u015bwiadczonych nauczycieli. Kurs zawiera: \u00a0Zaj\u0119cia online z nauczycielem\u00a0Materia\u0142y interaktywne i praktyczne \u0107wiczenia\u00a0\u00a0Mo\u017cliwo\u015b\u0107 nauki na ka\u017cdym poziomie\u00a0Elastyczne godziny i dost\u0119p z ka\u017cdego urz\u0105dzenia (komputera, tabletu, smartfona) Zainwestuj w sw\u00f3j rozw\u00f3j i przysz\u0142o\u015b\u0107!","og_url":"https:\/\/szkolasuper.pl\/uk\/product\/lekcja-indywidualna-jezyk-hiszpanski\/","og_site_name":"SUPER","og_image":[{"width":500,"height":500,"url":"https:\/\/szkolasuper.pl\/wp-content\/uploads\/2025\/07\/Blado-Turkusowe-Minimalistyczne-Kawiarnia-Logo-7.png","type":"image\/png"}],"schema":{"@context":"https:\/\/schema.org","@graph":[{"@type":"WebPage","@id":"https:\/\/szkolasuper.pl\/produkt\/lekcja-indywidualna-jezyk-hiszpanski\/","url":"https:\/\/szkolasuper.pl\/produkt\/lekcja-indywidualna-jezyk-hiszpanski\/","name":"Lekcja indywidualna J\u0118ZYK HISZPA\u0143SKI - SUPER","isPartOf":{"@id":"https:\/\/szkolasuper.pl\/#website"},"primaryImageOfPage":{"@id":"https:\/\/szkolasuper.pl\/produkt\/lekcja-indywidualna-jezyk-hiszpanski\/#primaryimage"},"image":{"@id":"https:\/\/szkolasuper.pl\/produkt\/lekcja-indywidualna-jezyk-hiszpanski\/#primaryimage"},"thumbnailUrl":"https:\/\/szkolasuper.pl\/wp-content\/uploads\/2025\/07\/Blado-Turkusowe-Minimalistyczne-Kawiarnia-Logo-7.png","datePublished":"2025-07-28T09:02:48+00:00","breadcrumb":{"@id":"https:\/\/szkolasuper.pl\/produkt\/lekcja-indywidualna-jezyk-hiszpanski\/#breadcrumb"},"inLanguage":"uk","potentialAction":[{"@type":"ReadAction","target":["https:\/\/szkolasuper.pl\/produkt\/lekcja-indywidualna-jezyk-hiszpanski\/"]}]},{"@type":"ImageObject","inLanguage":"uk","@id":"https:\/\/szkolasuper.pl\/produkt\/lekcja-indywidualna-jezyk-hiszpanski\/#primaryimage","url":"https:\/\/szkolasuper.pl\/wp-content\/uploads\/2025\/07\/Blado-Turkusowe-Minimalistyczne-Kawiarnia-Logo-7.png","contentUrl":"https:\/\/szkolasuper.pl\/wp-content\/uploads\/2025\/07\/Blado-Turkusowe-Minimalistyczne-Kawiarnia-Logo-7.png","width":500,"height":500},{"@type":"BreadcrumbList","@id":"https:\/\/szkolasuper.pl\/produkt\/lekcja-indywidualna-jezyk-hiszpanski\/#breadcrumb","itemListElement":[{"@type":"ListItem","position":1,"name":"Strona g\u0142\u00f3wna","item":"https:\/\/szkolasuper.pl\/"},{"@type":"ListItem","position":2,"name":"Sklep","item":"https:\/\/szkolasuper.pl\/sklep\/"},{"@type":"ListItem","position":3,"name":"Lekcja indywidualna J\u0118ZYK HISZPA\u0143SKI"}]},{"@type":"WebSite","@id":"https:\/\/szkolasuper.pl\/#website","url":"https:\/\/szkolasuper.pl\/","name":"SUPER","description":"Szko\u0142a J\u0119zykowa","publisher":{"@id":"https:\/\/szkolasuper.pl\/#organization"},"potentialAction":[{"@type":"SearchAction","target":{"@type":"EntryPoint","urlTemplate":"https:\/\/szkolasuper.pl\/?s={search_term_string}"},"query-input":{"@type":"PropertyValueSpecification","valueRequired":true,"valueName":"search_term_string"}}],"inLanguage":"uk"},{"@type":"Organization","@id":"https:\/\/szkolasuper.pl\/#organization","name":"SUPER","url":"https:\/\/szkolasuper.pl\/","logo":{"@type":"ImageObject","inLanguage":"uk","@id":"https:\/\/szkolasuper.pl\/#\/schema\/logo\/image\/","url":"https:\/\/szkolasuper.pl\/wp-content\/uploads\/2025\/07\/logo_super_pelna_bialy-scaled.png","contentUrl":"https:\/\/szkolasuper.pl\/wp-content\/uploads\/2025\/07\/logo_super_pelna_bialy-scaled.png","width":2560,"height":706,"caption":"SUPER"},"image":{"@id":"https:\/\/szkolasuper.pl\/#\/schema\/logo\/image\/"}}]}},"_links":{"self":[{"href":"https:\/\/szkolasuper.pl\/uk\/wp-json\/wp\/v2\/product\/287","targetHints":{"allow":["GET"]}}],"collection":[{"href":"https:\/\/szkolasuper.pl\/uk\/wp-json\/wp\/v2\/product"}],"about":[{"href":"https:\/\/szkolasuper.pl\/uk\/wp-json\/wp\/v2\/types\/product"}],"wp:featuredmedia":[{"embeddable":true,"href":"https:\/\/szkolasuper.pl\/uk\/wp-json\/wp\/v2\/media\/288"}],"wp:attachment":[{"href":"https:\/\/szkolasuper.pl\/uk\/wp-json\/wp\/v2\/media?parent=287"}],"wp:term":[{"taxonomy":"product_brand","embeddable":true,"href":"https:\/\/szkolasuper.pl\/uk\/wp-json\/wp\/v2\/product_brand?post=287"},{"taxonomy":"product_cat","embeddable":true,"href":"https:\/\/szkolasuper.pl\/uk\/wp-json\/wp\/v2\/product_cat?post=287"},{"taxonomy":"product_tag","embeddable":true,"href":"https:\/\/szkolasuper.pl\/uk\/wp-json\/wp\/v2\/product_tag?post=287"}],"curies":[{"name":"wp","href":"https:\/\/api.w.org\/{rel}","templated":true}]}}