{"id":289,"date":"2025-07-28T09:07:03","date_gmt":"2025-07-28T09:07:03","guid":{"rendered":"https:\/\/szkolasuper.pl\/?post_type=product&#038;p=289"},"modified":"2025-07-28T09:07:04","modified_gmt":"2025-07-28T09:07:04","slug":"lekcja-indywidualna-jezyk-wloski","status":"publish","type":"product","link":"https:\/\/szkolasuper.pl\/fr\/produit\/lekcja-indywidualna-jezyk-wloski\/","title":{"rendered":"Le\u00e7on individuelle LANGUE ITALIENNE"},"content":{"rendered":"<p data-start=\"181\" data-end=\"353\">Voulez-vous parler librement l'italien ?<\/p>\n<p data-start=\"181\" data-end=\"353\">Notre cours en ligne est la solution id\u00e9ale ! \u00c9tudiez confortablement depuis chez vous, \u00e0 votre rythme et sous la direction de professeurs exp\u00e9riment\u00e9s.<\/p>\n<p data-start=\"181\" data-end=\"353\">Le cours comprend<\/p>\n<p data-start=\"355\" data-end=\"543\"><img decoding=\"async\" class=\"emoji\" role=\"img\" draggable=\"false\" src=\"https:\/\/s.w.org\/images\/core\/emoji\/16.0.1\/svg\/2705.svg\" alt=\"\u2705\" \/>\u00a0Cours en ligne avec un professeur<br data-start=\"383\" data-end=\"386\" \/><img decoding=\"async\" class=\"emoji\" role=\"img\" draggable=\"false\" src=\"https:\/\/s.w.org\/images\/core\/emoji\/16.0.1\/svg\/2705.svg\" alt=\"\u2705\" \/>\u00a0Mat\u00e9riel interactif et exercices pratiques\u00a0<br data-start=\"433\" data-end=\"436\" \/><img decoding=\"async\" class=\"emoji\" role=\"img\" draggable=\"false\" src=\"https:\/\/s.w.org\/images\/core\/emoji\/16.0.1\/svg\/2705.svg\" alt=\"\u2705\" \/>\u00a0Possibilit\u00e9 d'apprendre \u00e0 tout niveau<br data-start=\"488\" data-end=\"491\" \/><img decoding=\"async\" class=\"emoji\" role=\"img\" draggable=\"false\" src=\"https:\/\/s.w.org\/images\/core\/emoji\/16.0.1\/svg\/2705.svg\" alt=\"\u2705\" \/>\u00a0Horaires flexibles et acc\u00e8s \u00e0 partir de n'importe quel appareil (ordinateur, tablette, smartphone).<\/p>\n<p data-start=\"355\" data-end=\"543\">Investissez dans votre d\u00e9veloppement et votre avenir !<\/p>","protected":false},"excerpt":{"rendered":"<p>Chcesz swobodnie m\u00f3wi\u0107 po w\u0142osku? Nasz kurs online to idealne rozwi\u0105zanie! Ucz si\u0119 wygodnie z domu, we w\u0142asnym tempie i pod opiek\u0105 do\u015bwiadczonych nauczycieli. Kurs zawiera: \u00a0Zaj\u0119cia online z nauczycielem\u00a0Materia\u0142y interaktywne i praktyczne \u0107wiczenia\u00a0\u00a0Mo\u017cliwo\u015b\u0107 nauki na ka\u017cdym poziomie\u00a0Elastyczne godziny i dost\u0119p z ka\u017cdego urz\u0105dzenia (komputera, tabletu, smartfona) Zainwestuj w sw\u00f3j rozw\u00f3j i przysz\u0142o\u015b\u0107!<\/p>","protected":false},"featured_media":290,"template":"","meta":{"site-sidebar-layout":"default","site-content-layout":"","ast-site-content-layout":"default","site-content-style":"default","site-sidebar-style":"default","ast-global-header-display":"","ast-banner-title-visibility":"","ast-main-header-display":"","ast-hfb-above-header-display":"","ast-hfb-below-header-display":"","ast-hfb-mobile-header-display":"","site-post-title":"","ast-breadcrumbs-content":"","ast-featured-img":"","footer-sml-layout":"","ast-disable-related-posts":"","theme-transparent-header-meta":"default","adv-header-id-meta":"","stick-header-meta":"","header-above-stick-meta":"","header-main-stick-meta":"","header-below-stick-meta":"","astra-migrate-meta-layouts":"set","ast-page-background-enabled":"default","ast-page-background-meta":{"desktop":{"background-color":"","background-image":"","background-repeat":"repeat","background-position":"center center","background-size":"auto","background-attachment":"scroll","background-type":"","background-media":"","overlay-type":"","overlay-color":"","overlay-opacity":"","overlay-gradient":""},"tablet":{"background-color":"","background-image":"","background-repeat":"repeat","background-position":"center center","background-size":"auto","background-attachment":"scroll","background-type":"","background-media":"","overlay-type":"","overlay-color":"","overlay-opacity":"","overlay-gradient":""},"mobile":{"background-color":"","background-image":"","background-repeat":"repeat","background-position":"center center","background-size":"auto","background-attachment":"scroll","background-type":"","background-media":"","overlay-type":"","overlay-color":"","overlay-opacity":"","overlay-gradient":""}},"ast-content-background-meta":{"desktop":{"background-color":"var(--ast-global-color-5)","background-image":"","background-repeat":"repeat","background-position":"center center","background-size":"auto","background-attachment":"scroll","background-type":"","background-media":"","overlay-type":"","overlay-color":"","overlay-opacity":"","overlay-gradient":""},"tablet":{"background-color":"var(--ast-global-color-5)","background-image":"","background-repeat":"repeat","background-position":"center center","background-size":"auto","background-attachment":"scroll","background-type":"","background-media":"","overlay-type":"","overlay-color":"","overlay-opacity":"","overlay-gradient":""},"mobile":{"background-color":"var(--ast-global-color-5)","background-image":"","background-repeat":"repeat","background-position":"center center","background-size":"auto","background-attachment":"scroll","background-type":"","background-media":"","overlay-type":"","overlay-color":"","overlay-opacity":"","overlay-gradient":""}}},"product_brand":[],"product_cat":[21],"product_tag":[],"class_list":{"0":"post-289","1":"product","2":"type-product","3":"status-publish","4":"has-post-thumbnail","6":"product_cat-lekcje-online","7":"desktop-align-left","8":"tablet-align-left","9":"mobile-align-left","10":"ast-product-gallery-layout-horizontal-slider","11":"ast-product-gallery-with-no-image","12":"ast-product-tabs-layout-horizontal","14":"first","15":"instock","16":"virtual","17":"purchasable","18":"product-type-simple"},"yoast_head":"<!-- This site is optimized with the Yoast SEO plugin v26.5 - https:\/\/yoast.com\/wordpress\/plugins\/seo\/ -->\n<title>Lekcja indywidualna J\u0118ZYK W\u0141OSKI - SUPER<\/title>\n<meta name=\"robots\" content=\"index, follow, max-snippet:-1, max-image-preview:large, max-video-preview:-1\" \/>\n<link rel=\"canonical\" href=\"https:\/\/szkolasuper.pl\/fr\/produit\/lekcja-indywidualna-jezyk-wloski\/\" \/>\n<meta property=\"og:locale\" content=\"fr_FR\" \/>\n<meta property=\"og:type\" content=\"article\" \/>\n<meta property=\"og:title\" content=\"Lekcja indywidualna J\u0118ZYK W\u0141OSKI - SUPER\" \/>\n<meta property=\"og:description\" content=\"Chcesz swobodnie m\u00f3wi\u0107 po w\u0142osku? Nasz kurs online to idealne rozwi\u0105zanie! Ucz si\u0119 wygodnie z domu, we w\u0142asnym tempie i pod opiek\u0105 do\u015bwiadczonych nauczycieli. Kurs zawiera: \u00a0Zaj\u0119cia online z nauczycielem\u00a0Materia\u0142y interaktywne i praktyczne \u0107wiczenia\u00a0\u00a0Mo\u017cliwo\u015b\u0107 nauki na ka\u017cdym poziomie\u00a0Elastyczne godziny i dost\u0119p z ka\u017cdego urz\u0105dzenia (komputera, tabletu, smartfona) Zainwestuj w sw\u00f3j rozw\u00f3j i przysz\u0142o\u015b\u0107!\" \/>\n<meta property=\"og:url\" content=\"https:\/\/szkolasuper.pl\/fr\/produit\/lekcja-indywidualna-jezyk-wloski\/\" \/>\n<meta property=\"og:site_name\" content=\"SUPER\" \/>\n<meta property=\"article:modified_time\" content=\"2025-07-28T09:07:04+00:00\" \/>\n<meta property=\"og:image\" content=\"https:\/\/szkolasuper.pl\/wp-content\/uploads\/2025\/07\/Blado-Turkusowe-Minimalistyczne-Kawiarnia-Logo-8.png\" \/>\n\t<meta property=\"og:image:width\" content=\"500\" \/>\n\t<meta property=\"og:image:height\" content=\"500\" \/>\n\t<meta property=\"og:image:type\" content=\"image\/png\" \/>\n<script type=\"application\/ld+json\" class=\"yoast-schema-graph\">{\"@context\":\"https:\/\/schema.org\",\"@graph\":[{\"@type\":\"WebPage\",\"@id\":\"https:\/\/szkolasuper.pl\/produkt\/lekcja-indywidualna-jezyk-wloski\/\",\"url\":\"https:\/\/szkolasuper.pl\/produkt\/lekcja-indywidualna-jezyk-wloski\/\",\"name\":\"Lekcja indywidualna J\u0118ZYK W\u0141OSKI - SUPER\",\"isPartOf\":{\"@id\":\"https:\/\/szkolasuper.pl\/#website\"},\"primaryImageOfPage\":{\"@id\":\"https:\/\/szkolasuper.pl\/produkt\/lekcja-indywidualna-jezyk-wloski\/#primaryimage\"},\"image\":{\"@id\":\"https:\/\/szkolasuper.pl\/produkt\/lekcja-indywidualna-jezyk-wloski\/#primaryimage\"},\"thumbnailUrl\":\"https:\/\/szkolasuper.pl\/wp-content\/uploads\/2025\/07\/Blado-Turkusowe-Minimalistyczne-Kawiarnia-Logo-8.png\",\"datePublished\":\"2025-07-28T09:07:03+00:00\",\"dateModified\":\"2025-07-28T09:07:04+00:00\",\"breadcrumb\":{\"@id\":\"https:\/\/szkolasuper.pl\/produkt\/lekcja-indywidualna-jezyk-wloski\/#breadcrumb\"},\"inLanguage\":\"fr-FR\",\"potentialAction\":[{\"@type\":\"ReadAction\",\"target\":[\"https:\/\/szkolasuper.pl\/produkt\/lekcja-indywidualna-jezyk-wloski\/\"]}]},{\"@type\":\"ImageObject\",\"inLanguage\":\"fr-FR\",\"@id\":\"https:\/\/szkolasuper.pl\/produkt\/lekcja-indywidualna-jezyk-wloski\/#primaryimage\",\"url\":\"https:\/\/szkolasuper.pl\/wp-content\/uploads\/2025\/07\/Blado-Turkusowe-Minimalistyczne-Kawiarnia-Logo-8.png\",\"contentUrl\":\"https:\/\/szkolasuper.pl\/wp-content\/uploads\/2025\/07\/Blado-Turkusowe-Minimalistyczne-Kawiarnia-Logo-8.png\",\"width\":500,\"height\":500},{\"@type\":\"BreadcrumbList\",\"@id\":\"https:\/\/szkolasuper.pl\/produkt\/lekcja-indywidualna-jezyk-wloski\/#breadcrumb\",\"itemListElement\":[{\"@type\":\"ListItem\",\"position\":1,\"name\":\"Strona g\u0142\u00f3wna\",\"item\":\"https:\/\/szkolasuper.pl\/\"},{\"@type\":\"ListItem\",\"position\":2,\"name\":\"Sklep\",\"item\":\"https:\/\/szkolasuper.pl\/sklep\/\"},{\"@type\":\"ListItem\",\"position\":3,\"name\":\"Lekcja indywidualna J\u0118ZYK W\u0141OSKI\"}]},{\"@type\":\"WebSite\",\"@id\":\"https:\/\/szkolasuper.pl\/#website\",\"url\":\"https:\/\/szkolasuper.pl\/\",\"name\":\"SUPER\",\"description\":\"Szko\u0142a J\u0119zykowa\",\"publisher\":{\"@id\":\"https:\/\/szkolasuper.pl\/#organization\"},\"potentialAction\":[{\"@type\":\"SearchAction\",\"target\":{\"@type\":\"EntryPoint\",\"urlTemplate\":\"https:\/\/szkolasuper.pl\/?s={search_term_string}\"},\"query-input\":{\"@type\":\"PropertyValueSpecification\",\"valueRequired\":true,\"valueName\":\"search_term_string\"}}],\"inLanguage\":\"fr-FR\"},{\"@type\":\"Organization\",\"@id\":\"https:\/\/szkolasuper.pl\/#organization\",\"name\":\"SUPER\",\"url\":\"https:\/\/szkolasuper.pl\/\",\"logo\":{\"@type\":\"ImageObject\",\"inLanguage\":\"fr-FR\",\"@id\":\"https:\/\/szkolasuper.pl\/#\/schema\/logo\/image\/\",\"url\":\"https:\/\/szkolasuper.pl\/wp-content\/uploads\/2025\/07\/logo_super_pelna_bialy-scaled.png\",\"contentUrl\":\"https:\/\/szkolasuper.pl\/wp-content\/uploads\/2025\/07\/logo_super_pelna_bialy-scaled.png\",\"width\":2560,\"height\":706,\"caption\":\"SUPER\"},\"image\":{\"@id\":\"https:\/\/szkolasuper.pl\/#\/schema\/logo\/image\/\"}}]}<\/script>\n<!-- \/ Yoast SEO plugin. -->","yoast_head_json":{"title":"Lekcja indywidualna J\u0118ZYK W\u0141OSKI - SUPER","robots":{"index":"index","follow":"follow","max-snippet":"max-snippet:-1","max-image-preview":"max-image-preview:large","max-video-preview":"max-video-preview:-1"},"canonical":"https:\/\/szkolasuper.pl\/fr\/produit\/lekcja-indywidualna-jezyk-wloski\/","og_locale":"fr_FR","og_type":"article","og_title":"Lekcja indywidualna J\u0118ZYK W\u0141OSKI - SUPER","og_description":"Chcesz swobodnie m\u00f3wi\u0107 po w\u0142osku? Nasz kurs online to idealne rozwi\u0105zanie! Ucz si\u0119 wygodnie z domu, we w\u0142asnym tempie i pod opiek\u0105 do\u015bwiadczonych nauczycieli. Kurs zawiera: \u00a0Zaj\u0119cia online z nauczycielem\u00a0Materia\u0142y interaktywne i praktyczne \u0107wiczenia\u00a0\u00a0Mo\u017cliwo\u015b\u0107 nauki na ka\u017cdym poziomie\u00a0Elastyczne godziny i dost\u0119p z ka\u017cdego urz\u0105dzenia (komputera, tabletu, smartfona) Zainwestuj w sw\u00f3j rozw\u00f3j i przysz\u0142o\u015b\u0107!","og_url":"https:\/\/szkolasuper.pl\/fr\/produit\/lekcja-indywidualna-jezyk-wloski\/","og_site_name":"SUPER","article_modified_time":"2025-07-28T09:07:04+00:00","og_image":[{"width":500,"height":500,"url":"https:\/\/szkolasuper.pl\/wp-content\/uploads\/2025\/07\/Blado-Turkusowe-Minimalistyczne-Kawiarnia-Logo-8.png","type":"image\/png"}],"schema":{"@context":"https:\/\/schema.org","@graph":[{"@type":"WebPage","@id":"https:\/\/szkolasuper.pl\/produkt\/lekcja-indywidualna-jezyk-wloski\/","url":"https:\/\/szkolasuper.pl\/produkt\/lekcja-indywidualna-jezyk-wloski\/","name":"Lekcja indywidualna J\u0118ZYK W\u0141OSKI - SUPER","isPartOf":{"@id":"https:\/\/szkolasuper.pl\/#website"},"primaryImageOfPage":{"@id":"https:\/\/szkolasuper.pl\/produkt\/lekcja-indywidualna-jezyk-wloski\/#primaryimage"},"image":{"@id":"https:\/\/szkolasuper.pl\/produkt\/lekcja-indywidualna-jezyk-wloski\/#primaryimage"},"thumbnailUrl":"https:\/\/szkolasuper.pl\/wp-content\/uploads\/2025\/07\/Blado-Turkusowe-Minimalistyczne-Kawiarnia-Logo-8.png","datePublished":"2025-07-28T09:07:03+00:00","dateModified":"2025-07-28T09:07:04+00:00","breadcrumb":{"@id":"https:\/\/szkolasuper.pl\/produkt\/lekcja-indywidualna-jezyk-wloski\/#breadcrumb"},"inLanguage":"fr-FR","potentialAction":[{"@type":"ReadAction","target":["https:\/\/szkolasuper.pl\/produkt\/lekcja-indywidualna-jezyk-wloski\/"]}]},{"@type":"ImageObject","inLanguage":"fr-FR","@id":"https:\/\/szkolasuper.pl\/produkt\/lekcja-indywidualna-jezyk-wloski\/#primaryimage","url":"https:\/\/szkolasuper.pl\/wp-content\/uploads\/2025\/07\/Blado-Turkusowe-Minimalistyczne-Kawiarnia-Logo-8.png","contentUrl":"https:\/\/szkolasuper.pl\/wp-content\/uploads\/2025\/07\/Blado-Turkusowe-Minimalistyczne-Kawiarnia-Logo-8.png","width":500,"height":500},{"@type":"BreadcrumbList","@id":"https:\/\/szkolasuper.pl\/produkt\/lekcja-indywidualna-jezyk-wloski\/#breadcrumb","itemListElement":[{"@type":"ListItem","position":1,"name":"Strona g\u0142\u00f3wna","item":"https:\/\/szkolasuper.pl\/"},{"@type":"ListItem","position":2,"name":"Sklep","item":"https:\/\/szkolasuper.pl\/sklep\/"},{"@type":"ListItem","position":3,"name":"Lekcja indywidualna J\u0118ZYK W\u0141OSKI"}]},{"@type":"WebSite","@id":"https:\/\/szkolasuper.pl\/#website","url":"https:\/\/szkolasuper.pl\/","name":"SUPER","description":"Szko\u0142a J\u0119zykowa","publisher":{"@id":"https:\/\/szkolasuper.pl\/#organization"},"potentialAction":[{"@type":"SearchAction","target":{"@type":"EntryPoint","urlTemplate":"https:\/\/szkolasuper.pl\/?s={search_term_string}"},"query-input":{"@type":"PropertyValueSpecification","valueRequired":true,"valueName":"search_term_string"}}],"inLanguage":"fr-FR"},{"@type":"Organization","@id":"https:\/\/szkolasuper.pl\/#organization","name":"SUPER","url":"https:\/\/szkolasuper.pl\/","logo":{"@type":"ImageObject","inLanguage":"fr-FR","@id":"https:\/\/szkolasuper.pl\/#\/schema\/logo\/image\/","url":"https:\/\/szkolasuper.pl\/wp-content\/uploads\/2025\/07\/logo_super_pelna_bialy-scaled.png","contentUrl":"https:\/\/szkolasuper.pl\/wp-content\/uploads\/2025\/07\/logo_super_pelna_bialy-scaled.png","width":2560,"height":706,"caption":"SUPER"},"image":{"@id":"https:\/\/szkolasuper.pl\/#\/schema\/logo\/image\/"}}]}},"_links":{"self":[{"href":"https:\/\/szkolasuper.pl\/fr\/wp-json\/wp\/v2\/product\/289","targetHints":{"allow":["GET"]}}],"collection":[{"href":"https:\/\/szkolasuper.pl\/fr\/wp-json\/wp\/v2\/product"}],"about":[{"href":"https:\/\/szkolasuper.pl\/fr\/wp-json\/wp\/v2\/types\/product"}],"wp:featuredmedia":[{"embeddable":true,"href":"https:\/\/szkolasuper.pl\/fr\/wp-json\/wp\/v2\/media\/290"}],"wp:attachment":[{"href":"https:\/\/szkolasuper.pl\/fr\/wp-json\/wp\/v2\/media?parent=289"}],"wp:term":[{"taxonomy":"product_brand","embeddable":true,"href":"https:\/\/szkolasuper.pl\/fr\/wp-json\/wp\/v2\/product_brand?post=289"},{"taxonomy":"product_cat","embeddable":true,"href":"https:\/\/szkolasuper.pl\/fr\/wp-json\/wp\/v2\/product_cat?post=289"},{"taxonomy":"product_tag","embeddable":true,"href":"https:\/\/szkolasuper.pl\/fr\/wp-json\/wp\/v2\/product_tag?post=289"}],"curies":[{"name":"wp","href":"https:\/\/api.w.org\/{rel}","templated":true}]}}