{"id":347,"date":"2025-08-04T17:45:16","date_gmt":"2025-08-04T17:45:16","guid":{"rendered":"https:\/\/szkolasuper.pl\/?page_id=347"},"modified":"2025-08-11T05:37:13","modified_gmt":"2025-08-11T05:37:13","slug":"polityka-prywatnosci","status":"publish","type":"page","link":"https:\/\/szkolasuper.pl\/fr\/polityka-prywatnosci\/","title":{"rendered":"Politique de confidentialit\u00e9"},"content":{"rendered":"<div data-elementor-type=\"wp-page\" data-elementor-id=\"347\" class=\"elementor elementor-347\">\n\t\t\t\t\t\t<section class=\"elementor-section elementor-top-section elementor-element elementor-element-5564f5b0 elementor-section-height-min-height elementor-section-boxed elementor-section-height-default elementor-section-items-middle\" data-id=\"5564f5b0\" data-element_type=\"section\" data-e-type=\"section\" data-settings=\"{&quot;background_background&quot;:&quot;classic&quot;}\">\n\t\t\t\t\t\t<div class=\"elementor-container elementor-column-gap-no\">\n\t\t\t\t\t<div class=\"elementor-column elementor-col-100 elementor-top-column elementor-element elementor-element-7b8d5fe\" data-id=\"7b8d5fe\" data-element_type=\"column\" data-e-type=\"column\">\n\t\t\t<div class=\"elementor-widget-wrap elementor-element-populated\">\n\t\t\t\t\t\t<div class=\"elementor-element elementor-element-27865363 elementor-widget-divider--view-line elementor-widget elementor-widget-divider\" data-id=\"27865363\" data-element_type=\"widget\" data-e-type=\"widget\" data-widget_type=\"divider.default\">\n\t\t\t\t\t\t\t<div class=\"elementor-divider\">\n\t\t\t<span class=\"elementor-divider-separator\">\n\t\t\t\t\t\t<\/span>\n\t\t<\/div>\n\t\t\t\t\t\t<\/div>\n\t\t\t\t<div class=\"elementor-element elementor-element-2c64e0d3 elementor-widget elementor-widget-heading\" data-id=\"2c64e0d3\" data-element_type=\"widget\" data-e-type=\"widget\" data-widget_type=\"heading.default\">\n\t\t\t\t\t<h1 class=\"elementor-heading-title elementor-size-default\">Politique de confidentialit\u00e9<\/h1>\t\t\t\t<\/div>\n\t\t\t\t\t<\/div>\n\t\t<\/div>\n\t\t\t\t\t<\/div>\n\t\t<\/section>\n\t\t\t\t<section class=\"elementor-section elementor-top-section elementor-element elementor-element-34cbac36 elementor-section-boxed elementor-section-height-default elementor-section-height-default\" data-id=\"34cbac36\" data-element_type=\"section\" data-e-type=\"section\" data-settings=\"{&quot;background_background&quot;:&quot;classic&quot;}\">\n\t\t\t\t\t\t<div class=\"elementor-container elementor-column-gap-no\">\n\t\t\t\t\t<div class=\"elementor-column elementor-col-100 elementor-top-column elementor-element elementor-element-433b2dff\" data-id=\"433b2dff\" data-element_type=\"column\" data-e-type=\"column\">\n\t\t\t<div class=\"elementor-widget-wrap elementor-element-populated\">\n\t\t\t\t\t\t<div class=\"elementor-element elementor-element-17f05ff elementor-widget elementor-widget-text-editor\" data-id=\"17f05ff\" data-element_type=\"widget\" data-e-type=\"widget\" data-widget_type=\"text-editor.default\">\n\t\t\t\t\t\t\t\t\t<p class=\"p1\"><b>POLITIQUE DE CONFIDENTIALIT\u00c9 DE LA SUPER \u00c9COLE DE LANGUES<\/b><\/p><ol class=\"ol1\"><li class=\"li3\"><b>Qui est le responsable du traitement de vos donn\u00e9es ?<\/b><\/li><\/ol><p class=\"p4\">Le responsable du traitement de vos donn\u00e9es \u00e0 caract\u00e8re personnel est <b>FONDATION POUR LE D\u00c9VELOPPEMENT DE L'ESPRIT D'ENTREPRISE \u201eVOTRE STARTUP\u201d<\/b> bas\u00e9 \u00e0 Varsovie (adresse du si\u00e8ge social) : <br \/>ul. \u017burawia 6\/12, lok. 766, 00-503 Varsovie).<\/p><p class=\"p4\">La politique de confidentialit\u00e9 ci-dessus s'applique aux services de la Fondation fournis par<span class=\"Apple-converted-space\">\u00a0 <\/span>partie organis\u00e9e de l'entreprise SUPER Language School coordonn\u00e9es : num\u00e9ro de t\u00e9l\u00e9phone<span class=\"s2\"> +48532010538, adresse \u00e9lectronique : kontakt@szkolasuper.pl r\u00e9alis\u00e9<span class=\"Apple-converted-space\">\u00a0 <\/span>par Magdalena Szelinger.<\/span><\/p><ol class=\"ol1\"><li class=\"li3\"><b>Pourquoi traitons-nous vos donn\u00e9es ?<\/b><\/li><\/ol><ol class=\"ol2\"><li class=\"li7\"><span class=\"s4\">Dans le cadre des services fournis par l'\u00e9cole de langues SUPER, \u00e0 savoir l'enseignement des langues \u00e9trang\u00e8res et la vente de produits num\u00e9riques, c'est-\u00e0-dire dans le but de conclure ou d'ex\u00e9cuter un contrat (Art.<span class=\"Apple-converted-space\">\u00a0 <\/span>6(1)(b) du r\u00e8glement), vos donn\u00e9es seront conserv\u00e9es jusqu'\u00e0 l'ex\u00e9cution du contrat<\/span><\/li><li class=\"li7\"><span class=\"s4\">A des fins de marketing et de promotion des produits offerts par la Fondation \u201eYour StartUp\u201d pour le d\u00e9veloppement des entreprises, bas\u00e9e \u00e0 Varsovie, \u00e9tant donn\u00e9 notre int\u00e9r\u00eat l\u00e9gitime (article 6, paragraphe 1, point f), du r\u00e8glement). Vos donn\u00e9es seront trait\u00e9es jusqu'\u00e0 ce que vous exprimiez votre opposition. <\/span><\/li><li class=\"li7\"><span class=\"s4\">Respecter les obligations l\u00e9gales qui nous incombent dans le cadre de la coop\u00e9ration entreprise (article 6, paragraphe 1, point c), du r\u00e8glement), cette finalit\u00e9 \u00e9tant li\u00e9e aux obligations l\u00e9gales de conservation de certains documents pendant la dur\u00e9e indiqu\u00e9e par la loi, par ex :<\/span><br \/><ul class=\"ul1\"><li class=\"li7\"><span class=\"s4\">Loi du 29.09.1994 sur la comptabilit\u00e9 (Journal officiel 2017, point 1858) ;<\/span><\/li><li class=\"li7\"><span class=\"s4\">Loi du 29 ao\u00fbt 1997. - Ordonnance fiscale (Dz. U. 1997 No. 137 item 926) ;<\/span><\/li><li class=\"li7\"><span class=\"s4\">Loi du 1er mars 2018. - Sur la pr\u00e9vention du blanchiment d'argent et du financement du terrorisme (Journal officiel 2018, point 723).<\/span><\/li><\/ul><\/li><\/ol><ol class=\"ol2\"><li class=\"li7\"><span class=\"s4\">dans le but d'\u00e9tablir, d'instruire ou de d\u00e9fendre \u00e9ventuellement des r\u00e9clamations, ce qui constitue notre int\u00e9r\u00eat l\u00e9gitime (base de l'article 6, paragraphe 1, point f), du r\u00e8glement). Les donn\u00e9es seront trait\u00e9es jusqu'\u00e0 ce que le d\u00e9lai de prescription des r\u00e9clamations soit \u00e9coul\u00e9.<\/span><\/li><li class=\"li7\"><span class=\"s4\">Si vous avez donn\u00e9 votre consentement, vos donn\u00e9es seront trait\u00e9es dans les limites et pour la finalit\u00e9 indiqu\u00e9es dans votre consentement (base de l'article 6, paragraphe 1, point a)).<span class=\"Apple-converted-space\">\u00a0 <\/span>Les donn\u00e9es seront trait\u00e9es jusqu'\u00e0 ce que vous retiriez votre consentement<\/span><\/li><\/ol><ol class=\"ol1\"><li class=\"li3\"><b>Quelles sont les donn\u00e9es qui font l'objet d'un traitement ?<\/b><\/li><\/ol><p class=\"p4\">Pour conclure un contrat, nous avons besoin des donn\u00e9es figurant sur le formulaire de contrat ou de commande (si vous ne les fournissez pas, nous ne conclurons pas le contrat ou n'ex\u00e9cuterons pas la commande). En outre, nous pouvons vous demander des donn\u00e9es facultatives qui n'ont pas d'incidence sur la conclusion du contrat (si nous ne les recevons pas, nous ne pourrons pas, par exemple, appeler un num\u00e9ro de contact).<\/p><p class=\"p4\">Au cours du contrat, nous entrons en possession de vos autres donn\u00e9es dans le cadre de la fourniture de nos services. L'apparition de vos donn\u00e9es personnelles chez nous est une cons\u00e9quence du fonctionnement de nos services, que vous utilisez.<\/p><ol class=\"ol1\"><li class=\"li3\"><b>\u00c0 qui les donn\u00e9es seront-elles communiqu\u00e9es ?<\/b><\/li><\/ol><ol class=\"ol2\"><li class=\"li7\"><span class=\"s4\">Les autorit\u00e9s publiques, dans la mesure o\u00f9 elles ne re\u00e7oivent pas de donn\u00e9es dans le cadre d'une proc\u00e9dure sp\u00e9cifique pr\u00e9vue par la loi, par exemple dans le cadre de la lutte contre le blanchiment d'argent ; <\/span><\/li><li class=\"li7\"><span class=\"s4\">Les entit\u00e9s qui traitent vos donn\u00e9es \u00e0 caract\u00e8re personnel pour le compte de la Fondation sur la base d'un contrat conclu avec la Fondation en vue de confier le traitement des donn\u00e9es \u00e0 caract\u00e8re personnel (les \"sous-traitants\"). Il s'agit notamment, mais pas exclusivement, des b\u00e9n\u00e9ficiaires de la Fondation, des sp\u00e9cialistes en informatique, des soci\u00e9t\u00e9s d'archivage et des soci\u00e9t\u00e9s d'h\u00e9bergement ;<\/span><\/li><li class=\"li7\"><span class=\"s4\">les contr\u00f4leurs de donn\u00e9es tiers (les \"contr\u00f4leurs parall\u00e8les\" auxquels les donn\u00e9es sont communiqu\u00e9es, par exemple les avocats, les op\u00e9rateurs de messagerie ou de services postaux, les acheteurs de cr\u00e9ances - au cas o\u00f9 vous ne paieriez pas nos factures \u00e0 temps),<\/span><\/li><li class=\"li7\"><span class=\"s4\">Entit\u00e9s situ\u00e9es en dehors de l'EEE, mais uniquement lorsque cela est n\u00e9cessaire et avec un degr\u00e9 de protection appropri\u00e9, principalement par :<\/span><br \/><ol class=\"ol3\"><li class=\"li7\"><span class=\"s4\">Coop\u00e9ration avec des entit\u00e9s situ\u00e9es dans des pays ayant fait l'objet d'une d\u00e9cision de la Commission europ\u00e9enne ;<\/span><\/li><li class=\"li7\"><span class=\"s4\">Utilisation de clauses contractuelles types \u00e9mises par la Commission europ\u00e9enne.<\/span><\/li><\/ol><\/li><\/ol><p class=\"p11\"><span class=\"s6\">Le responsable du traitement notifie toujours son intention de transf\u00e9rer des donn\u00e9es \u00e0 caract\u00e8re personnel en dehors de l'EEE au stade de la collecte.<\/span><\/p><ol class=\"ol1\"><li class=\"li3\"><b>Les donn\u00e9es sont-elles profil\u00e9es ?<\/b><\/li><\/ol><p class=\"p12\"><span class=\"s6\">Nous tenons \u00e0 vous informer que vos donn\u00e9es ne feront pas l'objet d'un profilage, c'est-\u00e0-dire d'une analyse automatis\u00e9e de vos donn\u00e9es et de l'\u00e9laboration de pr\u00e9visions concernant vos pr\u00e9f\u00e9rences ou votre comportement futur (le profilage consiste, par exemple dans le cas du profilage marketing, \u00e0 d\u00e9terminer l'offre qui vous int\u00e9resse le plus sur la base de vos choix ant\u00e9rieurs).<\/span><\/p><ol class=\"ol1\"><li class=\"li3\"><b> Quels sont vos droits ?<\/b><\/li><\/ol><ol class=\"ol2\"><li class=\"li4\">Le droit d'acc\u00e8s aux donn\u00e9es personnelles que nous traitons (article 15 du r\u00e8glement),<\/li><li class=\"li4\">Le droit de rectifier les donn\u00e9es personnelles confi\u00e9es, y compris la correction des donn\u00e9es (article 16 du r\u00e8glement),<\/li><li class=\"li4\">Le droit d'effacer les donn\u00e9es personnelles de nos syst\u00e8mes, appel\u00e9 le \u201edroit <br \/>Le \u201ddroit \u00e0 l'oubli\" - si, \u00e0 votre avis, il n'y a pas de raison pour que nous traitions vos donn\u00e9es, vous pouvez demander que nous les effacions (article 17 du r\u00e8glement),<\/li><li class=\"li4\">Droit de limiter le traitement des donn\u00e9es \u00e0 caract\u00e8re personnel - vous pouvez nous demander de limiter le traitement des donn\u00e9es \u00e0 caract\u00e8re personnel \u00e0 leur stockage ou \u00e0 la r\u00e9alisation d'activit\u00e9s convenues avec vous, si nous d\u00e9tenons des donn\u00e9es incorrectes \u00e0 votre sujet ou si nous les traitons ind\u00fbment ; ou si vous ne voulez pas que nous les effacions parce que vous en avez besoin pour \u00e9tablir, faire valoir ou d\u00e9fendre une r\u00e9clamation ; ou pendant la dur\u00e9e d'une objection que vous avez formul\u00e9e \u00e0 l'encontre du traitement (article 18 du r\u00e8glement),<\/li><li class=\"li4\">Droit \u00e0 la portabilit\u00e9 des donn\u00e9es - Vous avez le droit de recevoir de notre part, dans un format structur\u00e9, couramment utilis\u00e9 et lisible par machine (par exemple le format \u201e.csv\u201d), les donn\u00e9es \u00e0 caract\u00e8re personnel vous concernant que nous d\u00e9tenons sur la base d'un contrat ou d'un consentement donn\u00e9.<span class=\"Apple-converted-space\">\u00a0 <\/span>Vous disposerez de ce droit si nous d\u00e9tenons les donn\u00e9es sous forme \u00e9lectronique - si vous d\u00e9tenez les donn\u00e9es uniquement sous forme papier, vous ne pourrez pas exercer ce droit. Vous pouvez nous demander d'envoyer les donn\u00e9es directement \u00e0 une autre partie (article 20 du r\u00e8glement),<\/li><li class=\"li4\">Droit de retirer son consentement au traitement des donn\u00e9es \u00e0 caract\u00e8re personnel - vous avez le droit de retirer \u00e0 tout moment votre consentement au traitement des donn\u00e9es \u00e0 caract\u00e8re personnel que nous traitons sur la base du consentement - article 7, paragraphe 3, du r\u00e8glement. Le retrait du consentement n'affecte pas la l\u00e9galit\u00e9 du traitement effectu\u00e9 sur la base du consentement avant son retrait. Le retrait du consentement s'effectue en envoyant un courrier \u00e9lectronique \u00e0 l'adresse suivante : <span class=\"s1\">kontakt@szkolasuper.pl<\/span><\/li><li class=\"li4\">Droit d'opposition - vous pouvez vous opposer au traitement de vos donn\u00e9es si la base de l'utilisation de vos donn\u00e9es est notre int\u00e9r\u00eat l\u00e9gitime - article 21 du r\u00e8glement. Dans ce cas, une fois que nous aurons examin\u00e9 votre demande, nous ne pourrons plus traiter les donn\u00e9es \u00e0 caract\u00e8re personnel auxquelles vous vous \u00eates oppos\u00e9 sur cette base, \u00e0 moins que nous puissions d\u00e9montrer qu'il existe des motifs l\u00e9gitimes pour le traitement qui sont r\u00e9put\u00e9s pr\u00e9valoir sur vos int\u00e9r\u00eats, vos droits et vos libert\u00e9s.<\/li><li class=\"li4\">Si vous estimez que le traitement de vos donn\u00e9es personnelles viole les dispositions du r\u00e8glement, vous avez le droit d'introduire une r\u00e9clamation aupr\u00e8s de l'autorit\u00e9 de contr\u00f4le, \u00e0 savoir le pr\u00e9sident de l'Office pour la protection des donn\u00e9es personnelles.<\/li><\/ol><ol class=\"ol1\"><li class=\"li1\"><b>Contact<\/b><\/li><\/ol><p class=\"p15\">Si vous souhaitez obtenir de plus amples informations sur la protection des donn\u00e9es ou exercer vos droits, veuillez nous contacter par courrier \u00e9lectronique : <b>rodo@twojstartup.pl<\/b><b><\/b><\/p>\t\t\t\t\t\t\t\t<\/div>\n\t\t\t\t\t<\/div>\n\t\t<\/div>\n\t\t\t\t\t<\/div>\n\t\t<\/section>\n\t\t\t\t<\/div>","protected":false},"excerpt":{"rendered":"<p>Polityka Prywatno\u015bci POLITYKA PRYWATNO\u015aCI SUPER SZKO\u0141Y J\u0118ZYKOWEJ Kto jest administratorem pa\u0144stwa danych? Administratorem Pani\/ Pana danych osobowych jest FUNDACJA ROZWOJU PRZEDSI\u0118BIORCZO\u015aCI \u201eTW\u00d3J STARTUP\u201d z siedzib\u0105 w Warszawie (adres siedziby: ul. \u017burawia 6\/12, lok. 766, 00-503 Warszawa). Powy\u017csza polityka prywatno\u015bci dotyczy us\u0142ug Fundacji \u015bwiadczonych przez\u00a0 zorganizowan\u0105 cz\u0119\u015b\u0107 przedsi\u0119biorstwa SUPER Szko\u0142a J\u0119zykowa dane kontaktowe: numer telefonu +48532010538, [&hellip;]<\/p>","protected":false},"author":1,"featured_media":0,"parent":0,"menu_order":0,"comment_status":"closed","ping_status":"closed","template":"","meta":{"site-sidebar-layout":"no-sidebar","site-content-layout":"page-builder","ast-site-content-layout":"default","site-content-style":"default","site-sidebar-style":"default","ast-global-header-display":"","ast-banner-title-visibility":"","ast-main-header-display":"","ast-hfb-above-header-display":"","ast-hfb-below-header-display":"","ast-hfb-mobile-header-display":"","site-post-title":"disabled","ast-breadcrumbs-content":"disabled","ast-featured-img":"disabled","footer-sml-layout":"","ast-disable-related-posts":"","theme-transparent-header-meta":"enabled","adv-header-id-meta":"","stick-header-meta":"","header-above-stick-meta":"","header-main-stick-meta":"","header-below-stick-meta":"","astra-migrate-meta-layouts":"default","ast-page-background-enabled":"default","ast-page-background-meta":{"desktop":{"background-color":"","background-image":"","background-repeat":"repeat","background-position":"center center","background-size":"auto","background-attachment":"scroll","background-type":"","background-media":"","overlay-type":"","overlay-color":"","overlay-opacity":"","overlay-gradient":""},"tablet":{"background-color":"","background-image":"","background-repeat":"repeat","background-position":"center center","background-size":"auto","background-attachment":"scroll","background-type":"","background-media":"","overlay-type":"","overlay-color":"","overlay-opacity":"","overlay-gradient":""},"mobile":{"background-color":"","background-image":"","background-repeat":"repeat","background-position":"center center","background-size":"auto","background-attachment":"scroll","background-type":"","background-media":"","overlay-type":"","overlay-color":"","overlay-opacity":"","overlay-gradient":""}},"ast-content-background-meta":{"desktop":{"background-color":"var(--ast-global-color-5)","background-image":"","background-repeat":"repeat","background-position":"center center","background-size":"auto","background-attachment":"scroll","background-type":"","background-media":"","overlay-type":"","overlay-color":"","overlay-opacity":"","overlay-gradient":""},"tablet":{"background-color":"var(--ast-global-color-5)","background-image":"","background-repeat":"repeat","background-position":"center center","background-size":"auto","background-attachment":"scroll","background-type":"","background-media":"","overlay-type":"","overlay-color":"","overlay-opacity":"","overlay-gradient":""},"mobile":{"background-color":"var(--ast-global-color-5)","background-image":"","background-repeat":"repeat","background-position":"center center","background-size":"auto","background-attachment":"scroll","background-type":"","background-media":"","overlay-type":"","overlay-color":"","overlay-opacity":"","overlay-gradient":""}},"footnotes":""},"class_list":["post-347","page","type-page","status-publish","hentry"],"yoast_head":"<!-- This site is optimized with the Yoast SEO plugin v26.5 - https:\/\/yoast.com\/wordpress\/plugins\/seo\/ -->\n<title>Polityka Prywatno\u015bci - SUPER<\/title>\n<meta name=\"robots\" content=\"index, follow, max-snippet:-1, max-image-preview:large, max-video-preview:-1\" \/>\n<link rel=\"canonical\" href=\"https:\/\/szkolasuper.pl\/fr\/polityka-prywatnosci\/\" \/>\n<meta property=\"og:locale\" content=\"fr_FR\" \/>\n<meta property=\"og:type\" content=\"article\" \/>\n<meta property=\"og:title\" content=\"Polityka Prywatno\u015bci - SUPER\" \/>\n<meta property=\"og:description\" content=\"Polityka Prywatno\u015bci POLITYKA PRYWATNO\u015aCI SUPER SZKO\u0141Y J\u0118ZYKOWEJ Kto jest administratorem pa\u0144stwa danych? Administratorem Pani\/ Pana danych osobowych jest FUNDACJA ROZWOJU PRZEDSI\u0118BIORCZO\u015aCI \u201eTW\u00d3J STARTUP\u201d z siedzib\u0105 w Warszawie (adres siedziby: ul. \u017burawia 6\/12, lok. 766, 00-503 Warszawa). Powy\u017csza polityka prywatno\u015bci dotyczy us\u0142ug Fundacji \u015bwiadczonych przez\u00a0 zorganizowan\u0105 cz\u0119\u015b\u0107 przedsi\u0119biorstwa SUPER Szko\u0142a J\u0119zykowa dane kontaktowe: numer telefonu +48532010538, [&hellip;]\" \/>\n<meta property=\"og:url\" content=\"https:\/\/szkolasuper.pl\/fr\/polityka-prywatnosci\/\" \/>\n<meta property=\"og:site_name\" content=\"SUPER\" \/>\n<meta property=\"article:modified_time\" content=\"2025-08-11T05:37:13+00:00\" \/>\n<script type=\"application\/ld+json\" class=\"yoast-schema-graph\">{\"@context\":\"https:\/\/schema.org\",\"@graph\":[{\"@type\":\"WebPage\",\"@id\":\"https:\/\/szkolasuper.pl\/polityka-prywatnosci\/\",\"url\":\"https:\/\/szkolasuper.pl\/polityka-prywatnosci\/\",\"name\":\"Polityka Prywatno\u015bci - SUPER\",\"isPartOf\":{\"@id\":\"https:\/\/szkolasuper.pl\/#website\"},\"datePublished\":\"2025-08-04T17:45:16+00:00\",\"dateModified\":\"2025-08-11T05:37:13+00:00\",\"breadcrumb\":{\"@id\":\"https:\/\/szkolasuper.pl\/polityka-prywatnosci\/#breadcrumb\"},\"inLanguage\":\"fr-FR\",\"potentialAction\":[{\"@type\":\"ReadAction\",\"target\":[\"https:\/\/szkolasuper.pl\/polityka-prywatnosci\/\"]}]},{\"@type\":\"BreadcrumbList\",\"@id\":\"https:\/\/szkolasuper.pl\/polityka-prywatnosci\/#breadcrumb\",\"itemListElement\":[{\"@type\":\"ListItem\",\"position\":1,\"name\":\"Strona g\u0142\u00f3wna\",\"item\":\"https:\/\/szkolasuper.pl\/\"},{\"@type\":\"ListItem\",\"position\":2,\"name\":\"Polityka Prywatno\u015bci\"}]},{\"@type\":\"WebSite\",\"@id\":\"https:\/\/szkolasuper.pl\/#website\",\"url\":\"https:\/\/szkolasuper.pl\/\",\"name\":\"SUPER\",\"description\":\"Szko\u0142a J\u0119zykowa\",\"publisher\":{\"@id\":\"https:\/\/szkolasuper.pl\/#organization\"},\"potentialAction\":[{\"@type\":\"SearchAction\",\"target\":{\"@type\":\"EntryPoint\",\"urlTemplate\":\"https:\/\/szkolasuper.pl\/?s={search_term_string}\"},\"query-input\":{\"@type\":\"PropertyValueSpecification\",\"valueRequired\":true,\"valueName\":\"search_term_string\"}}],\"inLanguage\":\"fr-FR\"},{\"@type\":\"Organization\",\"@id\":\"https:\/\/szkolasuper.pl\/#organization\",\"name\":\"SUPER\",\"url\":\"https:\/\/szkolasuper.pl\/\",\"logo\":{\"@type\":\"ImageObject\",\"inLanguage\":\"fr-FR\",\"@id\":\"https:\/\/szkolasuper.pl\/#\/schema\/logo\/image\/\",\"url\":\"https:\/\/szkolasuper.pl\/wp-content\/uploads\/2025\/07\/logo_super_pelna_bialy-scaled.png\",\"contentUrl\":\"https:\/\/szkolasuper.pl\/wp-content\/uploads\/2025\/07\/logo_super_pelna_bialy-scaled.png\",\"width\":2560,\"height\":706,\"caption\":\"SUPER\"},\"image\":{\"@id\":\"https:\/\/szkolasuper.pl\/#\/schema\/logo\/image\/\"}}]}<\/script>\n<!-- \/ Yoast SEO plugin. -->","yoast_head_json":{"title":"Polityka Prywatno\u015bci - SUPER","robots":{"index":"index","follow":"follow","max-snippet":"max-snippet:-1","max-image-preview":"max-image-preview:large","max-video-preview":"max-video-preview:-1"},"canonical":"https:\/\/szkolasuper.pl\/fr\/polityka-prywatnosci\/","og_locale":"fr_FR","og_type":"article","og_title":"Polityka Prywatno\u015bci - SUPER","og_description":"Polityka Prywatno\u015bci POLITYKA PRYWATNO\u015aCI SUPER SZKO\u0141Y J\u0118ZYKOWEJ Kto jest administratorem pa\u0144stwa danych? Administratorem Pani\/ Pana danych osobowych jest FUNDACJA ROZWOJU PRZEDSI\u0118BIORCZO\u015aCI \u201eTW\u00d3J STARTUP\u201d z siedzib\u0105 w Warszawie (adres siedziby: ul. \u017burawia 6\/12, lok. 766, 00-503 Warszawa). Powy\u017csza polityka prywatno\u015bci dotyczy us\u0142ug Fundacji \u015bwiadczonych przez\u00a0 zorganizowan\u0105 cz\u0119\u015b\u0107 przedsi\u0119biorstwa SUPER Szko\u0142a J\u0119zykowa dane kontaktowe: numer telefonu +48532010538, [&hellip;]","og_url":"https:\/\/szkolasuper.pl\/fr\/polityka-prywatnosci\/","og_site_name":"SUPER","article_modified_time":"2025-08-11T05:37:13+00:00","schema":{"@context":"https:\/\/schema.org","@graph":[{"@type":"WebPage","@id":"https:\/\/szkolasuper.pl\/polityka-prywatnosci\/","url":"https:\/\/szkolasuper.pl\/polityka-prywatnosci\/","name":"Polityka Prywatno\u015bci - SUPER","isPartOf":{"@id":"https:\/\/szkolasuper.pl\/#website"},"datePublished":"2025-08-04T17:45:16+00:00","dateModified":"2025-08-11T05:37:13+00:00","breadcrumb":{"@id":"https:\/\/szkolasuper.pl\/polityka-prywatnosci\/#breadcrumb"},"inLanguage":"fr-FR","potentialAction":[{"@type":"ReadAction","target":["https:\/\/szkolasuper.pl\/polityka-prywatnosci\/"]}]},{"@type":"BreadcrumbList","@id":"https:\/\/szkolasuper.pl\/polityka-prywatnosci\/#breadcrumb","itemListElement":[{"@type":"ListItem","position":1,"name":"Strona g\u0142\u00f3wna","item":"https:\/\/szkolasuper.pl\/"},{"@type":"ListItem","position":2,"name":"Polityka Prywatno\u015bci"}]},{"@type":"WebSite","@id":"https:\/\/szkolasuper.pl\/#website","url":"https:\/\/szkolasuper.pl\/","name":"SUPER","description":"Szko\u0142a J\u0119zykowa","publisher":{"@id":"https:\/\/szkolasuper.pl\/#organization"},"potentialAction":[{"@type":"SearchAction","target":{"@type":"EntryPoint","urlTemplate":"https:\/\/szkolasuper.pl\/?s={search_term_string}"},"query-input":{"@type":"PropertyValueSpecification","valueRequired":true,"valueName":"search_term_string"}}],"inLanguage":"fr-FR"},{"@type":"Organization","@id":"https:\/\/szkolasuper.pl\/#organization","name":"SUPER","url":"https:\/\/szkolasuper.pl\/","logo":{"@type":"ImageObject","inLanguage":"fr-FR","@id":"https:\/\/szkolasuper.pl\/#\/schema\/logo\/image\/","url":"https:\/\/szkolasuper.pl\/wp-content\/uploads\/2025\/07\/logo_super_pelna_bialy-scaled.png","contentUrl":"https:\/\/szkolasuper.pl\/wp-content\/uploads\/2025\/07\/logo_super_pelna_bialy-scaled.png","width":2560,"height":706,"caption":"SUPER"},"image":{"@id":"https:\/\/szkolasuper.pl\/#\/schema\/logo\/image\/"}}]}},"_links":{"self":[{"href":"https:\/\/szkolasuper.pl\/fr\/wp-json\/wp\/v2\/pages\/347","targetHints":{"allow":["GET"]}}],"collection":[{"href":"https:\/\/szkolasuper.pl\/fr\/wp-json\/wp\/v2\/pages"}],"about":[{"href":"https:\/\/szkolasuper.pl\/fr\/wp-json\/wp\/v2\/types\/page"}],"author":[{"embeddable":true,"href":"https:\/\/szkolasuper.pl\/fr\/wp-json\/wp\/v2\/users\/1"}],"replies":[{"embeddable":true,"href":"https:\/\/szkolasuper.pl\/fr\/wp-json\/wp\/v2\/comments?post=347"}],"version-history":[{"count":10,"href":"https:\/\/szkolasuper.pl\/fr\/wp-json\/wp\/v2\/pages\/347\/revisions"}],"predecessor-version":[{"id":380,"href":"https:\/\/szkolasuper.pl\/fr\/wp-json\/wp\/v2\/pages\/347\/revisions\/380"}],"wp:attachment":[{"href":"https:\/\/szkolasuper.pl\/fr\/wp-json\/wp\/v2\/media?parent=347"}],"curies":[{"name":"wp","href":"https:\/\/api.w.org\/{rel}","templated":true}]}}