{"id":342,"date":"2025-08-04T17:44:02","date_gmt":"2025-08-04T17:44:02","guid":{"rendered":"https:\/\/szkolasuper.pl\/?page_id=342"},"modified":"2025-08-11T05:34:36","modified_gmt":"2025-08-11T05:34:36","slug":"polityka-cookies","status":"publish","type":"page","link":"https:\/\/szkolasuper.pl\/fr\/polityka-cookies\/","title":{"rendered":"Politique en mati\u00e8re de cookies"},"content":{"rendered":"<div data-elementor-type=\"wp-page\" data-elementor-id=\"342\" class=\"elementor elementor-342\">\n\t\t\t\t\t\t<section class=\"elementor-section elementor-top-section elementor-element elementor-element-5564f5b0 elementor-section-height-min-height elementor-section-boxed elementor-section-height-default elementor-section-items-middle\" data-id=\"5564f5b0\" data-element_type=\"section\" data-e-type=\"section\" data-settings=\"{&quot;background_background&quot;:&quot;classic&quot;}\">\n\t\t\t\t\t\t<div class=\"elementor-container elementor-column-gap-no\">\n\t\t\t\t\t<div class=\"elementor-column elementor-col-100 elementor-top-column elementor-element elementor-element-7b8d5fe\" data-id=\"7b8d5fe\" data-element_type=\"column\" data-e-type=\"column\">\n\t\t\t<div class=\"elementor-widget-wrap elementor-element-populated\">\n\t\t\t\t\t\t<div class=\"elementor-element elementor-element-27865363 elementor-widget-divider--view-line elementor-widget elementor-widget-divider\" data-id=\"27865363\" data-element_type=\"widget\" data-e-type=\"widget\" data-widget_type=\"divider.default\">\n\t\t\t\t\t\t\t<div class=\"elementor-divider\">\n\t\t\t<span class=\"elementor-divider-separator\">\n\t\t\t\t\t\t<\/span>\n\t\t<\/div>\n\t\t\t\t\t\t<\/div>\n\t\t\t\t<div class=\"elementor-element elementor-element-2c64e0d3 elementor-widget elementor-widget-heading\" data-id=\"2c64e0d3\" data-element_type=\"widget\" data-e-type=\"widget\" data-widget_type=\"heading.default\">\n\t\t\t\t\t<h1 class=\"elementor-heading-title elementor-size-default\">Politique en mati\u00e8re de cookies<\/h1>\t\t\t\t<\/div>\n\t\t\t\t\t<\/div>\n\t\t<\/div>\n\t\t\t\t\t<\/div>\n\t\t<\/section>\n\t\t\t\t<section class=\"elementor-section elementor-top-section elementor-element elementor-element-34cbac36 elementor-section-boxed elementor-section-height-default elementor-section-height-default\" data-id=\"34cbac36\" data-element_type=\"section\" data-e-type=\"section\" data-settings=\"{&quot;background_background&quot;:&quot;classic&quot;}\">\n\t\t\t\t\t\t<div class=\"elementor-container elementor-column-gap-no\">\n\t\t\t\t\t<div class=\"elementor-column elementor-col-100 elementor-top-column elementor-element elementor-element-433b2dff\" data-id=\"433b2dff\" data-element_type=\"column\" data-e-type=\"column\">\n\t\t\t<div class=\"elementor-widget-wrap elementor-element-populated\">\n\t\t\t\t\t\t<div class=\"elementor-element elementor-element-f9fa07b elementor-widget elementor-widget-text-editor\" data-id=\"f9fa07b\" data-element_type=\"widget\" data-e-type=\"widget\" data-widget_type=\"text-editor.default\">\n\t\t\t\t\t\t\t\t\t<p class=\"p1\"><b>Politique en mati\u00e8re de cookies<\/b><b><\/b><\/p><p class=\"p2\">Les cookies sont des fichiers texte cr\u00e9\u00e9s automatiquement par les navigateurs web lorsque vous visitez ou utilisez des sites web. Ils sont envoy\u00e9s par le site web et stock\u00e9s sur l'appareil de l'utilisateur. Ils fournissent \u00e0 l'administrateur du site web des informations qui, entre autres, permettent au site web de fonctionner correctement, garantissent la s\u00e9curit\u00e9 et am\u00e9liorent son fonctionnement.<\/p><p class=\"p1\"><b>Contr\u00f4leur des donn\u00e9es<\/b><b><\/b><\/p><p class=\"p2\">Le responsable du traitement des donn\u00e9es personnelles est la FONDATION POUR LE D\u00c9VELOPPEMENT DE L'ENTREPRISE \u201eTW\u00d3J STARTUP\u201d, dont le si\u00e8ge social est situ\u00e9 \u00e0 Varsovie (adresse : ul. \u017burawia 6\/12, lok. 766, 00-503 Varsovie), inscrite au registre des entrepreneurs du Registre national des tribunaux par le tribunal de district de la capitale de Varsovie, \u00e0 Varsovie, XIIe chambre \u00e9conomique du Registre national des tribunaux, sous le num\u00e9ro 0000442857 ; NIP : 5213641211 ; REGON : 146433467, coordonn\u00e9es : num\u00e9ro de t\u00e9l\u00e9phone +48532010538, adresse \u00e9lectronique : kontakt@szkolasuper.pl, dans le cadre de la r\u00e9alisation de l'offre de services de la FONDATION POUR LE D\u00c9VELOPPEMENT DE L'ENTREPRISE \"TW\u00d3J STARTUP\", dont le si\u00e8ge social est situ\u00e9 \u00e0 Varsovie (adresse : ul. \u017burawia 6\/12, lok. 766, 00-503 Varsovie).<span class=\"Apple-converted-space\">\u00a0 <\/span>par Magdalena Szelinger de la partie organis\u00e9e de l'entreprise appel\u00e9e SUPER Language School.<\/p><p class=\"p1\"><b>Types de cookies<\/b><\/p><p class=\"p2\">Nous utilisons les types de cookies suivants dans le cadre de nos sites web :<\/p><p class=\"p2\"><b>Essentiel\/Technique : <\/b>Ces cookies sont n\u00e9cessaires au bon fonctionnement du site web. Ces cookies sont install\u00e9s notamment pour m\u00e9moriser votre session de connexion ou pour remplir des formulaires, ainsi que pour m\u00e9moriser si vous avez \u00e9t\u00e9 inform\u00e9 de l'utilisation de cookies.<\/p><p class=\"p2\"><b>Fonctionnel : <\/b>Ils se souviennent et adaptent la plateforme \u00e0 vos choix, par exemple en vous permettant de compl\u00e9ter automatiquement l'adresse \u00e9lectronique \u00e0 partir de laquelle vous vous \u00eates connect\u00e9 \u00e0 la plateforme pour la derni\u00e8re fois.<\/p><p class=\"p2\"><b>Analytique<\/b>: Ils nous permettent de v\u00e9rifier le nombre de visites et les sources de trafic. Gr\u00e2ce \u00e0 eux, nous pouvons d\u00e9terminer quelles pages sont populaires et lesquelles ne le sont pas. Avec leur aide, nous \u00e9tudions les statistiques et am\u00e9liorons les performances de nos sites. Nous utilisons des solutions de Google, Mailerchimp et Hotjar, entre autres, pour nos sites web.<\/p><p class=\"p2\"><b>Marketing <\/b>- Ils permettent d'adapter le contenu publicitaire affich\u00e9 \u00e0 vos centres d'int\u00e9r\u00eat, non seulement \u00e0 l'int\u00e9rieur de notre portail, mais aussi \u00e0 l'ext\u00e9rieur. Ils peuvent \u00eatre install\u00e9s par des partenaires publicitaires. Sur la base des informations fournies par ces cookies et de votre activit\u00e9 sur d'autres sites web, un profil de vos int\u00e9r\u00eats est \u00e9tabli.<\/p><p class=\"p2\"><b>Cookies de r\u00e9seaux sociaux : <\/b>Il s'agit de cookies install\u00e9s par nos partenaires pour adapter le contenu publicitaire affich\u00e9 sur les m\u00e9dias sociaux. Ils sont utilis\u00e9s pour \u00e9tablir un profil de vos int\u00e9r\u00eats. Cela permet de s'assurer que le contenu affich\u00e9 est adapt\u00e9 \u00e0 vos besoins individuels.<\/p><p class=\"p1\"><b>Dur\u00e9e de conservation des biscuits<\/b><b><\/b><\/p><p class=\"p2\">Sessions - elles sont stock\u00e9es sur l'appareil utilis\u00e9 jusqu'\u00e0 ce que vous quittiez le site web, par exemple en \u00e9teignant votre navigateur web.<\/p><p class=\"p2\">Permanentes - elles existent jusqu'\u00e0 ce qu'elles soient supprim\u00e9es manuellement ou jusqu'\u00e0 ce que la dur\u00e9e sp\u00e9cifi\u00e9e dans le navigateur se soit \u00e9coul\u00e9e.<\/p><p class=\"p1\"><b>Type de donn\u00e9es collect\u00e9es<\/b><b><\/b><\/p><p class=\"p2\">Il s'agit notamment de<\/p><ul class=\"ul1\"><li class=\"li3\">l'adresse IP de l'appareil que vous utilisez<\/li><li class=\"li3\">type de dispositif<\/li><li class=\"li3\">le temps pass\u00e9 sur le site<\/li><li class=\"li3\">la suite donn\u00e9e \u00e0 la<\/li><li class=\"li2\">le lieu \u00e0 partir duquel l'appel est effectu\u00e9<\/li><\/ul><p class=\"p1\"><b>M\u00e9thode de retrait du consentement<\/b><b><\/b><\/p><p class=\"p2\"><span class=\"s2\">N<\/span>Le navigateur web t\u00e9l\u00e9charge certains cookies lorsque vous visitez un site web. Pour bloquer le t\u00e9l\u00e9chargement des cookies, utilisez la m\u00e9thode qui existe pour votre navigateur :<\/p><ul class=\"ul1\"><li class=\"li4\"><span class=\"s3\"><a href=\"https:\/\/support.mozilla.org\/pl\/kb\/wzmocniona-ochrona-przed-sledzeniem-firefox-desktop?redirectslug=W%25C5%2582%25C4%2585czanie+i+wy%25C5%2582%25C4%2585czanie+obs%25C5%2582ugi+ciasteczek&amp;redirectlocale=pl\"><span class=\"s4\">Firefox<\/span><\/a><\/span><\/li><li class=\"li4\"><span class=\"s3\"><a href=\"https:\/\/support.google.com\/accounts\/answer\/61416?co=GENIE.Platform=Desktop&amp;hl=pl\"><span class=\"s4\">Chrome<\/span><\/a><\/span><\/li><li class=\"li4\"><span class=\"s3\"><a href=\"https:\/\/support.microsoft.com\/pl-pl\/help\/17442\/windows-internet-explorer-delete-manage-cookies\"><span class=\"s4\">Microsoft Edge<\/span><\/a><\/span><\/li><li class=\"li5\"><span class=\"s3\"><a href=\"https:\/\/support.apple.com\/pl-pl\/HT201265\"><span class=\"s4\">Safari<\/span><\/a><\/span><\/li><\/ul><p class=\"p6\">L'absence de sauvegarde\/lecture des cookies peut entra\u00eener un fonctionnement incomplet et incorrect du site web, mais l'utilisation du site web reste possible.<\/p><p class=\"p1\"><b>Contact<\/b><\/p><p class=\"p2\">Si vous avez des questions concernant le traitement de vos donn\u00e9es personnelles ou si vous souhaitez exercer vos droits, vous pouvez nous contacter aux adresses indiqu\u00e9es sous \u201c<b>Responsable du traitement des donn\u00e9es<\/b>\u201d<\/p><p class=\"p2\">En outre, des informations nous concernant et concernant vos droits sont disponibles \u00e0 l'adresse indiqu\u00e9e : <a href=\"https:\/\/szkolasuper.pl\/fr\/polityka-prywatnosci\/\">Politique de confidentialit\u00e9 - SUPER<\/a><\/p><p class=\"p7\">En cas de violation de la l\u00e9gislation sur la protection des donn\u00e9es, vous avez le droit de d\u00e9poser une plainte aupr\u00e8s du pr\u00e9sident de l'autorit\u00e9 de protection des donn\u00e9es \u00e0 l'adresse suivante <a href=\"https:\/\/uodo.gov.pl\/\"><span class=\"s5\">https:\/\/uodo.gov.pl\/<\/span><\/a><\/p>\t\t\t\t\t\t\t\t<\/div>\n\t\t\t\t\t<\/div>\n\t\t<\/div>\n\t\t\t\t\t<\/div>\n\t\t<\/section>\n\t\t\t\t<\/div>","protected":false},"excerpt":{"rendered":"<p>Polityka Cookies Polityka Cookies Cookies stanowi\u0105 pliki tekstowe i powstaj\u0105 one w spos\u00f3b automatyczny za pomoc\u0105 przegl\u0105darek internetowych w momencie odwiedzania lub korzystania ze stron internetowych. S\u0105 one wysy\u0142ane przez stron\u0119 internetow\u0105 i zapisywane na urz\u0105dzeniu u\u017cytkownika. Za ich pomoc\u0105 administrator otrzymuje informacje pozwalaj\u0105ce mi\u0119dzy innymi na umo\u017cliwienie prawid\u0142owego dzia\u0142ania strony, zapewnienie bezpiecze\u0144stwa a tak\u017ce [&hellip;]<\/p>","protected":false},"author":1,"featured_media":0,"parent":0,"menu_order":0,"comment_status":"closed","ping_status":"closed","template":"","meta":{"site-sidebar-layout":"no-sidebar","site-content-layout":"page-builder","ast-site-content-layout":"default","site-content-style":"default","site-sidebar-style":"default","ast-global-header-display":"","ast-banner-title-visibility":"","ast-main-header-display":"","ast-hfb-above-header-display":"","ast-hfb-below-header-display":"","ast-hfb-mobile-header-display":"","site-post-title":"disabled","ast-breadcrumbs-content":"disabled","ast-featured-img":"disabled","footer-sml-layout":"","ast-disable-related-posts":"","theme-transparent-header-meta":"enabled","adv-header-id-meta":"","stick-header-meta":"","header-above-stick-meta":"","header-main-stick-meta":"","header-below-stick-meta":"","astra-migrate-meta-layouts":"default","ast-page-background-enabled":"default","ast-page-background-meta":{"desktop":{"background-color":"","background-image":"","background-repeat":"repeat","background-position":"center center","background-size":"auto","background-attachment":"scroll","background-type":"","background-media":"","overlay-type":"","overlay-color":"","overlay-opacity":"","overlay-gradient":""},"tablet":{"background-color":"","background-image":"","background-repeat":"repeat","background-position":"center center","background-size":"auto","background-attachment":"scroll","background-type":"","background-media":"","overlay-type":"","overlay-color":"","overlay-opacity":"","overlay-gradient":""},"mobile":{"background-color":"","background-image":"","background-repeat":"repeat","background-position":"center center","background-size":"auto","background-attachment":"scroll","background-type":"","background-media":"","overlay-type":"","overlay-color":"","overlay-opacity":"","overlay-gradient":""}},"ast-content-background-meta":{"desktop":{"background-color":"var(--ast-global-color-5)","background-image":"","background-repeat":"repeat","background-position":"center center","background-size":"auto","background-attachment":"scroll","background-type":"","background-media":"","overlay-type":"","overlay-color":"","overlay-opacity":"","overlay-gradient":""},"tablet":{"background-color":"var(--ast-global-color-5)","background-image":"","background-repeat":"repeat","background-position":"center center","background-size":"auto","background-attachment":"scroll","background-type":"","background-media":"","overlay-type":"","overlay-color":"","overlay-opacity":"","overlay-gradient":""},"mobile":{"background-color":"var(--ast-global-color-5)","background-image":"","background-repeat":"repeat","background-position":"center center","background-size":"auto","background-attachment":"scroll","background-type":"","background-media":"","overlay-type":"","overlay-color":"","overlay-opacity":"","overlay-gradient":""}},"footnotes":""},"class_list":["post-342","page","type-page","status-publish","hentry"],"yoast_head":"<!-- This site is optimized with the Yoast SEO plugin v26.5 - https:\/\/yoast.com\/wordpress\/plugins\/seo\/ -->\n<title>Polityka Cookies - SUPER<\/title>\n<meta name=\"robots\" content=\"index, follow, max-snippet:-1, max-image-preview:large, max-video-preview:-1\" \/>\n<link rel=\"canonical\" href=\"https:\/\/szkolasuper.pl\/fr\/polityka-cookies\/\" \/>\n<meta property=\"og:locale\" content=\"fr_FR\" \/>\n<meta property=\"og:type\" content=\"article\" \/>\n<meta property=\"og:title\" content=\"Polityka Cookies - SUPER\" \/>\n<meta property=\"og:description\" content=\"Polityka Cookies Polityka Cookies Cookies stanowi\u0105 pliki tekstowe i powstaj\u0105 one w spos\u00f3b automatyczny za pomoc\u0105 przegl\u0105darek internetowych w momencie odwiedzania lub korzystania ze stron internetowych. S\u0105 one wysy\u0142ane przez stron\u0119 internetow\u0105 i zapisywane na urz\u0105dzeniu u\u017cytkownika. Za ich pomoc\u0105 administrator otrzymuje informacje pozwalaj\u0105ce mi\u0119dzy innymi na umo\u017cliwienie prawid\u0142owego dzia\u0142ania strony, zapewnienie bezpiecze\u0144stwa a tak\u017ce [&hellip;]\" \/>\n<meta property=\"og:url\" content=\"https:\/\/szkolasuper.pl\/fr\/polityka-cookies\/\" \/>\n<meta property=\"og:site_name\" content=\"SUPER\" \/>\n<meta property=\"article:modified_time\" content=\"2025-08-11T05:34:36+00:00\" \/>\n<script type=\"application\/ld+json\" class=\"yoast-schema-graph\">{\"@context\":\"https:\/\/schema.org\",\"@graph\":[{\"@type\":\"WebPage\",\"@id\":\"https:\/\/szkolasuper.pl\/polityka-cookies\/\",\"url\":\"https:\/\/szkolasuper.pl\/polityka-cookies\/\",\"name\":\"Polityka Cookies - SUPER\",\"isPartOf\":{\"@id\":\"https:\/\/szkolasuper.pl\/#website\"},\"datePublished\":\"2025-08-04T17:44:02+00:00\",\"dateModified\":\"2025-08-11T05:34:36+00:00\",\"breadcrumb\":{\"@id\":\"https:\/\/szkolasuper.pl\/polityka-cookies\/#breadcrumb\"},\"inLanguage\":\"fr-FR\",\"potentialAction\":[{\"@type\":\"ReadAction\",\"target\":[\"https:\/\/szkolasuper.pl\/polityka-cookies\/\"]}]},{\"@type\":\"BreadcrumbList\",\"@id\":\"https:\/\/szkolasuper.pl\/polityka-cookies\/#breadcrumb\",\"itemListElement\":[{\"@type\":\"ListItem\",\"position\":1,\"name\":\"Strona g\u0142\u00f3wna\",\"item\":\"https:\/\/szkolasuper.pl\/\"},{\"@type\":\"ListItem\",\"position\":2,\"name\":\"Polityka Cookies\"}]},{\"@type\":\"WebSite\",\"@id\":\"https:\/\/szkolasuper.pl\/#website\",\"url\":\"https:\/\/szkolasuper.pl\/\",\"name\":\"SUPER\",\"description\":\"Szko\u0142a J\u0119zykowa\",\"publisher\":{\"@id\":\"https:\/\/szkolasuper.pl\/#organization\"},\"potentialAction\":[{\"@type\":\"SearchAction\",\"target\":{\"@type\":\"EntryPoint\",\"urlTemplate\":\"https:\/\/szkolasuper.pl\/?s={search_term_string}\"},\"query-input\":{\"@type\":\"PropertyValueSpecification\",\"valueRequired\":true,\"valueName\":\"search_term_string\"}}],\"inLanguage\":\"fr-FR\"},{\"@type\":\"Organization\",\"@id\":\"https:\/\/szkolasuper.pl\/#organization\",\"name\":\"SUPER\",\"url\":\"https:\/\/szkolasuper.pl\/\",\"logo\":{\"@type\":\"ImageObject\",\"inLanguage\":\"fr-FR\",\"@id\":\"https:\/\/szkolasuper.pl\/#\/schema\/logo\/image\/\",\"url\":\"https:\/\/szkolasuper.pl\/wp-content\/uploads\/2025\/07\/logo_super_pelna_bialy-scaled.png\",\"contentUrl\":\"https:\/\/szkolasuper.pl\/wp-content\/uploads\/2025\/07\/logo_super_pelna_bialy-scaled.png\",\"width\":2560,\"height\":706,\"caption\":\"SUPER\"},\"image\":{\"@id\":\"https:\/\/szkolasuper.pl\/#\/schema\/logo\/image\/\"}}]}<\/script>\n<!-- \/ Yoast SEO plugin. -->","yoast_head_json":{"title":"Polityka Cookies - SUPER","robots":{"index":"index","follow":"follow","max-snippet":"max-snippet:-1","max-image-preview":"max-image-preview:large","max-video-preview":"max-video-preview:-1"},"canonical":"https:\/\/szkolasuper.pl\/fr\/polityka-cookies\/","og_locale":"fr_FR","og_type":"article","og_title":"Polityka Cookies - SUPER","og_description":"Polityka Cookies Polityka Cookies Cookies stanowi\u0105 pliki tekstowe i powstaj\u0105 one w spos\u00f3b automatyczny za pomoc\u0105 przegl\u0105darek internetowych w momencie odwiedzania lub korzystania ze stron internetowych. S\u0105 one wysy\u0142ane przez stron\u0119 internetow\u0105 i zapisywane na urz\u0105dzeniu u\u017cytkownika. Za ich pomoc\u0105 administrator otrzymuje informacje pozwalaj\u0105ce mi\u0119dzy innymi na umo\u017cliwienie prawid\u0142owego dzia\u0142ania strony, zapewnienie bezpiecze\u0144stwa a tak\u017ce [&hellip;]","og_url":"https:\/\/szkolasuper.pl\/fr\/polityka-cookies\/","og_site_name":"SUPER","article_modified_time":"2025-08-11T05:34:36+00:00","schema":{"@context":"https:\/\/schema.org","@graph":[{"@type":"WebPage","@id":"https:\/\/szkolasuper.pl\/polityka-cookies\/","url":"https:\/\/szkolasuper.pl\/polityka-cookies\/","name":"Polityka Cookies - SUPER","isPartOf":{"@id":"https:\/\/szkolasuper.pl\/#website"},"datePublished":"2025-08-04T17:44:02+00:00","dateModified":"2025-08-11T05:34:36+00:00","breadcrumb":{"@id":"https:\/\/szkolasuper.pl\/polityka-cookies\/#breadcrumb"},"inLanguage":"fr-FR","potentialAction":[{"@type":"ReadAction","target":["https:\/\/szkolasuper.pl\/polityka-cookies\/"]}]},{"@type":"BreadcrumbList","@id":"https:\/\/szkolasuper.pl\/polityka-cookies\/#breadcrumb","itemListElement":[{"@type":"ListItem","position":1,"name":"Strona g\u0142\u00f3wna","item":"https:\/\/szkolasuper.pl\/"},{"@type":"ListItem","position":2,"name":"Polityka Cookies"}]},{"@type":"WebSite","@id":"https:\/\/szkolasuper.pl\/#website","url":"https:\/\/szkolasuper.pl\/","name":"SUPER","description":"Szko\u0142a J\u0119zykowa","publisher":{"@id":"https:\/\/szkolasuper.pl\/#organization"},"potentialAction":[{"@type":"SearchAction","target":{"@type":"EntryPoint","urlTemplate":"https:\/\/szkolasuper.pl\/?s={search_term_string}"},"query-input":{"@type":"PropertyValueSpecification","valueRequired":true,"valueName":"search_term_string"}}],"inLanguage":"fr-FR"},{"@type":"Organization","@id":"https:\/\/szkolasuper.pl\/#organization","name":"SUPER","url":"https:\/\/szkolasuper.pl\/","logo":{"@type":"ImageObject","inLanguage":"fr-FR","@id":"https:\/\/szkolasuper.pl\/#\/schema\/logo\/image\/","url":"https:\/\/szkolasuper.pl\/wp-content\/uploads\/2025\/07\/logo_super_pelna_bialy-scaled.png","contentUrl":"https:\/\/szkolasuper.pl\/wp-content\/uploads\/2025\/07\/logo_super_pelna_bialy-scaled.png","width":2560,"height":706,"caption":"SUPER"},"image":{"@id":"https:\/\/szkolasuper.pl\/#\/schema\/logo\/image\/"}}]}},"_links":{"self":[{"href":"https:\/\/szkolasuper.pl\/fr\/wp-json\/wp\/v2\/pages\/342","targetHints":{"allow":["GET"]}}],"collection":[{"href":"https:\/\/szkolasuper.pl\/fr\/wp-json\/wp\/v2\/pages"}],"about":[{"href":"https:\/\/szkolasuper.pl\/fr\/wp-json\/wp\/v2\/types\/page"}],"author":[{"embeddable":true,"href":"https:\/\/szkolasuper.pl\/fr\/wp-json\/wp\/v2\/users\/1"}],"replies":[{"embeddable":true,"href":"https:\/\/szkolasuper.pl\/fr\/wp-json\/wp\/v2\/comments?post=342"}],"version-history":[{"count":13,"href":"https:\/\/szkolasuper.pl\/fr\/wp-json\/wp\/v2\/pages\/342\/revisions"}],"predecessor-version":[{"id":377,"href":"https:\/\/szkolasuper.pl\/fr\/wp-json\/wp\/v2\/pages\/342\/revisions\/377"}],"wp:attachment":[{"href":"https:\/\/szkolasuper.pl\/fr\/wp-json\/wp\/v2\/media?parent=342"}],"curies":[{"name":"wp","href":"https:\/\/api.w.org\/{rel}","templated":true}]}}