{"id":23,"date":"2025-07-09T14:54:19","date_gmt":"2025-07-09T14:54:19","guid":{"rendered":"https:\/\/szkolasuper.pl\/oferta\/"},"modified":"2025-07-29T07:45:56","modified_gmt":"2025-07-29T07:45:56","slug":"oferta","status":"publish","type":"page","link":"https:\/\/szkolasuper.pl\/fr\/oferta\/","title":{"rendered":"Offre"},"content":{"rendered":"<div data-elementor-type=\"wp-page\" data-elementor-id=\"23\" class=\"elementor elementor-23\">\n\t\t\t\t\t\t<section class=\"elementor-section elementor-top-section elementor-element elementor-element-6a31493e elementor-section-height-min-height elementor-section-boxed elementor-section-height-default elementor-section-items-middle\" data-id=\"6a31493e\" data-element_type=\"section\" data-e-type=\"section\" data-settings=\"{&quot;background_background&quot;:&quot;classic&quot;}\">\n\t\t\t\t\t\t<div class=\"elementor-container elementor-column-gap-no\">\n\t\t\t\t\t<div class=\"elementor-column elementor-col-100 elementor-top-column elementor-element elementor-element-4a376089\" data-id=\"4a376089\" data-element_type=\"column\" data-e-type=\"column\">\n\t\t\t<div class=\"elementor-widget-wrap elementor-element-populated\">\n\t\t\t\t\t\t<div class=\"elementor-element elementor-element-24c5b76a elementor-widget-divider--view-line elementor-widget elementor-widget-divider\" data-id=\"24c5b76a\" data-element_type=\"widget\" data-e-type=\"widget\" data-widget_type=\"divider.default\">\n\t\t\t\t\t\t\t<div class=\"elementor-divider\">\n\t\t\t<span class=\"elementor-divider-separator\">\n\t\t\t\t\t\t<\/span>\n\t\t<\/div>\n\t\t\t\t\t\t<\/div>\n\t\t\t\t<div class=\"elementor-element elementor-element-266b5027 elementor-widget elementor-widget-heading\" data-id=\"266b5027\" data-element_type=\"widget\" data-e-type=\"widget\" data-widget_type=\"heading.default\">\n\t\t\t\t\t<h1 class=\"elementor-heading-title elementor-size-default\">Offre<\/h1>\t\t\t\t<\/div>\n\t\t\t\t\t<\/div>\n\t\t<\/div>\n\t\t\t\t\t<\/div>\n\t\t<\/section>\n\t\t\t\t<section class=\"elementor-section elementor-top-section elementor-element elementor-element-2d7d33ff elementor-section-boxed elementor-section-height-default elementor-section-height-default\" data-id=\"2d7d33ff\" data-element_type=\"section\" data-e-type=\"section\" data-settings=\"{&quot;background_background&quot;:&quot;classic&quot;}\">\n\t\t\t\t\t\t<div class=\"elementor-container elementor-column-gap-no\">\n\t\t\t\t\t<div class=\"elementor-column elementor-col-100 elementor-top-column elementor-element elementor-element-1eb4e4f\" data-id=\"1eb4e4f\" data-element_type=\"column\" data-e-type=\"column\">\n\t\t\t<div class=\"elementor-widget-wrap elementor-element-populated\">\n\t\t\t\t\t\t<div class=\"elementor-element elementor-element-6081efd5 elementor-widget elementor-widget-heading\" data-id=\"6081efd5\" data-element_type=\"widget\" data-e-type=\"widget\" data-widget_type=\"heading.default\">\n\t\t\t\t\t<h2 class=\"elementor-heading-title elementor-size-default\">SUPER OFFRE<\/h2>\t\t\t\t<\/div>\n\t\t\t\t<div class=\"elementor-element elementor-element-4cd27d58 elementor-widget elementor-widget-text-editor\" data-id=\"4cd27d58\" data-element_type=\"widget\" data-e-type=\"widget\" data-widget_type=\"text-editor.default\">\n\t\t\t\t\t\t\t\t\t<p data-start=\"118\" data-end=\"298\">Nous proposons des solutions linguistiques modernes en ligne pour les enfants, les adolescents et les adultes, anim\u00e9es par des professeurs exp\u00e9riment\u00e9s qui mettent l'accent sur la pratique, l'efficacit\u00e9 et le confort d'apprentissage.<\/p><p data-start=\"300\" data-end=\"471\">Nos cours durent 60 minutes, soit 15 minutes de plus qu'une unit\u00e9 de cours standard, ce qui permet une assimilation plus compl\u00e8te du mat\u00e9riel et une participation active \u00e0 la le\u00e7on.<\/p><p data-start=\"473\" data-end=\"644\">Dans le cadre de chaque cours, nous donnons acc\u00e8s \u00e0 un tableau blanc virtuel, \u00e0 du mat\u00e9riel s\u00e9lectionn\u00e9 individuellement, \u00e0 des SUPER-Notes exclusives et \u00e0 une consultation gratuite avant le cours.<\/p><div>\u00a0<\/div>\t\t\t\t\t\t\t\t<\/div>\n\t\t\t\t<div class=\"elementor-element elementor-element-5a81048 elementor-widget__width-initial elementor-widget-tablet__width-initial elementor-widget-mobile__width-inherit elementor-position-top elementor-widget elementor-widget-image-box\" data-id=\"5a81048\" data-element_type=\"widget\" data-e-type=\"widget\" data-widget_type=\"image-box.default\">\n\t\t\t\t\t<div class=\"elementor-image-box-wrapper\"><figure class=\"elementor-image-box-img\"><img fetchpriority=\"high\" decoding=\"async\" width=\"940\" height=\"788\" src=\"https:\/\/szkolasuper.pl\/wp-content\/uploads\/2025\/07\/Projekt-bez-nazwy-21.png\" class=\"attachment-large size-large wp-image-244\" alt=\"\" srcset=\"https:\/\/szkolasuper.pl\/wp-content\/uploads\/2025\/07\/Projekt-bez-nazwy-21.png 940w, https:\/\/szkolasuper.pl\/wp-content\/uploads\/2025\/07\/Projekt-bez-nazwy-21-300x251.png 300w, https:\/\/szkolasuper.pl\/wp-content\/uploads\/2025\/07\/Projekt-bez-nazwy-21-768x644.png 768w, https:\/\/szkolasuper.pl\/wp-content\/uploads\/2025\/07\/Projekt-bez-nazwy-21-600x503.png 600w\" sizes=\"(max-width: 940px) 100vw, 940px\" \/><\/figure><div class=\"elementor-image-box-content\"><h4 class=\"elementor-image-box-title\">Cours SUPER en groupe<\/h4><p class=\"elementor-image-box-description\">L'apprentissage en groupe favorise le d\u00e9veloppement de comp\u00e9tences linguistiques pour l'interaction sociale. Les cours dispens\u00e9s en groupe permettent non seulement l'application pratique de la langue dans des situations de communication authentiques, mais aussi la capacit\u00e9 de r\u00e9agir linguistiquement, de s'inspirer mutuellement et d'\u00e9changer des exp\u00e9riences de mani\u00e8re constructive. L'atmosph\u00e8re de collaboration favorise le d\u00e9passement des barri\u00e8res linguistiques, renforce la motivation intrins\u00e8que et soutient le processus d'apprentissage syst\u00e9matique dans un environnement d'apprentissage dynamique et engageant.<br><br>PRIX : 45PLN\/45min<\/p><\/div><\/div>\t\t\t\t<\/div>\n\t\t\t\t<div class=\"elementor-element elementor-element-38348a16 elementor-widget__width-initial elementor-widget-tablet__width-initial elementor-widget-mobile__width-inherit elementor-position-top elementor-widget elementor-widget-image-box\" data-id=\"38348a16\" data-element_type=\"widget\" data-e-type=\"widget\" data-widget_type=\"image-box.default\">\n\t\t\t\t\t<div class=\"elementor-image-box-wrapper\"><figure class=\"elementor-image-box-img\"><img decoding=\"async\" width=\"940\" height=\"788\" src=\"https:\/\/szkolasuper.pl\/wp-content\/uploads\/2025\/07\/Projekt-bez-nazwy-24.png\" class=\"attachment-full size-full wp-image-246\" alt=\"\" srcset=\"https:\/\/szkolasuper.pl\/wp-content\/uploads\/2025\/07\/Projekt-bez-nazwy-24.png 940w, https:\/\/szkolasuper.pl\/wp-content\/uploads\/2025\/07\/Projekt-bez-nazwy-24-300x251.png 300w, https:\/\/szkolasuper.pl\/wp-content\/uploads\/2025\/07\/Projekt-bez-nazwy-24-768x644.png 768w, https:\/\/szkolasuper.pl\/wp-content\/uploads\/2025\/07\/Projekt-bez-nazwy-24-600x503.png 600w\" sizes=\"(max-width: 940px) 100vw, 940px\" \/><\/figure><div class=\"elementor-image-box-content\"><h4 class=\"elementor-image-box-title\">SUPER Le\u00e7ons en bin\u00f4me<\/h4><p class=\"elementor-image-box-description\">Les cours en bin\u00f4me permettent d'adapter au mieux le rythme, le contenu et les m\u00e9thodes de travail aux besoins et au style d'apprentissage des deux participants, tout en laissant une place au dialogue, \u00e0 la motivation mutuelle et \u00e0 l'utilisation pratique de la langue. Cette forme d'enseignement est particuli\u00e8rement recommand\u00e9e pour les personnes proches - couples, fr\u00e8res et s\u0153urs ou amis - qui souhaitent d\u00e9velopper leurs comp\u00e9tences linguistiques ensemble.<br><br><br>PRIX : 80PLN\/60min<\/p><\/div><\/div>\t\t\t\t<\/div>\n\t\t\t\t\t<\/div>\n\t\t<\/div>\n\t\t\t\t\t<\/div>\n\t\t<\/section>\n\t\t\t\t<section class=\"elementor-section elementor-top-section elementor-element elementor-element-a5c2807 elementor-section-boxed elementor-section-height-default elementor-section-height-default\" data-id=\"a5c2807\" data-element_type=\"section\" data-e-type=\"section\" data-settings=\"{&quot;background_background&quot;:&quot;classic&quot;}\">\n\t\t\t\t\t\t<div class=\"elementor-container elementor-column-gap-no\">\n\t\t\t\t\t<div class=\"elementor-column elementor-col-100 elementor-top-column elementor-element elementor-element-816ca81\" data-id=\"816ca81\" data-element_type=\"column\" data-e-type=\"column\">\n\t\t\t<div class=\"elementor-widget-wrap elementor-element-populated\">\n\t\t\t\t\t\t<div class=\"elementor-element elementor-element-29ce25a elementor-widget__width-initial elementor-widget-tablet__width-initial elementor-widget-mobile__width-inherit elementor-position-top elementor-widget elementor-widget-image-box\" data-id=\"29ce25a\" data-element_type=\"widget\" data-e-type=\"widget\" data-widget_type=\"image-box.default\">\n\t\t\t\t\t<div class=\"elementor-image-box-wrapper\"><figure class=\"elementor-image-box-img\"><img decoding=\"async\" width=\"940\" height=\"788\" src=\"https:\/\/szkolasuper.pl\/wp-content\/uploads\/2025\/07\/Projekt-bez-nazwy-22.png\" class=\"attachment-large size-large wp-image-245\" alt=\"\" srcset=\"https:\/\/szkolasuper.pl\/wp-content\/uploads\/2025\/07\/Projekt-bez-nazwy-22.png 940w, https:\/\/szkolasuper.pl\/wp-content\/uploads\/2025\/07\/Projekt-bez-nazwy-22-300x251.png 300w, https:\/\/szkolasuper.pl\/wp-content\/uploads\/2025\/07\/Projekt-bez-nazwy-22-768x644.png 768w, https:\/\/szkolasuper.pl\/wp-content\/uploads\/2025\/07\/Projekt-bez-nazwy-22-600x503.png 600w\" sizes=\"(max-width: 940px) 100vw, 940px\" \/><\/figure><div class=\"elementor-image-box-content\"><h4 class=\"elementor-image-box-title\"><span style=\"font-size: 1.41176rem\">SUPER le\u00e7ons individuelles<\/span><\/h4><p class=\"elementor-image-box-description\">Les cours particuliers sont la forme d'apprentissage la plus personnalis\u00e9e, vous permettant d'adapter enti\u00e8rement le programme, le rythme et les m\u00e9thodes d'enseignement \u00e0 vos besoins et \u00e0 vos objectifs linguistiques sp\u00e9cifiques. Travailler directement avec un professeur vous permet de vous concentrer intensivement sur des domaines s\u00e9lectionn\u00e9s de la langue, d'identifier rapidement les difficult\u00e9s et d'adapter le mat\u00e9riel \u00e0 votre niveau de mani\u00e8re continue. Ce type de cours est particuli\u00e8rement recommand\u00e9 pour ceux qui souhaitent un maximum d'efficacit\u00e9, de flexibilit\u00e9 et une approche individuelle dans un environnement d'apprentissage confortable.<br><br>PRIX : 150PLN\/60min<\/p><\/div><\/div>\t\t\t\t<\/div>\n\t\t\t\t<div class=\"elementor-element elementor-element-3ce94d0 elementor-widget__width-initial elementor-widget-tablet__width-initial elementor-widget-mobile__width-inherit elementor-position-top elementor-widget elementor-widget-image-box\" data-id=\"3ce94d0\" data-element_type=\"widget\" data-e-type=\"widget\" data-widget_type=\"image-box.default\">\n\t\t\t\t\t<div class=\"elementor-image-box-wrapper\"><figure class=\"elementor-image-box-img\"><img loading=\"lazy\" decoding=\"async\" width=\"940\" height=\"788\" src=\"https:\/\/szkolasuper.pl\/wp-content\/uploads\/2025\/07\/Projekt-bez-nazwy-25.png\" class=\"attachment-full size-full wp-image-247\" alt=\"\" srcset=\"https:\/\/szkolasuper.pl\/wp-content\/uploads\/2025\/07\/Projekt-bez-nazwy-25.png 940w, https:\/\/szkolasuper.pl\/wp-content\/uploads\/2025\/07\/Projekt-bez-nazwy-25-300x251.png 300w, https:\/\/szkolasuper.pl\/wp-content\/uploads\/2025\/07\/Projekt-bez-nazwy-25-768x644.png 768w, https:\/\/szkolasuper.pl\/wp-content\/uploads\/2025\/07\/Projekt-bez-nazwy-25-600x503.png 600w\" sizes=\"(max-width: 940px) 100vw, 940px\" \/><\/figure><div class=\"elementor-image-box-content\"><h4 class=\"elementor-image-box-title\"><span style=\"font-size: 1.41176rem\">Certificat SUPER<\/span><\/h4><p class=\"elementor-image-box-description\"><p data-start=\"135\" data-end=\"577\">Les cours individuels de pr\u00e9paration aux examens de langues s'adressent aux personnes qui souhaitent b\u00e9n\u00e9ficier d'un programme sur mesure, ax\u00e9 sur un objectif d'examen sp\u00e9cifique et sur l'obtention d'un score \u00e9lev\u00e9. <span style=\"font-style: inherit;font-weight: inherit\">Nous offrons une pr\u00e9paration professionnelle \u00e0 une vari\u00e9t\u00e9 d'examens, qu'il s'agisse d'examens nationaux tels que l'examen de huiti\u00e8me ann\u00e9e ou le baccalaur\u00e9at, ou de certificats internationaux.<\/span><span style=\"font-style: inherit;font-weight: inherit\"> Gr\u00e2ce \u00e0 une approche personnalis\u00e9e, des domaines sp\u00e9cifiques peuvent \u00eatre am\u00e9lior\u00e9s de mani\u00e8re efficace et les progr\u00e8s peuvent \u00eatre syst\u00e9matiquement suivis. <\/span><\/p><br>PRIX : 200PLN\/90min<\/p><\/div><\/div>\t\t\t\t<\/div>\n\t\t\t\t\t<\/div>\n\t\t<\/div>\n\t\t\t\t\t<\/div>\n\t\t<\/section>\n\t\t<div class=\"elementor-element elementor-element-27e1397 e-flex e-con-boxed e-con e-parent\" data-id=\"27e1397\" data-element_type=\"container\" data-e-type=\"container\">\n\t\t\t\t\t<div class=\"e-con-inner\">\n\t\t\t\t\t<\/div>\n\t\t\t\t<\/div>\n\t\t\t\t<\/div>","protected":false},"excerpt":{"rendered":"<p>Oferta SUPER OFERTA Oferujemy nowoczesne rozwi\u0105zania j\u0119zykowe online dla dzieci, m\u0142odzie\u017cy i doros\u0142ych \u2013 prowadzone przez do\u015bwiadczonych lektor\u00f3w, z naciskiem na praktyk\u0119, skuteczno\u015b\u0107 i komfort nauki. Nasze zaj\u0119cia trwaj\u0105 60 minut, czyli o 15 minut d\u0142u\u017cej ni\u017c standardowa jednostka lekcyjna, co pozwala na pe\u0142niejsze przyswojenie materia\u0142u i aktywne uczestnictwo w lekcji. W ramach ka\u017cdego kursu [&hellip;]<\/p>","protected":false},"author":1,"featured_media":0,"parent":0,"menu_order":0,"comment_status":"closed","ping_status":"closed","template":"","meta":{"site-sidebar-layout":"no-sidebar","site-content-layout":"page-builder","ast-site-content-layout":"default","site-content-style":"default","site-sidebar-style":"default","ast-global-header-display":"","ast-banner-title-visibility":"","ast-main-header-display":"","ast-hfb-above-header-display":"","ast-hfb-below-header-display":"","ast-hfb-mobile-header-display":"","site-post-title":"disabled","ast-breadcrumbs-content":"disabled","ast-featured-img":"disabled","footer-sml-layout":"","ast-disable-related-posts":"","theme-transparent-header-meta":"enabled","adv-header-id-meta":"","stick-header-meta":"","header-above-stick-meta":"","header-main-stick-meta":"","header-below-stick-meta":"","astra-migrate-meta-layouts":"default","ast-page-background-enabled":"default","ast-page-background-meta":{"desktop":{"background-color":"","background-image":"","background-repeat":"repeat","background-position":"center center","background-size":"auto","background-attachment":"scroll","background-type":"","background-media":"","overlay-type":"","overlay-color":"","overlay-opacity":"","overlay-gradient":""},"tablet":{"background-color":"","background-image":"","background-repeat":"repeat","background-position":"center center","background-size":"auto","background-attachment":"scroll","background-type":"","background-media":"","overlay-type":"","overlay-color":"","overlay-opacity":"","overlay-gradient":""},"mobile":{"background-color":"","background-image":"","background-repeat":"repeat","background-position":"center center","background-size":"auto","background-attachment":"scroll","background-type":"","background-media":"","overlay-type":"","overlay-color":"","overlay-opacity":"","overlay-gradient":""}},"ast-content-background-meta":{"desktop":{"background-color":"var(--ast-global-color-5)","background-image":"","background-repeat":"repeat","background-position":"center center","background-size":"auto","background-attachment":"scroll","background-type":"","background-media":"","overlay-type":"","overlay-color":"","overlay-opacity":"","overlay-gradient":""},"tablet":{"background-color":"var(--ast-global-color-5)","background-image":"","background-repeat":"repeat","background-position":"center center","background-size":"auto","background-attachment":"scroll","background-type":"","background-media":"","overlay-type":"","overlay-color":"","overlay-opacity":"","overlay-gradient":""},"mobile":{"background-color":"var(--ast-global-color-5)","background-image":"","background-repeat":"repeat","background-position":"center center","background-size":"auto","background-attachment":"scroll","background-type":"","background-media":"","overlay-type":"","overlay-color":"","overlay-opacity":"","overlay-gradient":""}},"footnotes":""},"class_list":["post-23","page","type-page","status-publish","hentry"],"yoast_head":"<!-- This site is optimized with the Yoast SEO plugin v26.5 - https:\/\/yoast.com\/wordpress\/plugins\/seo\/ -->\n<title>Oferta - SUPER<\/title>\n<meta name=\"robots\" content=\"index, follow, max-snippet:-1, max-image-preview:large, max-video-preview:-1\" \/>\n<link rel=\"canonical\" href=\"https:\/\/szkolasuper.pl\/fr\/oferta\/\" \/>\n<meta property=\"og:locale\" content=\"fr_FR\" \/>\n<meta property=\"og:type\" content=\"article\" \/>\n<meta property=\"og:title\" content=\"Oferta - SUPER\" \/>\n<meta property=\"og:description\" content=\"Oferta SUPER OFERTA Oferujemy nowoczesne rozwi\u0105zania j\u0119zykowe online dla dzieci, m\u0142odzie\u017cy i doros\u0142ych \u2013 prowadzone przez do\u015bwiadczonych lektor\u00f3w, z naciskiem na praktyk\u0119, skuteczno\u015b\u0107 i komfort nauki. Nasze zaj\u0119cia trwaj\u0105 60 minut, czyli o 15 minut d\u0142u\u017cej ni\u017c standardowa jednostka lekcyjna, co pozwala na pe\u0142niejsze przyswojenie materia\u0142u i aktywne uczestnictwo w lekcji. W ramach ka\u017cdego kursu [&hellip;]\" \/>\n<meta property=\"og:url\" content=\"https:\/\/szkolasuper.pl\/fr\/oferta\/\" \/>\n<meta property=\"og:site_name\" content=\"SUPER\" \/>\n<meta property=\"article:modified_time\" content=\"2025-07-29T07:45:56+00:00\" \/>\n<meta property=\"og:image\" content=\"https:\/\/szkolasuper.pl\/wp-content\/uploads\/2025\/07\/Projekt-bez-nazwy-21.png\" \/>\n<script type=\"application\/ld+json\" class=\"yoast-schema-graph\">{\"@context\":\"https:\/\/schema.org\",\"@graph\":[{\"@type\":\"WebPage\",\"@id\":\"https:\/\/szkolasuper.pl\/oferta\/\",\"url\":\"https:\/\/szkolasuper.pl\/oferta\/\",\"name\":\"Oferta - SUPER\",\"isPartOf\":{\"@id\":\"https:\/\/szkolasuper.pl\/#website\"},\"primaryImageOfPage\":{\"@id\":\"https:\/\/szkolasuper.pl\/oferta\/#primaryimage\"},\"image\":{\"@id\":\"https:\/\/szkolasuper.pl\/oferta\/#primaryimage\"},\"thumbnailUrl\":\"https:\/\/szkolasuper.pl\/wp-content\/uploads\/2025\/07\/Projekt-bez-nazwy-21.png\",\"datePublished\":\"2025-07-09T14:54:19+00:00\",\"dateModified\":\"2025-07-29T07:45:56+00:00\",\"breadcrumb\":{\"@id\":\"https:\/\/szkolasuper.pl\/oferta\/#breadcrumb\"},\"inLanguage\":\"fr-FR\",\"potentialAction\":[{\"@type\":\"ReadAction\",\"target\":[\"https:\/\/szkolasuper.pl\/oferta\/\"]}]},{\"@type\":\"ImageObject\",\"inLanguage\":\"fr-FR\",\"@id\":\"https:\/\/szkolasuper.pl\/oferta\/#primaryimage\",\"url\":\"https:\/\/szkolasuper.pl\/wp-content\/uploads\/2025\/07\/Projekt-bez-nazwy-21.png\",\"contentUrl\":\"https:\/\/szkolasuper.pl\/wp-content\/uploads\/2025\/07\/Projekt-bez-nazwy-21.png\"},{\"@type\":\"BreadcrumbList\",\"@id\":\"https:\/\/szkolasuper.pl\/oferta\/#breadcrumb\",\"itemListElement\":[{\"@type\":\"ListItem\",\"position\":1,\"name\":\"Strona g\u0142\u00f3wna\",\"item\":\"https:\/\/szkolasuper.pl\/\"},{\"@type\":\"ListItem\",\"position\":2,\"name\":\"Oferta\"}]},{\"@type\":\"WebSite\",\"@id\":\"https:\/\/szkolasuper.pl\/#website\",\"url\":\"https:\/\/szkolasuper.pl\/\",\"name\":\"SUPER\",\"description\":\"Szko\u0142a J\u0119zykowa\",\"publisher\":{\"@id\":\"https:\/\/szkolasuper.pl\/#organization\"},\"potentialAction\":[{\"@type\":\"SearchAction\",\"target\":{\"@type\":\"EntryPoint\",\"urlTemplate\":\"https:\/\/szkolasuper.pl\/?s={search_term_string}\"},\"query-input\":{\"@type\":\"PropertyValueSpecification\",\"valueRequired\":true,\"valueName\":\"search_term_string\"}}],\"inLanguage\":\"fr-FR\"},{\"@type\":\"Organization\",\"@id\":\"https:\/\/szkolasuper.pl\/#organization\",\"name\":\"SUPER\",\"url\":\"https:\/\/szkolasuper.pl\/\",\"logo\":{\"@type\":\"ImageObject\",\"inLanguage\":\"fr-FR\",\"@id\":\"https:\/\/szkolasuper.pl\/#\/schema\/logo\/image\/\",\"url\":\"https:\/\/szkolasuper.pl\/wp-content\/uploads\/2025\/07\/logo_super_pelna_bialy-scaled.png\",\"contentUrl\":\"https:\/\/szkolasuper.pl\/wp-content\/uploads\/2025\/07\/logo_super_pelna_bialy-scaled.png\",\"width\":2560,\"height\":706,\"caption\":\"SUPER\"},\"image\":{\"@id\":\"https:\/\/szkolasuper.pl\/#\/schema\/logo\/image\/\"}}]}<\/script>\n<!-- \/ Yoast SEO plugin. -->","yoast_head_json":{"title":"Oferta - SUPER","robots":{"index":"index","follow":"follow","max-snippet":"max-snippet:-1","max-image-preview":"max-image-preview:large","max-video-preview":"max-video-preview:-1"},"canonical":"https:\/\/szkolasuper.pl\/fr\/oferta\/","og_locale":"fr_FR","og_type":"article","og_title":"Oferta - SUPER","og_description":"Oferta SUPER OFERTA Oferujemy nowoczesne rozwi\u0105zania j\u0119zykowe online dla dzieci, m\u0142odzie\u017cy i doros\u0142ych \u2013 prowadzone przez do\u015bwiadczonych lektor\u00f3w, z naciskiem na praktyk\u0119, skuteczno\u015b\u0107 i komfort nauki. Nasze zaj\u0119cia trwaj\u0105 60 minut, czyli o 15 minut d\u0142u\u017cej ni\u017c standardowa jednostka lekcyjna, co pozwala na pe\u0142niejsze przyswojenie materia\u0142u i aktywne uczestnictwo w lekcji. W ramach ka\u017cdego kursu [&hellip;]","og_url":"https:\/\/szkolasuper.pl\/fr\/oferta\/","og_site_name":"SUPER","article_modified_time":"2025-07-29T07:45:56+00:00","og_image":[{"url":"https:\/\/szkolasuper.pl\/wp-content\/uploads\/2025\/07\/Projekt-bez-nazwy-21.png","type":"","width":"","height":""}],"schema":{"@context":"https:\/\/schema.org","@graph":[{"@type":"WebPage","@id":"https:\/\/szkolasuper.pl\/oferta\/","url":"https:\/\/szkolasuper.pl\/oferta\/","name":"Oferta - SUPER","isPartOf":{"@id":"https:\/\/szkolasuper.pl\/#website"},"primaryImageOfPage":{"@id":"https:\/\/szkolasuper.pl\/oferta\/#primaryimage"},"image":{"@id":"https:\/\/szkolasuper.pl\/oferta\/#primaryimage"},"thumbnailUrl":"https:\/\/szkolasuper.pl\/wp-content\/uploads\/2025\/07\/Projekt-bez-nazwy-21.png","datePublished":"2025-07-09T14:54:19+00:00","dateModified":"2025-07-29T07:45:56+00:00","breadcrumb":{"@id":"https:\/\/szkolasuper.pl\/oferta\/#breadcrumb"},"inLanguage":"fr-FR","potentialAction":[{"@type":"ReadAction","target":["https:\/\/szkolasuper.pl\/oferta\/"]}]},{"@type":"ImageObject","inLanguage":"fr-FR","@id":"https:\/\/szkolasuper.pl\/oferta\/#primaryimage","url":"https:\/\/szkolasuper.pl\/wp-content\/uploads\/2025\/07\/Projekt-bez-nazwy-21.png","contentUrl":"https:\/\/szkolasuper.pl\/wp-content\/uploads\/2025\/07\/Projekt-bez-nazwy-21.png"},{"@type":"BreadcrumbList","@id":"https:\/\/szkolasuper.pl\/oferta\/#breadcrumb","itemListElement":[{"@type":"ListItem","position":1,"name":"Strona g\u0142\u00f3wna","item":"https:\/\/szkolasuper.pl\/"},{"@type":"ListItem","position":2,"name":"Oferta"}]},{"@type":"WebSite","@id":"https:\/\/szkolasuper.pl\/#website","url":"https:\/\/szkolasuper.pl\/","name":"SUPER","description":"Szko\u0142a J\u0119zykowa","publisher":{"@id":"https:\/\/szkolasuper.pl\/#organization"},"potentialAction":[{"@type":"SearchAction","target":{"@type":"EntryPoint","urlTemplate":"https:\/\/szkolasuper.pl\/?s={search_term_string}"},"query-input":{"@type":"PropertyValueSpecification","valueRequired":true,"valueName":"search_term_string"}}],"inLanguage":"fr-FR"},{"@type":"Organization","@id":"https:\/\/szkolasuper.pl\/#organization","name":"SUPER","url":"https:\/\/szkolasuper.pl\/","logo":{"@type":"ImageObject","inLanguage":"fr-FR","@id":"https:\/\/szkolasuper.pl\/#\/schema\/logo\/image\/","url":"https:\/\/szkolasuper.pl\/wp-content\/uploads\/2025\/07\/logo_super_pelna_bialy-scaled.png","contentUrl":"https:\/\/szkolasuper.pl\/wp-content\/uploads\/2025\/07\/logo_super_pelna_bialy-scaled.png","width":2560,"height":706,"caption":"SUPER"},"image":{"@id":"https:\/\/szkolasuper.pl\/#\/schema\/logo\/image\/"}}]}},"_links":{"self":[{"href":"https:\/\/szkolasuper.pl\/fr\/wp-json\/wp\/v2\/pages\/23","targetHints":{"allow":["GET"]}}],"collection":[{"href":"https:\/\/szkolasuper.pl\/fr\/wp-json\/wp\/v2\/pages"}],"about":[{"href":"https:\/\/szkolasuper.pl\/fr\/wp-json\/wp\/v2\/types\/page"}],"author":[{"embeddable":true,"href":"https:\/\/szkolasuper.pl\/fr\/wp-json\/wp\/v2\/users\/1"}],"replies":[{"embeddable":true,"href":"https:\/\/szkolasuper.pl\/fr\/wp-json\/wp\/v2\/comments?post=23"}],"version-history":[{"count":25,"href":"https:\/\/szkolasuper.pl\/fr\/wp-json\/wp\/v2\/pages\/23\/revisions"}],"predecessor-version":[{"id":304,"href":"https:\/\/szkolasuper.pl\/fr\/wp-json\/wp\/v2\/pages\/23\/revisions\/304"}],"wp:attachment":[{"href":"https:\/\/szkolasuper.pl\/fr\/wp-json\/wp\/v2\/media?parent=23"}],"curies":[{"name":"wp","href":"https:\/\/api.w.org\/{rel}","templated":true}]}}