{"id":253,"date":"2025-07-28T07:04:12","date_gmt":"2025-07-28T07:04:12","guid":{"rendered":"https:\/\/szkolasuper.pl\/?post_type=product&#038;p=253"},"modified":"2025-07-28T07:12:25","modified_gmt":"2025-07-28T07:12:25","slug":"kurs-jezyka-niemieckiego-online-super-szkola-jezykowa","status":"publish","type":"product","link":"https:\/\/szkolasuper.pl\/en\/product\/kurs-jezyka-niemieckiego-online-super-szkola-jezykowa\/","title":{"rendered":"Individual GERMAN LANGUAGE LESSON"},"content":{"rendered":"<p data-start=\"181\" data-end=\"353\">Would you like to speak German freely?<\/p>\n<p data-start=\"181\" data-end=\"353\">Our online course is the perfect solution! Study comfortably from home, at your own pace and under the guidance of experienced teachers.<\/p>\n<p data-start=\"181\" data-end=\"353\">The course includes:<\/p>\n<p data-start=\"355\" data-end=\"543\">\u2705 Online classes with a teacher<br data-start=\"383\" data-end=\"386\" \/>\u2705 Interactive materials and practical exercises\u00a0<br data-start=\"433\" data-end=\"436\" \/>\u2705 Ability to learn at any level<br data-start=\"488\" data-end=\"491\" \/>\u2705 Flexible hours and access from any device (computer, tablet, smartphone)<\/p>\n<p data-start=\"355\" data-end=\"543\">Invest in your development and future!<\/p>","protected":false},"excerpt":{"rendered":"<p>Chcesz swobodnie m\u00f3wi\u0107 po niemiecku? Nasz kurs online to idealne rozwi\u0105zanie! Ucz si\u0119 wygodnie z domu, we w\u0142asnym tempie i pod opiek\u0105 do\u015bwiadczonych nauczycieli. Kurs zawiera: \u2705 Zaj\u0119cia online z nauczycielem\u2705 Materia\u0142y interaktywne i praktyczne \u0107wiczenia\u00a0\u2705 Mo\u017cliwo\u015b\u0107 nauki na ka\u017cdym poziomie\u2705 Elastyczne godziny i dost\u0119p z ka\u017cdego urz\u0105dzenia (komputera, tabletu, smartfona) Zainwestuj w sw\u00f3j rozw\u00f3j [&hellip;]<\/p>","protected":false},"featured_media":255,"template":"","meta":{"site-sidebar-layout":"default","site-content-layout":"","ast-site-content-layout":"default","site-content-style":"default","site-sidebar-style":"default","ast-global-header-display":"","ast-banner-title-visibility":"","ast-main-header-display":"","ast-hfb-above-header-display":"","ast-hfb-below-header-display":"","ast-hfb-mobile-header-display":"","site-post-title":"","ast-breadcrumbs-content":"","ast-featured-img":"","footer-sml-layout":"","ast-disable-related-posts":"","theme-transparent-header-meta":"default","adv-header-id-meta":"","stick-header-meta":"","header-above-stick-meta":"","header-main-stick-meta":"","header-below-stick-meta":"","astra-migrate-meta-layouts":"set","ast-page-background-enabled":"default","ast-page-background-meta":{"desktop":{"background-color":"","background-image":"","background-repeat":"repeat","background-position":"center center","background-size":"auto","background-attachment":"scroll","background-type":"","background-media":"","overlay-type":"","overlay-color":"","overlay-opacity":"","overlay-gradient":""},"tablet":{"background-color":"","background-image":"","background-repeat":"repeat","background-position":"center center","background-size":"auto","background-attachment":"scroll","background-type":"","background-media":"","overlay-type":"","overlay-color":"","overlay-opacity":"","overlay-gradient":""},"mobile":{"background-color":"","background-image":"","background-repeat":"repeat","background-position":"center center","background-size":"auto","background-attachment":"scroll","background-type":"","background-media":"","overlay-type":"","overlay-color":"","overlay-opacity":"","overlay-gradient":""}},"ast-content-background-meta":{"desktop":{"background-color":"var(--ast-global-color-5)","background-image":"","background-repeat":"repeat","background-position":"center center","background-size":"auto","background-attachment":"scroll","background-type":"","background-media":"","overlay-type":"","overlay-color":"","overlay-opacity":"","overlay-gradient":""},"tablet":{"background-color":"var(--ast-global-color-5)","background-image":"","background-repeat":"repeat","background-position":"center center","background-size":"auto","background-attachment":"scroll","background-type":"","background-media":"","overlay-type":"","overlay-color":"","overlay-opacity":"","overlay-gradient":""},"mobile":{"background-color":"var(--ast-global-color-5)","background-image":"","background-repeat":"repeat","background-position":"center center","background-size":"auto","background-attachment":"scroll","background-type":"","background-media":"","overlay-type":"","overlay-color":"","overlay-opacity":"","overlay-gradient":""}}},"product_brand":[],"product_cat":[21],"product_tag":[],"class_list":{"0":"post-253","1":"product","2":"type-product","3":"status-publish","4":"has-post-thumbnail","6":"product_cat-lekcje-online","7":"desktop-align-left","8":"tablet-align-left","9":"mobile-align-left","10":"ast-product-gallery-layout-horizontal-slider","11":"ast-product-gallery-with-no-image","12":"ast-product-tabs-layout-horizontal","14":"first","15":"instock","16":"virtual","17":"purchasable","18":"product-type-simple"},"yoast_head":"<!-- This site is optimized with the Yoast SEO plugin v26.5 - https:\/\/yoast.com\/wordpress\/plugins\/seo\/ -->\n<title>Indywidualna lekcja J\u0118ZYKA NIEMIECKIEGO - SUPER<\/title>\n<meta name=\"robots\" content=\"index, follow, max-snippet:-1, max-image-preview:large, max-video-preview:-1\" \/>\n<link rel=\"canonical\" href=\"https:\/\/szkolasuper.pl\/en\/product\/kurs-jezyka-niemieckiego-online-super-szkola-jezykowa\/\" \/>\n<meta property=\"og:locale\" content=\"en_GB\" \/>\n<meta property=\"og:type\" content=\"article\" \/>\n<meta property=\"og:title\" content=\"Indywidualna lekcja J\u0118ZYKA NIEMIECKIEGO - SUPER\" \/>\n<meta property=\"og:description\" content=\"Chcesz swobodnie m\u00f3wi\u0107 po niemiecku? Nasz kurs online to idealne rozwi\u0105zanie! Ucz si\u0119 wygodnie z domu, we w\u0142asnym tempie i pod opiek\u0105 do\u015bwiadczonych nauczycieli. Kurs zawiera: \u2705 Zaj\u0119cia online z nauczycielem\u2705 Materia\u0142y interaktywne i praktyczne \u0107wiczenia\u00a0\u2705 Mo\u017cliwo\u015b\u0107 nauki na ka\u017cdym poziomie\u2705 Elastyczne godziny i dost\u0119p z ka\u017cdego urz\u0105dzenia (komputera, tabletu, smartfona) Zainwestuj w sw\u00f3j rozw\u00f3j [&hellip;]\" \/>\n<meta property=\"og:url\" content=\"https:\/\/szkolasuper.pl\/en\/product\/kurs-jezyka-niemieckiego-online-super-szkola-jezykowa\/\" \/>\n<meta property=\"og:site_name\" content=\"SUPER\" \/>\n<meta property=\"article:modified_time\" content=\"2025-07-28T07:12:25+00:00\" \/>\n<meta property=\"og:image\" content=\"https:\/\/szkolasuper.pl\/wp-content\/uploads\/2025\/07\/Blado-Turkusowe-Minimalistyczne-Kawiarnia-Logo-1.png\" \/>\n\t<meta property=\"og:image:width\" content=\"500\" \/>\n\t<meta property=\"og:image:height\" content=\"500\" \/>\n\t<meta property=\"og:image:type\" content=\"image\/png\" \/>\n<script type=\"application\/ld+json\" class=\"yoast-schema-graph\">{\"@context\":\"https:\/\/schema.org\",\"@graph\":[{\"@type\":\"WebPage\",\"@id\":\"https:\/\/szkolasuper.pl\/produkt\/kurs-jezyka-niemieckiego-online-super-szkola-jezykowa\/\",\"url\":\"https:\/\/szkolasuper.pl\/produkt\/kurs-jezyka-niemieckiego-online-super-szkola-jezykowa\/\",\"name\":\"Indywidualna lekcja J\u0118ZYKA NIEMIECKIEGO - SUPER\",\"isPartOf\":{\"@id\":\"https:\/\/szkolasuper.pl\/#website\"},\"primaryImageOfPage\":{\"@id\":\"https:\/\/szkolasuper.pl\/produkt\/kurs-jezyka-niemieckiego-online-super-szkola-jezykowa\/#primaryimage\"},\"image\":{\"@id\":\"https:\/\/szkolasuper.pl\/produkt\/kurs-jezyka-niemieckiego-online-super-szkola-jezykowa\/#primaryimage\"},\"thumbnailUrl\":\"https:\/\/szkolasuper.pl\/wp-content\/uploads\/2025\/07\/Blado-Turkusowe-Minimalistyczne-Kawiarnia-Logo-1.png\",\"datePublished\":\"2025-07-28T07:04:12+00:00\",\"dateModified\":\"2025-07-28T07:12:25+00:00\",\"breadcrumb\":{\"@id\":\"https:\/\/szkolasuper.pl\/produkt\/kurs-jezyka-niemieckiego-online-super-szkola-jezykowa\/#breadcrumb\"},\"inLanguage\":\"en-GB\",\"potentialAction\":[{\"@type\":\"ReadAction\",\"target\":[\"https:\/\/szkolasuper.pl\/produkt\/kurs-jezyka-niemieckiego-online-super-szkola-jezykowa\/\"]}]},{\"@type\":\"ImageObject\",\"inLanguage\":\"en-GB\",\"@id\":\"https:\/\/szkolasuper.pl\/produkt\/kurs-jezyka-niemieckiego-online-super-szkola-jezykowa\/#primaryimage\",\"url\":\"https:\/\/szkolasuper.pl\/wp-content\/uploads\/2025\/07\/Blado-Turkusowe-Minimalistyczne-Kawiarnia-Logo-1.png\",\"contentUrl\":\"https:\/\/szkolasuper.pl\/wp-content\/uploads\/2025\/07\/Blado-Turkusowe-Minimalistyczne-Kawiarnia-Logo-1.png\",\"width\":500,\"height\":500},{\"@type\":\"BreadcrumbList\",\"@id\":\"https:\/\/szkolasuper.pl\/produkt\/kurs-jezyka-niemieckiego-online-super-szkola-jezykowa\/#breadcrumb\",\"itemListElement\":[{\"@type\":\"ListItem\",\"position\":1,\"name\":\"Strona g\u0142\u00f3wna\",\"item\":\"https:\/\/szkolasuper.pl\/\"},{\"@type\":\"ListItem\",\"position\":2,\"name\":\"Sklep\",\"item\":\"https:\/\/szkolasuper.pl\/sklep\/\"},{\"@type\":\"ListItem\",\"position\":3,\"name\":\"Indywidualna lekcja J\u0118ZYKA NIEMIECKIEGO\"}]},{\"@type\":\"WebSite\",\"@id\":\"https:\/\/szkolasuper.pl\/#website\",\"url\":\"https:\/\/szkolasuper.pl\/\",\"name\":\"SUPER\",\"description\":\"Szko\u0142a J\u0119zykowa\",\"publisher\":{\"@id\":\"https:\/\/szkolasuper.pl\/#organization\"},\"potentialAction\":[{\"@type\":\"SearchAction\",\"target\":{\"@type\":\"EntryPoint\",\"urlTemplate\":\"https:\/\/szkolasuper.pl\/?s={search_term_string}\"},\"query-input\":{\"@type\":\"PropertyValueSpecification\",\"valueRequired\":true,\"valueName\":\"search_term_string\"}}],\"inLanguage\":\"en-GB\"},{\"@type\":\"Organization\",\"@id\":\"https:\/\/szkolasuper.pl\/#organization\",\"name\":\"SUPER\",\"url\":\"https:\/\/szkolasuper.pl\/\",\"logo\":{\"@type\":\"ImageObject\",\"inLanguage\":\"en-GB\",\"@id\":\"https:\/\/szkolasuper.pl\/#\/schema\/logo\/image\/\",\"url\":\"https:\/\/szkolasuper.pl\/wp-content\/uploads\/2025\/07\/logo_super_pelna_bialy-scaled.png\",\"contentUrl\":\"https:\/\/szkolasuper.pl\/wp-content\/uploads\/2025\/07\/logo_super_pelna_bialy-scaled.png\",\"width\":2560,\"height\":706,\"caption\":\"SUPER\"},\"image\":{\"@id\":\"https:\/\/szkolasuper.pl\/#\/schema\/logo\/image\/\"}}]}<\/script>\n<!-- \/ Yoast SEO plugin. -->","yoast_head_json":{"title":"Indywidualna lekcja J\u0118ZYKA NIEMIECKIEGO - SUPER","robots":{"index":"index","follow":"follow","max-snippet":"max-snippet:-1","max-image-preview":"max-image-preview:large","max-video-preview":"max-video-preview:-1"},"canonical":"https:\/\/szkolasuper.pl\/en\/product\/kurs-jezyka-niemieckiego-online-super-szkola-jezykowa\/","og_locale":"en_GB","og_type":"article","og_title":"Indywidualna lekcja J\u0118ZYKA NIEMIECKIEGO - SUPER","og_description":"Chcesz swobodnie m\u00f3wi\u0107 po niemiecku? Nasz kurs online to idealne rozwi\u0105zanie! Ucz si\u0119 wygodnie z domu, we w\u0142asnym tempie i pod opiek\u0105 do\u015bwiadczonych nauczycieli. Kurs zawiera: \u2705 Zaj\u0119cia online z nauczycielem\u2705 Materia\u0142y interaktywne i praktyczne \u0107wiczenia\u00a0\u2705 Mo\u017cliwo\u015b\u0107 nauki na ka\u017cdym poziomie\u2705 Elastyczne godziny i dost\u0119p z ka\u017cdego urz\u0105dzenia (komputera, tabletu, smartfona) Zainwestuj w sw\u00f3j rozw\u00f3j [&hellip;]","og_url":"https:\/\/szkolasuper.pl\/en\/product\/kurs-jezyka-niemieckiego-online-super-szkola-jezykowa\/","og_site_name":"SUPER","article_modified_time":"2025-07-28T07:12:25+00:00","og_image":[{"width":500,"height":500,"url":"https:\/\/szkolasuper.pl\/wp-content\/uploads\/2025\/07\/Blado-Turkusowe-Minimalistyczne-Kawiarnia-Logo-1.png","type":"image\/png"}],"schema":{"@context":"https:\/\/schema.org","@graph":[{"@type":"WebPage","@id":"https:\/\/szkolasuper.pl\/produkt\/kurs-jezyka-niemieckiego-online-super-szkola-jezykowa\/","url":"https:\/\/szkolasuper.pl\/produkt\/kurs-jezyka-niemieckiego-online-super-szkola-jezykowa\/","name":"Indywidualna lekcja J\u0118ZYKA NIEMIECKIEGO - SUPER","isPartOf":{"@id":"https:\/\/szkolasuper.pl\/#website"},"primaryImageOfPage":{"@id":"https:\/\/szkolasuper.pl\/produkt\/kurs-jezyka-niemieckiego-online-super-szkola-jezykowa\/#primaryimage"},"image":{"@id":"https:\/\/szkolasuper.pl\/produkt\/kurs-jezyka-niemieckiego-online-super-szkola-jezykowa\/#primaryimage"},"thumbnailUrl":"https:\/\/szkolasuper.pl\/wp-content\/uploads\/2025\/07\/Blado-Turkusowe-Minimalistyczne-Kawiarnia-Logo-1.png","datePublished":"2025-07-28T07:04:12+00:00","dateModified":"2025-07-28T07:12:25+00:00","breadcrumb":{"@id":"https:\/\/szkolasuper.pl\/produkt\/kurs-jezyka-niemieckiego-online-super-szkola-jezykowa\/#breadcrumb"},"inLanguage":"en-GB","potentialAction":[{"@type":"ReadAction","target":["https:\/\/szkolasuper.pl\/produkt\/kurs-jezyka-niemieckiego-online-super-szkola-jezykowa\/"]}]},{"@type":"ImageObject","inLanguage":"en-GB","@id":"https:\/\/szkolasuper.pl\/produkt\/kurs-jezyka-niemieckiego-online-super-szkola-jezykowa\/#primaryimage","url":"https:\/\/szkolasuper.pl\/wp-content\/uploads\/2025\/07\/Blado-Turkusowe-Minimalistyczne-Kawiarnia-Logo-1.png","contentUrl":"https:\/\/szkolasuper.pl\/wp-content\/uploads\/2025\/07\/Blado-Turkusowe-Minimalistyczne-Kawiarnia-Logo-1.png","width":500,"height":500},{"@type":"BreadcrumbList","@id":"https:\/\/szkolasuper.pl\/produkt\/kurs-jezyka-niemieckiego-online-super-szkola-jezykowa\/#breadcrumb","itemListElement":[{"@type":"ListItem","position":1,"name":"Strona g\u0142\u00f3wna","item":"https:\/\/szkolasuper.pl\/"},{"@type":"ListItem","position":2,"name":"Sklep","item":"https:\/\/szkolasuper.pl\/sklep\/"},{"@type":"ListItem","position":3,"name":"Indywidualna lekcja J\u0118ZYKA NIEMIECKIEGO"}]},{"@type":"WebSite","@id":"https:\/\/szkolasuper.pl\/#website","url":"https:\/\/szkolasuper.pl\/","name":"SUPER","description":"Szko\u0142a J\u0119zykowa","publisher":{"@id":"https:\/\/szkolasuper.pl\/#organization"},"potentialAction":[{"@type":"SearchAction","target":{"@type":"EntryPoint","urlTemplate":"https:\/\/szkolasuper.pl\/?s={search_term_string}"},"query-input":{"@type":"PropertyValueSpecification","valueRequired":true,"valueName":"search_term_string"}}],"inLanguage":"en-GB"},{"@type":"Organization","@id":"https:\/\/szkolasuper.pl\/#organization","name":"SUPER","url":"https:\/\/szkolasuper.pl\/","logo":{"@type":"ImageObject","inLanguage":"en-GB","@id":"https:\/\/szkolasuper.pl\/#\/schema\/logo\/image\/","url":"https:\/\/szkolasuper.pl\/wp-content\/uploads\/2025\/07\/logo_super_pelna_bialy-scaled.png","contentUrl":"https:\/\/szkolasuper.pl\/wp-content\/uploads\/2025\/07\/logo_super_pelna_bialy-scaled.png","width":2560,"height":706,"caption":"SUPER"},"image":{"@id":"https:\/\/szkolasuper.pl\/#\/schema\/logo\/image\/"}}]}},"_links":{"self":[{"href":"https:\/\/szkolasuper.pl\/en\/wp-json\/wp\/v2\/product\/253","targetHints":{"allow":["GET"]}}],"collection":[{"href":"https:\/\/szkolasuper.pl\/en\/wp-json\/wp\/v2\/product"}],"about":[{"href":"https:\/\/szkolasuper.pl\/en\/wp-json\/wp\/v2\/types\/product"}],"wp:featuredmedia":[{"embeddable":true,"href":"https:\/\/szkolasuper.pl\/en\/wp-json\/wp\/v2\/media\/255"}],"wp:attachment":[{"href":"https:\/\/szkolasuper.pl\/en\/wp-json\/wp\/v2\/media?parent=253"}],"wp:term":[{"taxonomy":"product_brand","embeddable":true,"href":"https:\/\/szkolasuper.pl\/en\/wp-json\/wp\/v2\/product_brand?post=253"},{"taxonomy":"product_cat","embeddable":true,"href":"https:\/\/szkolasuper.pl\/en\/wp-json\/wp\/v2\/product_cat?post=253"},{"taxonomy":"product_tag","embeddable":true,"href":"https:\/\/szkolasuper.pl\/en\/wp-json\/wp\/v2\/product_tag?post=253"}],"curies":[{"name":"wp","href":"https:\/\/api.w.org\/{rel}","templated":true}]}}