{"id":347,"date":"2025-08-04T17:45:16","date_gmt":"2025-08-04T17:45:16","guid":{"rendered":"https:\/\/szkolasuper.pl\/?page_id=347"},"modified":"2025-08-11T05:37:13","modified_gmt":"2025-08-11T05:37:13","slug":"polityka-prywatnosci","status":"publish","type":"page","link":"https:\/\/szkolasuper.pl\/en\/polityka-prywatnosci\/","title":{"rendered":"Privacy Policy"},"content":{"rendered":"<div data-elementor-type=\"wp-page\" data-elementor-id=\"347\" class=\"elementor elementor-347\">\n\t\t\t\t\t\t<section class=\"elementor-section elementor-top-section elementor-element elementor-element-5564f5b0 elementor-section-height-min-height elementor-section-boxed elementor-section-height-default elementor-section-items-middle\" data-id=\"5564f5b0\" data-element_type=\"section\" data-e-type=\"section\" data-settings=\"{&quot;background_background&quot;:&quot;classic&quot;}\">\n\t\t\t\t\t\t<div class=\"elementor-container elementor-column-gap-no\">\n\t\t\t\t\t<div class=\"elementor-column elementor-col-100 elementor-top-column elementor-element elementor-element-7b8d5fe\" data-id=\"7b8d5fe\" data-element_type=\"column\" data-e-type=\"column\">\n\t\t\t<div class=\"elementor-widget-wrap elementor-element-populated\">\n\t\t\t\t\t\t<div class=\"elementor-element elementor-element-27865363 elementor-widget-divider--view-line elementor-widget elementor-widget-divider\" data-id=\"27865363\" data-element_type=\"widget\" data-e-type=\"widget\" data-widget_type=\"divider.default\">\n\t\t\t\t\t\t\t<div class=\"elementor-divider\">\n\t\t\t<span class=\"elementor-divider-separator\">\n\t\t\t\t\t\t<\/span>\n\t\t<\/div>\n\t\t\t\t\t\t<\/div>\n\t\t\t\t<div class=\"elementor-element elementor-element-2c64e0d3 elementor-widget elementor-widget-heading\" data-id=\"2c64e0d3\" data-element_type=\"widget\" data-e-type=\"widget\" data-widget_type=\"heading.default\">\n\t\t\t\t\t<h1 class=\"elementor-heading-title elementor-size-default\">Privacy Policy<\/h1>\t\t\t\t<\/div>\n\t\t\t\t\t<\/div>\n\t\t<\/div>\n\t\t\t\t\t<\/div>\n\t\t<\/section>\n\t\t\t\t<section class=\"elementor-section elementor-top-section elementor-element elementor-element-34cbac36 elementor-section-boxed elementor-section-height-default elementor-section-height-default\" data-id=\"34cbac36\" data-element_type=\"section\" data-e-type=\"section\" data-settings=\"{&quot;background_background&quot;:&quot;classic&quot;}\">\n\t\t\t\t\t\t<div class=\"elementor-container elementor-column-gap-no\">\n\t\t\t\t\t<div class=\"elementor-column elementor-col-100 elementor-top-column elementor-element elementor-element-433b2dff\" data-id=\"433b2dff\" data-element_type=\"column\" data-e-type=\"column\">\n\t\t\t<div class=\"elementor-widget-wrap elementor-element-populated\">\n\t\t\t\t\t\t<div class=\"elementor-element elementor-element-17f05ff elementor-widget elementor-widget-text-editor\" data-id=\"17f05ff\" data-element_type=\"widget\" data-e-type=\"widget\" data-widget_type=\"text-editor.default\">\n\t\t\t\t\t\t\t\t\t<p class=\"p1\"><b>PRIVACY POLICY OF THE SUPER LANGUAGE SCHOOL<\/b><\/p><ol class=\"ol1\"><li class=\"li3\"><b>Who is the controller of your data?<\/b><\/li><\/ol><p class=\"p4\">The controller of your personal data is <b>FOUNDATION FOR THE DEVELOPMENT OF ENTREPRENEURSHIP \u201eYOUR STARTUP\u201d<\/b> based in Warsaw (registered office address: <br \/>ul. \u017burawia 6\/12, lok. 766, 00-503 Warsaw).<\/p><p class=\"p4\">The above privacy policy applies to the Foundation's services provided by<span class=\"Apple-converted-space\">\u00a0 <\/span>organised part of the company SUPER Language School contact details: telephone number<span class=\"s2\"> +48532010538, e-mail address: kontakt@szkolasuper.pl realised<span class=\"Apple-converted-space\">\u00a0 <\/span>by Magdalena Szelinger.<\/span><\/p><ol class=\"ol1\"><li class=\"li3\"><b>Why do we process your Data?<\/b><\/li><\/ol><ol class=\"ol2\"><li class=\"li7\"><span class=\"s4\">In connection with the services provided through SUPER Language School consisting in the teaching of foreign languages and the sale of digital products I.e. for the purpose of concluding or performing a contract (Art.<span class=\"Apple-converted-space\">\u00a0 <\/span>6(1)(b) of the Regulation), your data will be stored until the contract is performed<\/span><\/li><li class=\"li7\"><span class=\"s4\">For the purposes of marketing and promotion of the products offered by the \u201eYour StartUp\u201d Foundation for Enterprise Development, based in Warsaw, being our legitimate interest (Article 6(1)(f) of the Regulation). Your data will be processed until you express your objection. <\/span><\/li><li class=\"li7\"><span class=\"s4\">To comply with any legal obligations incumbent on us in connection with the cooperation undertaken (Article 6(1)(c) of the Regulation), this purpose being related to legal obligations to retain certain documents for the time indicated by law, e.g:<\/span><br \/><ul class=\"ul1\"><li class=\"li7\"><span class=\"s4\">Act of 29.09.1994 on accounting (Journal of Laws 2017, item 1858);<\/span><\/li><li class=\"li7\"><span class=\"s4\">Act of 29 August 1997. - Tax Ordinance (Dz. U. 1997 No. 137 item 926);<\/span><\/li><li class=\"li7\"><span class=\"s4\">Act of 1 March 2018. - On prevention of money laundering and financing of terrorism (Journal of Laws 2018, item 723).<\/span><\/li><\/ul><\/li><\/ol><ol class=\"ol2\"><li class=\"li7\"><span class=\"s4\">For the purpose of possibly establishing, investigating or defending against claims, which is our legitimate interest (basis of Article 6(1)(f) of the Regulation). Data will be processed until the statute of limitations for claims<\/span><\/li><li class=\"li7\"><span class=\"s4\">If you have given your consent, your data will be processed within the limits and for the purpose indicated in your consent (basis of Article 6(1)(a)).<span class=\"Apple-converted-space\">\u00a0 <\/span>Data will be processed until you withdraw your consent<\/span><\/li><\/ol><ol class=\"ol1\"><li class=\"li3\"><b>What data are subject to processing?<\/b><\/li><\/ol><p class=\"p4\">In order to conclude a contract, we require data on the contract\/order form (if you do not provide these, we will not conclude the contract\/perform the order). In addition, we may ask for optional data that does not affect the conclusion of the contract (if we do not receive it, we will not be able, for example, to call a contact number).<\/p><p class=\"p4\">During the course of the contract, we come into possession of your other data in the course of providing our services. The appearance of your personal data with us is a consequence of the operation of our services, which you use.<\/p><ol class=\"ol1\"><li class=\"li3\"><b>To whom will the data be shared?<\/b><\/li><\/ol><ol class=\"ol2\"><li class=\"li7\"><span class=\"s4\">Public authorities, to the extent that they do not receive data in the context of a specific proceeding under the law, e.g. in connection with anti-money laundering; <\/span><\/li><li class=\"li7\"><span class=\"s4\">Entities that process your personal data on behalf of the Foundation on the basis of a contract concluded with the Foundation for the entrustment of the processing of personal data (so-called processors). These will include, but are not limited to: the Foundation's Beneficiaries, IT specialists, archiving companies, hosting companies;<\/span><\/li><li class=\"li7\"><span class=\"s4\">Third-party data controllers (so-called Parallel Controllers to whom data is shared, e.g. solicitors and barristers, courier or postal operators, debt buyers - in case you do not pay our invoices on time),<\/span><\/li><li class=\"li7\"><span class=\"s4\">Entities located outside the EEA, but only when necessary and with an appropriate degree of protection, primarily by:<\/span><br \/><ol class=\"ol3\"><li class=\"li7\"><span class=\"s4\">Cooperation with entities in countries for which a relevant European Commission decision has been issued;<\/span><\/li><li class=\"li7\"><span class=\"s4\">Use of standard contractual clauses issued by the European Commission.<\/span><\/li><\/ol><\/li><\/ol><p class=\"p11\"><span class=\"s6\">The controller always gives notice of its intention to transfer personal data outside the EEA at the stage of collection.<\/span><\/p><ol class=\"ol1\"><li class=\"li3\"><b>Is the data profiled?<\/b><\/li><\/ol><p class=\"p12\"><span class=\"s6\">We would like to inform you that your data will not be subject to profiling, i.e. the automated analysis of your data and the development of predictions about your preferences or future behaviour (profiling means, e.g. in the case of marketing profiling, determining which offer you may be most interested in based on your previous choices).<\/span><\/p><ol class=\"ol1\"><li class=\"li3\"><b> What rights do you have?<\/b><\/li><\/ol><ol class=\"ol2\"><li class=\"li4\">The right of access to the personal data we process (Article 15 of the Regulation),<\/li><li class=\"li4\">The right to rectify the personal data entrusted, including the correction of the data (Article 16 of the Regulation),<\/li><li class=\"li4\">The right to delete personal data from our systems, the so-called \u201eright <br \/>The \u201dright to be forgotten\" - if, in your opinion, there are no grounds for us to process your data, you can request that we delete it (Article 17 of the Regulation),<\/li><li class=\"li4\">Right to restrict the processing of personal data - you can request that we restrict the processing of personal data only to storing it or carrying out activities agreed with you, if we hold incorrect data about you or are processing it unduly; or you do not want us to delete it because you need it to establish, assert or defend a claim; or for the duration of an objection raised by you against the processing (Article 18 of the Regulation),<\/li><li class=\"li4\">Right to data portability - You have the right to receive from us in a structured, commonly used, machine-readable format (e.g. \u201e.csv\u201d format) personal data relating to you that we hold on the basis of a contract or consent given.<span class=\"Apple-converted-space\">\u00a0 <\/span>You will have this entitlement if we hold the data in electronic format - if you hold the data only in paper form you will not be able to exercise this entitlement. You may instruct us to send the data directly to another party (Article 20 of the Regulation),<\/li><li class=\"li4\">Right to withdraw consent to the processing of personal data - you have the right to withdraw your consent to the processing of personal data that we process on the basis of consent at any time - Article 7(3) of the Regulation. Withdrawal of consent will not affect the lawfulness of the processing that was carried out on the basis of consent before its withdrawal. Withdrawal of consent occurs by sending an email to: <span class=\"s1\">kontakt@szkolasuper.pl<\/span><\/li><li class=\"li4\">Right to object - you may object to the processing of your data if the basis for the use of your data is our legitimate interest - Article 21 of the Regulation. In this situation, once we have considered your request, we will no longer be able to process the personal data objected to on this basis unless we can demonstrate that there are legitimate grounds for the processing which are deemed to override your interests, rights and freedoms<\/li><li class=\"li4\">If, in your opinion, the processing of your personal data violates the provisions of the Regulation, you have the right to lodge a complaint with the supervisory authority, i.e. the President of the Office for the Protection of Personal Data<\/li><\/ol><ol class=\"ol1\"><li class=\"li1\"><b>Contact<\/b><\/li><\/ol><p class=\"p15\">If you require any further information relating to data protection or wish to exercise your rights, please contact us by e-mail: <b>rodo@twojstartup.pl<\/b><b><\/b><\/p>\t\t\t\t\t\t\t\t<\/div>\n\t\t\t\t\t<\/div>\n\t\t<\/div>\n\t\t\t\t\t<\/div>\n\t\t<\/section>\n\t\t\t\t<\/div>","protected":false},"excerpt":{"rendered":"<p>Polityka Prywatno\u015bci POLITYKA PRYWATNO\u015aCI SUPER SZKO\u0141Y J\u0118ZYKOWEJ Kto jest administratorem pa\u0144stwa danych? Administratorem Pani\/ Pana danych osobowych jest FUNDACJA ROZWOJU PRZEDSI\u0118BIORCZO\u015aCI \u201eTW\u00d3J STARTUP\u201d z siedzib\u0105 w Warszawie (adres siedziby: ul. \u017burawia 6\/12, lok. 766, 00-503 Warszawa). Powy\u017csza polityka prywatno\u015bci dotyczy us\u0142ug Fundacji \u015bwiadczonych przez\u00a0 zorganizowan\u0105 cz\u0119\u015b\u0107 przedsi\u0119biorstwa SUPER Szko\u0142a J\u0119zykowa dane kontaktowe: numer telefonu +48532010538, [&hellip;]<\/p>","protected":false},"author":1,"featured_media":0,"parent":0,"menu_order":0,"comment_status":"closed","ping_status":"closed","template":"","meta":{"site-sidebar-layout":"no-sidebar","site-content-layout":"page-builder","ast-site-content-layout":"default","site-content-style":"default","site-sidebar-style":"default","ast-global-header-display":"","ast-banner-title-visibility":"","ast-main-header-display":"","ast-hfb-above-header-display":"","ast-hfb-below-header-display":"","ast-hfb-mobile-header-display":"","site-post-title":"disabled","ast-breadcrumbs-content":"disabled","ast-featured-img":"disabled","footer-sml-layout":"","ast-disable-related-posts":"","theme-transparent-header-meta":"enabled","adv-header-id-meta":"","stick-header-meta":"","header-above-stick-meta":"","header-main-stick-meta":"","header-below-stick-meta":"","astra-migrate-meta-layouts":"default","ast-page-background-enabled":"default","ast-page-background-meta":{"desktop":{"background-color":"","background-image":"","background-repeat":"repeat","background-position":"center center","background-size":"auto","background-attachment":"scroll","background-type":"","background-media":"","overlay-type":"","overlay-color":"","overlay-opacity":"","overlay-gradient":""},"tablet":{"background-color":"","background-image":"","background-repeat":"repeat","background-position":"center center","background-size":"auto","background-attachment":"scroll","background-type":"","background-media":"","overlay-type":"","overlay-color":"","overlay-opacity":"","overlay-gradient":""},"mobile":{"background-color":"","background-image":"","background-repeat":"repeat","background-position":"center center","background-size":"auto","background-attachment":"scroll","background-type":"","background-media":"","overlay-type":"","overlay-color":"","overlay-opacity":"","overlay-gradient":""}},"ast-content-background-meta":{"desktop":{"background-color":"var(--ast-global-color-5)","background-image":"","background-repeat":"repeat","background-position":"center center","background-size":"auto","background-attachment":"scroll","background-type":"","background-media":"","overlay-type":"","overlay-color":"","overlay-opacity":"","overlay-gradient":""},"tablet":{"background-color":"var(--ast-global-color-5)","background-image":"","background-repeat":"repeat","background-position":"center center","background-size":"auto","background-attachment":"scroll","background-type":"","background-media":"","overlay-type":"","overlay-color":"","overlay-opacity":"","overlay-gradient":""},"mobile":{"background-color":"var(--ast-global-color-5)","background-image":"","background-repeat":"repeat","background-position":"center center","background-size":"auto","background-attachment":"scroll","background-type":"","background-media":"","overlay-type":"","overlay-color":"","overlay-opacity":"","overlay-gradient":""}},"footnotes":""},"class_list":["post-347","page","type-page","status-publish","hentry"],"yoast_head":"<!-- This site is optimized with the Yoast SEO plugin v26.5 - https:\/\/yoast.com\/wordpress\/plugins\/seo\/ -->\n<title>Polityka Prywatno\u015bci - SUPER<\/title>\n<meta name=\"robots\" content=\"index, follow, max-snippet:-1, max-image-preview:large, max-video-preview:-1\" \/>\n<link rel=\"canonical\" href=\"https:\/\/szkolasuper.pl\/en\/polityka-prywatnosci\/\" \/>\n<meta property=\"og:locale\" content=\"en_GB\" \/>\n<meta property=\"og:type\" content=\"article\" \/>\n<meta property=\"og:title\" content=\"Polityka Prywatno\u015bci - SUPER\" \/>\n<meta property=\"og:description\" content=\"Polityka Prywatno\u015bci POLITYKA PRYWATNO\u015aCI SUPER SZKO\u0141Y J\u0118ZYKOWEJ Kto jest administratorem pa\u0144stwa danych? Administratorem Pani\/ Pana danych osobowych jest FUNDACJA ROZWOJU PRZEDSI\u0118BIORCZO\u015aCI \u201eTW\u00d3J STARTUP\u201d z siedzib\u0105 w Warszawie (adres siedziby: ul. \u017burawia 6\/12, lok. 766, 00-503 Warszawa). Powy\u017csza polityka prywatno\u015bci dotyczy us\u0142ug Fundacji \u015bwiadczonych przez\u00a0 zorganizowan\u0105 cz\u0119\u015b\u0107 przedsi\u0119biorstwa SUPER Szko\u0142a J\u0119zykowa dane kontaktowe: numer telefonu +48532010538, [&hellip;]\" \/>\n<meta property=\"og:url\" content=\"https:\/\/szkolasuper.pl\/en\/polityka-prywatnosci\/\" \/>\n<meta property=\"og:site_name\" content=\"SUPER\" \/>\n<meta property=\"article:modified_time\" content=\"2025-08-11T05:37:13+00:00\" \/>\n<script type=\"application\/ld+json\" class=\"yoast-schema-graph\">{\"@context\":\"https:\/\/schema.org\",\"@graph\":[{\"@type\":\"WebPage\",\"@id\":\"https:\/\/szkolasuper.pl\/polityka-prywatnosci\/\",\"url\":\"https:\/\/szkolasuper.pl\/polityka-prywatnosci\/\",\"name\":\"Polityka Prywatno\u015bci - SUPER\",\"isPartOf\":{\"@id\":\"https:\/\/szkolasuper.pl\/#website\"},\"datePublished\":\"2025-08-04T17:45:16+00:00\",\"dateModified\":\"2025-08-11T05:37:13+00:00\",\"breadcrumb\":{\"@id\":\"https:\/\/szkolasuper.pl\/polityka-prywatnosci\/#breadcrumb\"},\"inLanguage\":\"en-GB\",\"potentialAction\":[{\"@type\":\"ReadAction\",\"target\":[\"https:\/\/szkolasuper.pl\/polityka-prywatnosci\/\"]}]},{\"@type\":\"BreadcrumbList\",\"@id\":\"https:\/\/szkolasuper.pl\/polityka-prywatnosci\/#breadcrumb\",\"itemListElement\":[{\"@type\":\"ListItem\",\"position\":1,\"name\":\"Strona g\u0142\u00f3wna\",\"item\":\"https:\/\/szkolasuper.pl\/\"},{\"@type\":\"ListItem\",\"position\":2,\"name\":\"Polityka Prywatno\u015bci\"}]},{\"@type\":\"WebSite\",\"@id\":\"https:\/\/szkolasuper.pl\/#website\",\"url\":\"https:\/\/szkolasuper.pl\/\",\"name\":\"SUPER\",\"description\":\"Szko\u0142a J\u0119zykowa\",\"publisher\":{\"@id\":\"https:\/\/szkolasuper.pl\/#organization\"},\"potentialAction\":[{\"@type\":\"SearchAction\",\"target\":{\"@type\":\"EntryPoint\",\"urlTemplate\":\"https:\/\/szkolasuper.pl\/?s={search_term_string}\"},\"query-input\":{\"@type\":\"PropertyValueSpecification\",\"valueRequired\":true,\"valueName\":\"search_term_string\"}}],\"inLanguage\":\"en-GB\"},{\"@type\":\"Organization\",\"@id\":\"https:\/\/szkolasuper.pl\/#organization\",\"name\":\"SUPER\",\"url\":\"https:\/\/szkolasuper.pl\/\",\"logo\":{\"@type\":\"ImageObject\",\"inLanguage\":\"en-GB\",\"@id\":\"https:\/\/szkolasuper.pl\/#\/schema\/logo\/image\/\",\"url\":\"https:\/\/szkolasuper.pl\/wp-content\/uploads\/2025\/07\/logo_super_pelna_bialy-scaled.png\",\"contentUrl\":\"https:\/\/szkolasuper.pl\/wp-content\/uploads\/2025\/07\/logo_super_pelna_bialy-scaled.png\",\"width\":2560,\"height\":706,\"caption\":\"SUPER\"},\"image\":{\"@id\":\"https:\/\/szkolasuper.pl\/#\/schema\/logo\/image\/\"}}]}<\/script>\n<!-- \/ Yoast SEO plugin. -->","yoast_head_json":{"title":"Polityka Prywatno\u015bci - SUPER","robots":{"index":"index","follow":"follow","max-snippet":"max-snippet:-1","max-image-preview":"max-image-preview:large","max-video-preview":"max-video-preview:-1"},"canonical":"https:\/\/szkolasuper.pl\/en\/polityka-prywatnosci\/","og_locale":"en_GB","og_type":"article","og_title":"Polityka Prywatno\u015bci - SUPER","og_description":"Polityka Prywatno\u015bci POLITYKA PRYWATNO\u015aCI SUPER SZKO\u0141Y J\u0118ZYKOWEJ Kto jest administratorem pa\u0144stwa danych? Administratorem Pani\/ Pana danych osobowych jest FUNDACJA ROZWOJU PRZEDSI\u0118BIORCZO\u015aCI \u201eTW\u00d3J STARTUP\u201d z siedzib\u0105 w Warszawie (adres siedziby: ul. \u017burawia 6\/12, lok. 766, 00-503 Warszawa). Powy\u017csza polityka prywatno\u015bci dotyczy us\u0142ug Fundacji \u015bwiadczonych przez\u00a0 zorganizowan\u0105 cz\u0119\u015b\u0107 przedsi\u0119biorstwa SUPER Szko\u0142a J\u0119zykowa dane kontaktowe: numer telefonu +48532010538, [&hellip;]","og_url":"https:\/\/szkolasuper.pl\/en\/polityka-prywatnosci\/","og_site_name":"SUPER","article_modified_time":"2025-08-11T05:37:13+00:00","schema":{"@context":"https:\/\/schema.org","@graph":[{"@type":"WebPage","@id":"https:\/\/szkolasuper.pl\/polityka-prywatnosci\/","url":"https:\/\/szkolasuper.pl\/polityka-prywatnosci\/","name":"Polityka Prywatno\u015bci - SUPER","isPartOf":{"@id":"https:\/\/szkolasuper.pl\/#website"},"datePublished":"2025-08-04T17:45:16+00:00","dateModified":"2025-08-11T05:37:13+00:00","breadcrumb":{"@id":"https:\/\/szkolasuper.pl\/polityka-prywatnosci\/#breadcrumb"},"inLanguage":"en-GB","potentialAction":[{"@type":"ReadAction","target":["https:\/\/szkolasuper.pl\/polityka-prywatnosci\/"]}]},{"@type":"BreadcrumbList","@id":"https:\/\/szkolasuper.pl\/polityka-prywatnosci\/#breadcrumb","itemListElement":[{"@type":"ListItem","position":1,"name":"Strona g\u0142\u00f3wna","item":"https:\/\/szkolasuper.pl\/"},{"@type":"ListItem","position":2,"name":"Polityka Prywatno\u015bci"}]},{"@type":"WebSite","@id":"https:\/\/szkolasuper.pl\/#website","url":"https:\/\/szkolasuper.pl\/","name":"SUPER","description":"Szko\u0142a J\u0119zykowa","publisher":{"@id":"https:\/\/szkolasuper.pl\/#organization"},"potentialAction":[{"@type":"SearchAction","target":{"@type":"EntryPoint","urlTemplate":"https:\/\/szkolasuper.pl\/?s={search_term_string}"},"query-input":{"@type":"PropertyValueSpecification","valueRequired":true,"valueName":"search_term_string"}}],"inLanguage":"en-GB"},{"@type":"Organization","@id":"https:\/\/szkolasuper.pl\/#organization","name":"SUPER","url":"https:\/\/szkolasuper.pl\/","logo":{"@type":"ImageObject","inLanguage":"en-GB","@id":"https:\/\/szkolasuper.pl\/#\/schema\/logo\/image\/","url":"https:\/\/szkolasuper.pl\/wp-content\/uploads\/2025\/07\/logo_super_pelna_bialy-scaled.png","contentUrl":"https:\/\/szkolasuper.pl\/wp-content\/uploads\/2025\/07\/logo_super_pelna_bialy-scaled.png","width":2560,"height":706,"caption":"SUPER"},"image":{"@id":"https:\/\/szkolasuper.pl\/#\/schema\/logo\/image\/"}}]}},"_links":{"self":[{"href":"https:\/\/szkolasuper.pl\/en\/wp-json\/wp\/v2\/pages\/347","targetHints":{"allow":["GET"]}}],"collection":[{"href":"https:\/\/szkolasuper.pl\/en\/wp-json\/wp\/v2\/pages"}],"about":[{"href":"https:\/\/szkolasuper.pl\/en\/wp-json\/wp\/v2\/types\/page"}],"author":[{"embeddable":true,"href":"https:\/\/szkolasuper.pl\/en\/wp-json\/wp\/v2\/users\/1"}],"replies":[{"embeddable":true,"href":"https:\/\/szkolasuper.pl\/en\/wp-json\/wp\/v2\/comments?post=347"}],"version-history":[{"count":10,"href":"https:\/\/szkolasuper.pl\/en\/wp-json\/wp\/v2\/pages\/347\/revisions"}],"predecessor-version":[{"id":380,"href":"https:\/\/szkolasuper.pl\/en\/wp-json\/wp\/v2\/pages\/347\/revisions\/380"}],"wp:attachment":[{"href":"https:\/\/szkolasuper.pl\/en\/wp-json\/wp\/v2\/media?parent=347"}],"curies":[{"name":"wp","href":"https:\/\/api.w.org\/{rel}","templated":true}]}}