{"id":342,"date":"2025-08-04T17:44:02","date_gmt":"2025-08-04T17:44:02","guid":{"rendered":"https:\/\/szkolasuper.pl\/?page_id=342"},"modified":"2025-08-11T05:34:36","modified_gmt":"2025-08-11T05:34:36","slug":"polityka-cookies","status":"publish","type":"page","link":"https:\/\/szkolasuper.pl\/en\/polityka-cookies\/","title":{"rendered":"Cookies policy"},"content":{"rendered":"<div data-elementor-type=\"wp-page\" data-elementor-id=\"342\" class=\"elementor elementor-342\">\n\t\t\t\t\t\t<section class=\"elementor-section elementor-top-section elementor-element elementor-element-5564f5b0 elementor-section-height-min-height elementor-section-boxed elementor-section-height-default elementor-section-items-middle\" data-id=\"5564f5b0\" data-element_type=\"section\" data-e-type=\"section\" data-settings=\"{&quot;background_background&quot;:&quot;classic&quot;}\">\n\t\t\t\t\t\t<div class=\"elementor-container elementor-column-gap-no\">\n\t\t\t\t\t<div class=\"elementor-column elementor-col-100 elementor-top-column elementor-element elementor-element-7b8d5fe\" data-id=\"7b8d5fe\" data-element_type=\"column\" data-e-type=\"column\">\n\t\t\t<div class=\"elementor-widget-wrap elementor-element-populated\">\n\t\t\t\t\t\t<div class=\"elementor-element elementor-element-27865363 elementor-widget-divider--view-line elementor-widget elementor-widget-divider\" data-id=\"27865363\" data-element_type=\"widget\" data-e-type=\"widget\" data-widget_type=\"divider.default\">\n\t\t\t\t\t\t\t<div class=\"elementor-divider\">\n\t\t\t<span class=\"elementor-divider-separator\">\n\t\t\t\t\t\t<\/span>\n\t\t<\/div>\n\t\t\t\t\t\t<\/div>\n\t\t\t\t<div class=\"elementor-element elementor-element-2c64e0d3 elementor-widget elementor-widget-heading\" data-id=\"2c64e0d3\" data-element_type=\"widget\" data-e-type=\"widget\" data-widget_type=\"heading.default\">\n\t\t\t\t\t<h1 class=\"elementor-heading-title elementor-size-default\">Cookies policy<\/h1>\t\t\t\t<\/div>\n\t\t\t\t\t<\/div>\n\t\t<\/div>\n\t\t\t\t\t<\/div>\n\t\t<\/section>\n\t\t\t\t<section class=\"elementor-section elementor-top-section elementor-element elementor-element-34cbac36 elementor-section-boxed elementor-section-height-default elementor-section-height-default\" data-id=\"34cbac36\" data-element_type=\"section\" data-e-type=\"section\" data-settings=\"{&quot;background_background&quot;:&quot;classic&quot;}\">\n\t\t\t\t\t\t<div class=\"elementor-container elementor-column-gap-no\">\n\t\t\t\t\t<div class=\"elementor-column elementor-col-100 elementor-top-column elementor-element elementor-element-433b2dff\" data-id=\"433b2dff\" data-element_type=\"column\" data-e-type=\"column\">\n\t\t\t<div class=\"elementor-widget-wrap elementor-element-populated\">\n\t\t\t\t\t\t<div class=\"elementor-element elementor-element-f9fa07b elementor-widget elementor-widget-text-editor\" data-id=\"f9fa07b\" data-element_type=\"widget\" data-e-type=\"widget\" data-widget_type=\"text-editor.default\">\n\t\t\t\t\t\t\t\t\t<p class=\"p1\"><b>Cookies policy<\/b><b><\/b><\/p><p class=\"p2\">Cookies are text files and are created automatically by web browsers when you visit or use websites. They are sent by the website and stored on the user's device. They provide the website administrator with information which, among other things, enables the website to function properly, ensures security and improves its operation.<\/p><p class=\"p1\"><b>Data Controller<\/b><b><\/b><\/p><p class=\"p2\">The administrator of the personal data is the FOUNDATION FOR THE DEVELOPMENT OF ENTERPRISE \u201eTW\u00d3J STARTUP\u201d with its registered office in Warsaw (address: ul. \u017burawia 6\/12, lok. 766, 00-503 Warsaw), entered in the Register of Entrepreneurs of the National Court Register by the District Court for the Capital City of Warsaw in Warsaw, XII Economic Division of the National Court Register under the number 0000442857; NIP: 5213641211; REGON: 146433467, contact details: phone number +48532010538, e-mail address: kontakt@szkolasuper.pl in connection with the realisation of the<span class=\"Apple-converted-space\">\u00a0 <\/span>by Magdalena Szelinger of the organised part of the company called SUPER Language School.<\/p><p class=\"p1\"><b>Types of cookies<\/b><\/p><p class=\"p2\">We use the following types of cookies as part of our websites:<\/p><p class=\"p2\"><b>Essential\/Technical: <\/b>These cookies are necessary for the correct functioning of the website. These cookies are installed in particular to remember your login session or to fill in forms, and also to remember whether you have been informed about the use of cookies.<\/p><p class=\"p2\"><b>Functional: <\/b>They remember and adapt the platform to your choices, e.g. allowing you to auto-complete the email address from which you last logged in to the platform.<\/p><p class=\"p2\"><b>Analytical<\/b>: They allow us to check the number of visits and sources of traffic. With their help we are able to determine which pages are popular and which are not. With their help, we study the statistics and improve the performance of our sites. We use solutions from Google, Mailerchimp and Hotjar, among others, for our websites.<\/p><p class=\"p2\"><b>Marketing <\/b>- They allow the advertising content displayed to be tailored to your interests, not only within our portal, but also outside it. They may be installed by advertising partners. Based on the information from these cookies and your activity on other websites, a profile of your interests is built.<\/p><p class=\"p2\"><b>Social networking cookies: <\/b>These are cookies installed by our partners to tailor the advertising content displayed on social media. They are used to build a profile of your interests. This ensures that the content displayed is tailored to your individual needs.<\/p><p class=\"p1\"><b>Storage time for cookies<\/b><b><\/b><\/p><p class=\"p2\">Sessions - are stored on the used device until you leave the website, e.g. by switching off your web browser.<\/p><p class=\"p2\">Permanent - they exist until they are manually deleted or until the time specified in the browser has elapsed.<\/p><p class=\"p1\"><b>Type of data collected<\/b><b><\/b><\/p><p class=\"p2\">These include:<\/p><ul class=\"ul1\"><li class=\"li3\">the IP address of the device you are using<\/li><li class=\"li3\">type of device<\/li><li class=\"li3\">time spent on the site<\/li><li class=\"li3\">action taken on the<\/li><li class=\"li2\">the location from which the call is made<\/li><\/ul><p class=\"p1\"><b>Method of withdrawal of consent<\/b><b><\/b><\/p><p class=\"p2\"><span class=\"s2\">N<\/span>he web browser downloads some cookies when you visit a website. To block the downloading of cookies, use the method that exists for your browser:<\/p><ul class=\"ul1\"><li class=\"li4\"><span class=\"s3\"><a href=\"https:\/\/support.mozilla.org\/pl\/kb\/wzmocniona-ochrona-przed-sledzeniem-firefox-desktop?redirectslug=W%25C5%2582%25C4%2585czanie+i+wy%25C5%2582%25C4%2585czanie+obs%25C5%2582ugi+ciasteczek&amp;redirectlocale=pl\"><span class=\"s4\">Firefox<\/span><\/a><\/span><\/li><li class=\"li4\"><span class=\"s3\"><a href=\"https:\/\/support.google.com\/accounts\/answer\/61416?co=GENIE.Platform=Desktop&amp;hl=pl\"><span class=\"s4\">Chrome<\/span><\/a><\/span><\/li><li class=\"li4\"><span class=\"s3\"><a href=\"https:\/\/support.microsoft.com\/pl-pl\/help\/17442\/windows-internet-explorer-delete-manage-cookies\"><span class=\"s4\">Microsoft Edge<\/span><\/a><\/span><\/li><li class=\"li5\"><span class=\"s3\"><a href=\"https:\/\/support.apple.com\/pl-pl\/HT201265\"><span class=\"s4\">Safari<\/span><\/a><\/span><\/li><\/ul><p class=\"p6\">Failure to save\/read cookies may result in incomplete and incorrect operation of the website, however, use of the website will still be possible.<\/p><p class=\"p1\"><b>Contact<\/b><\/p><p class=\"p2\">If you have questions about the processing of your personal data or wish to exercise your rights, you can contact us at the addresses indicated under \u201c<b>Data controller<\/b>\u201d<\/p><p class=\"p2\">In addition, information about us and your rights can be found at the address indicated: <a href=\"https:\/\/szkolasuper.pl\/en\/polityka-prywatnosci\/\">Privacy Policy - SUPER<\/a><\/p><p class=\"p7\">In the event of a breach of data protection legislation, you have the right to lodge a complaint with the President of the Data Protection Authority at <a href=\"https:\/\/uodo.gov.pl\/\"><span class=\"s5\">https:\/\/uodo.gov.pl\/<\/span><\/a><\/p>\t\t\t\t\t\t\t\t<\/div>\n\t\t\t\t\t<\/div>\n\t\t<\/div>\n\t\t\t\t\t<\/div>\n\t\t<\/section>\n\t\t\t\t<\/div>","protected":false},"excerpt":{"rendered":"<p>Polityka Cookies Polityka Cookies Cookies stanowi\u0105 pliki tekstowe i powstaj\u0105 one w spos\u00f3b automatyczny za pomoc\u0105 przegl\u0105darek internetowych w momencie odwiedzania lub korzystania ze stron internetowych. S\u0105 one wysy\u0142ane przez stron\u0119 internetow\u0105 i zapisywane na urz\u0105dzeniu u\u017cytkownika. Za ich pomoc\u0105 administrator otrzymuje informacje pozwalaj\u0105ce mi\u0119dzy innymi na umo\u017cliwienie prawid\u0142owego dzia\u0142ania strony, zapewnienie bezpiecze\u0144stwa a tak\u017ce [&hellip;]<\/p>","protected":false},"author":1,"featured_media":0,"parent":0,"menu_order":0,"comment_status":"closed","ping_status":"closed","template":"","meta":{"site-sidebar-layout":"no-sidebar","site-content-layout":"page-builder","ast-site-content-layout":"default","site-content-style":"default","site-sidebar-style":"default","ast-global-header-display":"","ast-banner-title-visibility":"","ast-main-header-display":"","ast-hfb-above-header-display":"","ast-hfb-below-header-display":"","ast-hfb-mobile-header-display":"","site-post-title":"disabled","ast-breadcrumbs-content":"disabled","ast-featured-img":"disabled","footer-sml-layout":"","ast-disable-related-posts":"","theme-transparent-header-meta":"enabled","adv-header-id-meta":"","stick-header-meta":"","header-above-stick-meta":"","header-main-stick-meta":"","header-below-stick-meta":"","astra-migrate-meta-layouts":"default","ast-page-background-enabled":"default","ast-page-background-meta":{"desktop":{"background-color":"","background-image":"","background-repeat":"repeat","background-position":"center center","background-size":"auto","background-attachment":"scroll","background-type":"","background-media":"","overlay-type":"","overlay-color":"","overlay-opacity":"","overlay-gradient":""},"tablet":{"background-color":"","background-image":"","background-repeat":"repeat","background-position":"center center","background-size":"auto","background-attachment":"scroll","background-type":"","background-media":"","overlay-type":"","overlay-color":"","overlay-opacity":"","overlay-gradient":""},"mobile":{"background-color":"","background-image":"","background-repeat":"repeat","background-position":"center center","background-size":"auto","background-attachment":"scroll","background-type":"","background-media":"","overlay-type":"","overlay-color":"","overlay-opacity":"","overlay-gradient":""}},"ast-content-background-meta":{"desktop":{"background-color":"var(--ast-global-color-5)","background-image":"","background-repeat":"repeat","background-position":"center center","background-size":"auto","background-attachment":"scroll","background-type":"","background-media":"","overlay-type":"","overlay-color":"","overlay-opacity":"","overlay-gradient":""},"tablet":{"background-color":"var(--ast-global-color-5)","background-image":"","background-repeat":"repeat","background-position":"center center","background-size":"auto","background-attachment":"scroll","background-type":"","background-media":"","overlay-type":"","overlay-color":"","overlay-opacity":"","overlay-gradient":""},"mobile":{"background-color":"var(--ast-global-color-5)","background-image":"","background-repeat":"repeat","background-position":"center center","background-size":"auto","background-attachment":"scroll","background-type":"","background-media":"","overlay-type":"","overlay-color":"","overlay-opacity":"","overlay-gradient":""}},"footnotes":""},"class_list":["post-342","page","type-page","status-publish","hentry"],"yoast_head":"<!-- This site is optimized with the Yoast SEO plugin v26.5 - https:\/\/yoast.com\/wordpress\/plugins\/seo\/ -->\n<title>Polityka Cookies - SUPER<\/title>\n<meta name=\"robots\" content=\"index, follow, max-snippet:-1, max-image-preview:large, max-video-preview:-1\" \/>\n<link rel=\"canonical\" href=\"https:\/\/szkolasuper.pl\/en\/polityka-cookies\/\" \/>\n<meta property=\"og:locale\" content=\"en_GB\" \/>\n<meta property=\"og:type\" content=\"article\" \/>\n<meta property=\"og:title\" content=\"Polityka Cookies - SUPER\" \/>\n<meta property=\"og:description\" content=\"Polityka Cookies Polityka Cookies Cookies stanowi\u0105 pliki tekstowe i powstaj\u0105 one w spos\u00f3b automatyczny za pomoc\u0105 przegl\u0105darek internetowych w momencie odwiedzania lub korzystania ze stron internetowych. S\u0105 one wysy\u0142ane przez stron\u0119 internetow\u0105 i zapisywane na urz\u0105dzeniu u\u017cytkownika. Za ich pomoc\u0105 administrator otrzymuje informacje pozwalaj\u0105ce mi\u0119dzy innymi na umo\u017cliwienie prawid\u0142owego dzia\u0142ania strony, zapewnienie bezpiecze\u0144stwa a tak\u017ce [&hellip;]\" \/>\n<meta property=\"og:url\" content=\"https:\/\/szkolasuper.pl\/en\/polityka-cookies\/\" \/>\n<meta property=\"og:site_name\" content=\"SUPER\" \/>\n<meta property=\"article:modified_time\" content=\"2025-08-11T05:34:36+00:00\" \/>\n<script type=\"application\/ld+json\" class=\"yoast-schema-graph\">{\"@context\":\"https:\/\/schema.org\",\"@graph\":[{\"@type\":\"WebPage\",\"@id\":\"https:\/\/szkolasuper.pl\/polityka-cookies\/\",\"url\":\"https:\/\/szkolasuper.pl\/polityka-cookies\/\",\"name\":\"Polityka Cookies - SUPER\",\"isPartOf\":{\"@id\":\"https:\/\/szkolasuper.pl\/#website\"},\"datePublished\":\"2025-08-04T17:44:02+00:00\",\"dateModified\":\"2025-08-11T05:34:36+00:00\",\"breadcrumb\":{\"@id\":\"https:\/\/szkolasuper.pl\/polityka-cookies\/#breadcrumb\"},\"inLanguage\":\"en-GB\",\"potentialAction\":[{\"@type\":\"ReadAction\",\"target\":[\"https:\/\/szkolasuper.pl\/polityka-cookies\/\"]}]},{\"@type\":\"BreadcrumbList\",\"@id\":\"https:\/\/szkolasuper.pl\/polityka-cookies\/#breadcrumb\",\"itemListElement\":[{\"@type\":\"ListItem\",\"position\":1,\"name\":\"Strona g\u0142\u00f3wna\",\"item\":\"https:\/\/szkolasuper.pl\/\"},{\"@type\":\"ListItem\",\"position\":2,\"name\":\"Polityka Cookies\"}]},{\"@type\":\"WebSite\",\"@id\":\"https:\/\/szkolasuper.pl\/#website\",\"url\":\"https:\/\/szkolasuper.pl\/\",\"name\":\"SUPER\",\"description\":\"Szko\u0142a J\u0119zykowa\",\"publisher\":{\"@id\":\"https:\/\/szkolasuper.pl\/#organization\"},\"potentialAction\":[{\"@type\":\"SearchAction\",\"target\":{\"@type\":\"EntryPoint\",\"urlTemplate\":\"https:\/\/szkolasuper.pl\/?s={search_term_string}\"},\"query-input\":{\"@type\":\"PropertyValueSpecification\",\"valueRequired\":true,\"valueName\":\"search_term_string\"}}],\"inLanguage\":\"en-GB\"},{\"@type\":\"Organization\",\"@id\":\"https:\/\/szkolasuper.pl\/#organization\",\"name\":\"SUPER\",\"url\":\"https:\/\/szkolasuper.pl\/\",\"logo\":{\"@type\":\"ImageObject\",\"inLanguage\":\"en-GB\",\"@id\":\"https:\/\/szkolasuper.pl\/#\/schema\/logo\/image\/\",\"url\":\"https:\/\/szkolasuper.pl\/wp-content\/uploads\/2025\/07\/logo_super_pelna_bialy-scaled.png\",\"contentUrl\":\"https:\/\/szkolasuper.pl\/wp-content\/uploads\/2025\/07\/logo_super_pelna_bialy-scaled.png\",\"width\":2560,\"height\":706,\"caption\":\"SUPER\"},\"image\":{\"@id\":\"https:\/\/szkolasuper.pl\/#\/schema\/logo\/image\/\"}}]}<\/script>\n<!-- \/ Yoast SEO plugin. -->","yoast_head_json":{"title":"Polityka Cookies - SUPER","robots":{"index":"index","follow":"follow","max-snippet":"max-snippet:-1","max-image-preview":"max-image-preview:large","max-video-preview":"max-video-preview:-1"},"canonical":"https:\/\/szkolasuper.pl\/en\/polityka-cookies\/","og_locale":"en_GB","og_type":"article","og_title":"Polityka Cookies - SUPER","og_description":"Polityka Cookies Polityka Cookies Cookies stanowi\u0105 pliki tekstowe i powstaj\u0105 one w spos\u00f3b automatyczny za pomoc\u0105 przegl\u0105darek internetowych w momencie odwiedzania lub korzystania ze stron internetowych. S\u0105 one wysy\u0142ane przez stron\u0119 internetow\u0105 i zapisywane na urz\u0105dzeniu u\u017cytkownika. Za ich pomoc\u0105 administrator otrzymuje informacje pozwalaj\u0105ce mi\u0119dzy innymi na umo\u017cliwienie prawid\u0142owego dzia\u0142ania strony, zapewnienie bezpiecze\u0144stwa a tak\u017ce [&hellip;]","og_url":"https:\/\/szkolasuper.pl\/en\/polityka-cookies\/","og_site_name":"SUPER","article_modified_time":"2025-08-11T05:34:36+00:00","schema":{"@context":"https:\/\/schema.org","@graph":[{"@type":"WebPage","@id":"https:\/\/szkolasuper.pl\/polityka-cookies\/","url":"https:\/\/szkolasuper.pl\/polityka-cookies\/","name":"Polityka Cookies - SUPER","isPartOf":{"@id":"https:\/\/szkolasuper.pl\/#website"},"datePublished":"2025-08-04T17:44:02+00:00","dateModified":"2025-08-11T05:34:36+00:00","breadcrumb":{"@id":"https:\/\/szkolasuper.pl\/polityka-cookies\/#breadcrumb"},"inLanguage":"en-GB","potentialAction":[{"@type":"ReadAction","target":["https:\/\/szkolasuper.pl\/polityka-cookies\/"]}]},{"@type":"BreadcrumbList","@id":"https:\/\/szkolasuper.pl\/polityka-cookies\/#breadcrumb","itemListElement":[{"@type":"ListItem","position":1,"name":"Strona g\u0142\u00f3wna","item":"https:\/\/szkolasuper.pl\/"},{"@type":"ListItem","position":2,"name":"Polityka Cookies"}]},{"@type":"WebSite","@id":"https:\/\/szkolasuper.pl\/#website","url":"https:\/\/szkolasuper.pl\/","name":"SUPER","description":"Szko\u0142a J\u0119zykowa","publisher":{"@id":"https:\/\/szkolasuper.pl\/#organization"},"potentialAction":[{"@type":"SearchAction","target":{"@type":"EntryPoint","urlTemplate":"https:\/\/szkolasuper.pl\/?s={search_term_string}"},"query-input":{"@type":"PropertyValueSpecification","valueRequired":true,"valueName":"search_term_string"}}],"inLanguage":"en-GB"},{"@type":"Organization","@id":"https:\/\/szkolasuper.pl\/#organization","name":"SUPER","url":"https:\/\/szkolasuper.pl\/","logo":{"@type":"ImageObject","inLanguage":"en-GB","@id":"https:\/\/szkolasuper.pl\/#\/schema\/logo\/image\/","url":"https:\/\/szkolasuper.pl\/wp-content\/uploads\/2025\/07\/logo_super_pelna_bialy-scaled.png","contentUrl":"https:\/\/szkolasuper.pl\/wp-content\/uploads\/2025\/07\/logo_super_pelna_bialy-scaled.png","width":2560,"height":706,"caption":"SUPER"},"image":{"@id":"https:\/\/szkolasuper.pl\/#\/schema\/logo\/image\/"}}]}},"_links":{"self":[{"href":"https:\/\/szkolasuper.pl\/en\/wp-json\/wp\/v2\/pages\/342","targetHints":{"allow":["GET"]}}],"collection":[{"href":"https:\/\/szkolasuper.pl\/en\/wp-json\/wp\/v2\/pages"}],"about":[{"href":"https:\/\/szkolasuper.pl\/en\/wp-json\/wp\/v2\/types\/page"}],"author":[{"embeddable":true,"href":"https:\/\/szkolasuper.pl\/en\/wp-json\/wp\/v2\/users\/1"}],"replies":[{"embeddable":true,"href":"https:\/\/szkolasuper.pl\/en\/wp-json\/wp\/v2\/comments?post=342"}],"version-history":[{"count":13,"href":"https:\/\/szkolasuper.pl\/en\/wp-json\/wp\/v2\/pages\/342\/revisions"}],"predecessor-version":[{"id":377,"href":"https:\/\/szkolasuper.pl\/en\/wp-json\/wp\/v2\/pages\/342\/revisions\/377"}],"wp:attachment":[{"href":"https:\/\/szkolasuper.pl\/en\/wp-json\/wp\/v2\/media?parent=342"}],"curies":[{"name":"wp","href":"https:\/\/api.w.org\/{rel}","templated":true}]}}