{"id":23,"date":"2025-07-09T14:54:19","date_gmt":"2025-07-09T14:54:19","guid":{"rendered":"https:\/\/szkolasuper.pl\/oferta\/"},"modified":"2025-07-29T07:45:56","modified_gmt":"2025-07-29T07:45:56","slug":"oferta","status":"publish","type":"page","link":"https:\/\/szkolasuper.pl\/en\/oferta\/","title":{"rendered":"Offer"},"content":{"rendered":"<div data-elementor-type=\"wp-page\" data-elementor-id=\"23\" class=\"elementor elementor-23\">\n\t\t\t\t\t\t<section class=\"elementor-section elementor-top-section elementor-element elementor-element-6a31493e elementor-section-height-min-height elementor-section-boxed elementor-section-height-default elementor-section-items-middle\" data-id=\"6a31493e\" data-element_type=\"section\" data-e-type=\"section\" data-settings=\"{&quot;background_background&quot;:&quot;classic&quot;}\">\n\t\t\t\t\t\t<div class=\"elementor-container elementor-column-gap-no\">\n\t\t\t\t\t<div class=\"elementor-column elementor-col-100 elementor-top-column elementor-element elementor-element-4a376089\" data-id=\"4a376089\" data-element_type=\"column\" data-e-type=\"column\">\n\t\t\t<div class=\"elementor-widget-wrap elementor-element-populated\">\n\t\t\t\t\t\t<div class=\"elementor-element elementor-element-24c5b76a elementor-widget-divider--view-line elementor-widget elementor-widget-divider\" data-id=\"24c5b76a\" data-element_type=\"widget\" data-e-type=\"widget\" data-widget_type=\"divider.default\">\n\t\t\t\t\t\t\t<div class=\"elementor-divider\">\n\t\t\t<span class=\"elementor-divider-separator\">\n\t\t\t\t\t\t<\/span>\n\t\t<\/div>\n\t\t\t\t\t\t<\/div>\n\t\t\t\t<div class=\"elementor-element elementor-element-266b5027 elementor-widget elementor-widget-heading\" data-id=\"266b5027\" data-element_type=\"widget\" data-e-type=\"widget\" data-widget_type=\"heading.default\">\n\t\t\t\t\t<h1 class=\"elementor-heading-title elementor-size-default\">Offer<\/h1>\t\t\t\t<\/div>\n\t\t\t\t\t<\/div>\n\t\t<\/div>\n\t\t\t\t\t<\/div>\n\t\t<\/section>\n\t\t\t\t<section class=\"elementor-section elementor-top-section elementor-element elementor-element-2d7d33ff elementor-section-boxed elementor-section-height-default elementor-section-height-default\" data-id=\"2d7d33ff\" data-element_type=\"section\" data-e-type=\"section\" data-settings=\"{&quot;background_background&quot;:&quot;classic&quot;}\">\n\t\t\t\t\t\t<div class=\"elementor-container elementor-column-gap-no\">\n\t\t\t\t\t<div class=\"elementor-column elementor-col-100 elementor-top-column elementor-element elementor-element-1eb4e4f\" data-id=\"1eb4e4f\" data-element_type=\"column\" data-e-type=\"column\">\n\t\t\t<div class=\"elementor-widget-wrap elementor-element-populated\">\n\t\t\t\t\t\t<div class=\"elementor-element elementor-element-6081efd5 elementor-widget elementor-widget-heading\" data-id=\"6081efd5\" data-element_type=\"widget\" data-e-type=\"widget\" data-widget_type=\"heading.default\">\n\t\t\t\t\t<h2 class=\"elementor-heading-title elementor-size-default\">SUPER OFFER<\/h2>\t\t\t\t<\/div>\n\t\t\t\t<div class=\"elementor-element elementor-element-4cd27d58 elementor-widget elementor-widget-text-editor\" data-id=\"4cd27d58\" data-element_type=\"widget\" data-e-type=\"widget\" data-widget_type=\"text-editor.default\">\n\t\t\t\t\t\t\t\t\t<p data-start=\"118\" data-end=\"298\">We offer modern online language solutions for children, teenagers and adults - led by experienced teachers with a focus on practice, efficiency and learning comfort.<\/p><p data-start=\"300\" data-end=\"471\">Our classes last 60 minutes, which is 15 minutes longer than a standard lesson unit, allowing for a more complete assimilation of the material and active participation in the lesson.<\/p><p data-start=\"473\" data-end=\"644\">As part of each course, we provide access to a virtual whiteboard, individually selected materials, proprietary SUPER-Notes and a free pre-course consultation.<\/p><div>\u00a0<\/div>\t\t\t\t\t\t\t\t<\/div>\n\t\t\t\t<div class=\"elementor-element elementor-element-5a81048 elementor-widget__width-initial elementor-widget-tablet__width-initial elementor-widget-mobile__width-inherit elementor-position-top elementor-widget elementor-widget-image-box\" data-id=\"5a81048\" data-element_type=\"widget\" data-e-type=\"widget\" data-widget_type=\"image-box.default\">\n\t\t\t\t\t<div class=\"elementor-image-box-wrapper\"><figure class=\"elementor-image-box-img\"><img fetchpriority=\"high\" decoding=\"async\" width=\"940\" height=\"788\" src=\"https:\/\/szkolasuper.pl\/wp-content\/uploads\/2025\/07\/Projekt-bez-nazwy-21.png\" class=\"attachment-large size-large wp-image-244\" alt=\"\" srcset=\"https:\/\/szkolasuper.pl\/wp-content\/uploads\/2025\/07\/Projekt-bez-nazwy-21.png 940w, https:\/\/szkolasuper.pl\/wp-content\/uploads\/2025\/07\/Projekt-bez-nazwy-21-300x251.png 300w, https:\/\/szkolasuper.pl\/wp-content\/uploads\/2025\/07\/Projekt-bez-nazwy-21-768x644.png 768w, https:\/\/szkolasuper.pl\/wp-content\/uploads\/2025\/07\/Projekt-bez-nazwy-21-600x503.png 600w\" sizes=\"(max-width: 940px) 100vw, 940px\" \/><\/figure><div class=\"elementor-image-box-content\"><h4 class=\"elementor-image-box-title\">SUPER Course in a group<\/h4><p class=\"elementor-image-box-description\">Group learning fosters the development of language competence for social interaction. Classes conducted in a group setting enable not only the practical application of language in authentic communicative situations, but also the ability to react linguistically, inspire one another and constructively exchange experiences. The collaborative atmosphere fosters the overcoming of language barriers, enhances intrinsic motivation and supports the process of systematic learning in a dynamic and engaging learning environment.<br><br>PRICE: 45PLN\/45min<\/p><\/div><\/div>\t\t\t\t<\/div>\n\t\t\t\t<div class=\"elementor-element elementor-element-38348a16 elementor-widget__width-initial elementor-widget-tablet__width-initial elementor-widget-mobile__width-inherit elementor-position-top elementor-widget elementor-widget-image-box\" data-id=\"38348a16\" data-element_type=\"widget\" data-e-type=\"widget\" data-widget_type=\"image-box.default\">\n\t\t\t\t\t<div class=\"elementor-image-box-wrapper\"><figure class=\"elementor-image-box-img\"><img decoding=\"async\" width=\"940\" height=\"788\" src=\"https:\/\/szkolasuper.pl\/wp-content\/uploads\/2025\/07\/Projekt-bez-nazwy-24.png\" class=\"attachment-full size-full wp-image-246\" alt=\"\" srcset=\"https:\/\/szkolasuper.pl\/wp-content\/uploads\/2025\/07\/Projekt-bez-nazwy-24.png 940w, https:\/\/szkolasuper.pl\/wp-content\/uploads\/2025\/07\/Projekt-bez-nazwy-24-300x251.png 300w, https:\/\/szkolasuper.pl\/wp-content\/uploads\/2025\/07\/Projekt-bez-nazwy-24-768x644.png 768w, https:\/\/szkolasuper.pl\/wp-content\/uploads\/2025\/07\/Projekt-bez-nazwy-24-600x503.png 600w\" sizes=\"(max-width: 940px) 100vw, 940px\" \/><\/figure><div class=\"elementor-image-box-content\"><h4 class=\"elementor-image-box-title\">SUPER Lessons in pairs<\/h4><p class=\"elementor-image-box-description\">Classes conducted in pairs allow the pace, content and working methods to be optimally adapted to the needs and learning style of both participants, while maintaining space for dialogue, mutual motivation and practical language use. This form of instruction is particularly recommended for people in close relationships - couples, siblings or friends - who wish to develop their language skills together.<br><br><br>PRICE: 80PLN\/60min<\/p><\/div><\/div>\t\t\t\t<\/div>\n\t\t\t\t\t<\/div>\n\t\t<\/div>\n\t\t\t\t\t<\/div>\n\t\t<\/section>\n\t\t\t\t<section class=\"elementor-section elementor-top-section elementor-element elementor-element-a5c2807 elementor-section-boxed elementor-section-height-default elementor-section-height-default\" data-id=\"a5c2807\" data-element_type=\"section\" data-e-type=\"section\" data-settings=\"{&quot;background_background&quot;:&quot;classic&quot;}\">\n\t\t\t\t\t\t<div class=\"elementor-container elementor-column-gap-no\">\n\t\t\t\t\t<div class=\"elementor-column elementor-col-100 elementor-top-column elementor-element elementor-element-816ca81\" data-id=\"816ca81\" data-element_type=\"column\" data-e-type=\"column\">\n\t\t\t<div class=\"elementor-widget-wrap elementor-element-populated\">\n\t\t\t\t\t\t<div class=\"elementor-element elementor-element-29ce25a elementor-widget__width-initial elementor-widget-tablet__width-initial elementor-widget-mobile__width-inherit elementor-position-top elementor-widget elementor-widget-image-box\" data-id=\"29ce25a\" data-element_type=\"widget\" data-e-type=\"widget\" data-widget_type=\"image-box.default\">\n\t\t\t\t\t<div class=\"elementor-image-box-wrapper\"><figure class=\"elementor-image-box-img\"><img decoding=\"async\" width=\"940\" height=\"788\" src=\"https:\/\/szkolasuper.pl\/wp-content\/uploads\/2025\/07\/Projekt-bez-nazwy-22.png\" class=\"attachment-large size-large wp-image-245\" alt=\"\" srcset=\"https:\/\/szkolasuper.pl\/wp-content\/uploads\/2025\/07\/Projekt-bez-nazwy-22.png 940w, https:\/\/szkolasuper.pl\/wp-content\/uploads\/2025\/07\/Projekt-bez-nazwy-22-300x251.png 300w, https:\/\/szkolasuper.pl\/wp-content\/uploads\/2025\/07\/Projekt-bez-nazwy-22-768x644.png 768w, https:\/\/szkolasuper.pl\/wp-content\/uploads\/2025\/07\/Projekt-bez-nazwy-22-600x503.png 600w\" sizes=\"(max-width: 940px) 100vw, 940px\" \/><\/figure><div class=\"elementor-image-box-content\"><h4 class=\"elementor-image-box-title\"><span style=\"font-size: 1.41176rem\">SUPER individual lessons<\/span><\/h4><p class=\"elementor-image-box-description\">One-to-one tuition is the most personalised form of learning, allowing you to fully adapt the programme, pace and teaching methods to your needs and specific language objectives. Working directly with a teacher enables you to concentrate intensively on selected areas of the language, quickly identify difficulties and adapt the material to your level on an ongoing basis. This type of course is particularly recommended for those who want maximum efficiency, flexibility and an individual approach in a comfortable learning environment.<br><br>PRICE: 150PLN\/60min<\/p><\/div><\/div>\t\t\t\t<\/div>\n\t\t\t\t<div class=\"elementor-element elementor-element-3ce94d0 elementor-widget__width-initial elementor-widget-tablet__width-initial elementor-widget-mobile__width-inherit elementor-position-top elementor-widget elementor-widget-image-box\" data-id=\"3ce94d0\" data-element_type=\"widget\" data-e-type=\"widget\" data-widget_type=\"image-box.default\">\n\t\t\t\t\t<div class=\"elementor-image-box-wrapper\"><figure class=\"elementor-image-box-img\"><img loading=\"lazy\" decoding=\"async\" width=\"940\" height=\"788\" src=\"https:\/\/szkolasuper.pl\/wp-content\/uploads\/2025\/07\/Projekt-bez-nazwy-25.png\" class=\"attachment-full size-full wp-image-247\" alt=\"\" srcset=\"https:\/\/szkolasuper.pl\/wp-content\/uploads\/2025\/07\/Projekt-bez-nazwy-25.png 940w, https:\/\/szkolasuper.pl\/wp-content\/uploads\/2025\/07\/Projekt-bez-nazwy-25-300x251.png 300w, https:\/\/szkolasuper.pl\/wp-content\/uploads\/2025\/07\/Projekt-bez-nazwy-25-768x644.png 768w, https:\/\/szkolasuper.pl\/wp-content\/uploads\/2025\/07\/Projekt-bez-nazwy-25-600x503.png 600w\" sizes=\"(max-width: 940px) 100vw, 940px\" \/><\/figure><div class=\"elementor-image-box-content\"><h4 class=\"elementor-image-box-title\"><span style=\"font-size: 1.41176rem\">SUPER Certificate<\/span><\/h4><p class=\"elementor-image-box-description\"><p data-start=\"135\" data-end=\"577\">Individual language exam preparation lessons are for people who want a precisely tailored syllabus, focused on a specific exam goal and a high score. <span style=\"font-style: inherit;font-weight: inherit\">We offer professional preparation for a variety of examinations - both national examinations such as the eighth-grade exam or the baccalaureate, and international certificates.<\/span><span style=\"font-style: inherit;font-weight: inherit\"> With a personalised approach, specific areas can be effectively improved and progress can be systematically monitored. <\/span><\/p><br>PRICE: 200PLN\/90min<\/p><\/div><\/div>\t\t\t\t<\/div>\n\t\t\t\t\t<\/div>\n\t\t<\/div>\n\t\t\t\t\t<\/div>\n\t\t<\/section>\n\t\t<div class=\"elementor-element elementor-element-27e1397 e-flex e-con-boxed e-con e-parent\" data-id=\"27e1397\" data-element_type=\"container\" data-e-type=\"container\">\n\t\t\t\t\t<div class=\"e-con-inner\">\n\t\t\t\t\t<\/div>\n\t\t\t\t<\/div>\n\t\t\t\t<\/div>","protected":false},"excerpt":{"rendered":"<p>Oferta SUPER OFERTA Oferujemy nowoczesne rozwi\u0105zania j\u0119zykowe online dla dzieci, m\u0142odzie\u017cy i doros\u0142ych \u2013 prowadzone przez do\u015bwiadczonych lektor\u00f3w, z naciskiem na praktyk\u0119, skuteczno\u015b\u0107 i komfort nauki. Nasze zaj\u0119cia trwaj\u0105 60 minut, czyli o 15 minut d\u0142u\u017cej ni\u017c standardowa jednostka lekcyjna, co pozwala na pe\u0142niejsze przyswojenie materia\u0142u i aktywne uczestnictwo w lekcji. W ramach ka\u017cdego kursu [&hellip;]<\/p>","protected":false},"author":1,"featured_media":0,"parent":0,"menu_order":0,"comment_status":"closed","ping_status":"closed","template":"","meta":{"site-sidebar-layout":"no-sidebar","site-content-layout":"page-builder","ast-site-content-layout":"default","site-content-style":"default","site-sidebar-style":"default","ast-global-header-display":"","ast-banner-title-visibility":"","ast-main-header-display":"","ast-hfb-above-header-display":"","ast-hfb-below-header-display":"","ast-hfb-mobile-header-display":"","site-post-title":"disabled","ast-breadcrumbs-content":"disabled","ast-featured-img":"disabled","footer-sml-layout":"","ast-disable-related-posts":"","theme-transparent-header-meta":"enabled","adv-header-id-meta":"","stick-header-meta":"","header-above-stick-meta":"","header-main-stick-meta":"","header-below-stick-meta":"","astra-migrate-meta-layouts":"default","ast-page-background-enabled":"default","ast-page-background-meta":{"desktop":{"background-color":"","background-image":"","background-repeat":"repeat","background-position":"center center","background-size":"auto","background-attachment":"scroll","background-type":"","background-media":"","overlay-type":"","overlay-color":"","overlay-opacity":"","overlay-gradient":""},"tablet":{"background-color":"","background-image":"","background-repeat":"repeat","background-position":"center center","background-size":"auto","background-attachment":"scroll","background-type":"","background-media":"","overlay-type":"","overlay-color":"","overlay-opacity":"","overlay-gradient":""},"mobile":{"background-color":"","background-image":"","background-repeat":"repeat","background-position":"center center","background-size":"auto","background-attachment":"scroll","background-type":"","background-media":"","overlay-type":"","overlay-color":"","overlay-opacity":"","overlay-gradient":""}},"ast-content-background-meta":{"desktop":{"background-color":"var(--ast-global-color-5)","background-image":"","background-repeat":"repeat","background-position":"center center","background-size":"auto","background-attachment":"scroll","background-type":"","background-media":"","overlay-type":"","overlay-color":"","overlay-opacity":"","overlay-gradient":""},"tablet":{"background-color":"var(--ast-global-color-5)","background-image":"","background-repeat":"repeat","background-position":"center center","background-size":"auto","background-attachment":"scroll","background-type":"","background-media":"","overlay-type":"","overlay-color":"","overlay-opacity":"","overlay-gradient":""},"mobile":{"background-color":"var(--ast-global-color-5)","background-image":"","background-repeat":"repeat","background-position":"center center","background-size":"auto","background-attachment":"scroll","background-type":"","background-media":"","overlay-type":"","overlay-color":"","overlay-opacity":"","overlay-gradient":""}},"footnotes":""},"class_list":["post-23","page","type-page","status-publish","hentry"],"yoast_head":"<!-- This site is optimized with the Yoast SEO plugin v26.5 - https:\/\/yoast.com\/wordpress\/plugins\/seo\/ -->\n<title>Oferta - SUPER<\/title>\n<meta name=\"robots\" content=\"index, follow, max-snippet:-1, max-image-preview:large, max-video-preview:-1\" \/>\n<link rel=\"canonical\" href=\"https:\/\/szkolasuper.pl\/en\/oferta\/\" \/>\n<meta property=\"og:locale\" content=\"en_GB\" \/>\n<meta property=\"og:type\" content=\"article\" \/>\n<meta property=\"og:title\" content=\"Oferta - SUPER\" \/>\n<meta property=\"og:description\" content=\"Oferta SUPER OFERTA Oferujemy nowoczesne rozwi\u0105zania j\u0119zykowe online dla dzieci, m\u0142odzie\u017cy i doros\u0142ych \u2013 prowadzone przez do\u015bwiadczonych lektor\u00f3w, z naciskiem na praktyk\u0119, skuteczno\u015b\u0107 i komfort nauki. Nasze zaj\u0119cia trwaj\u0105 60 minut, czyli o 15 minut d\u0142u\u017cej ni\u017c standardowa jednostka lekcyjna, co pozwala na pe\u0142niejsze przyswojenie materia\u0142u i aktywne uczestnictwo w lekcji. W ramach ka\u017cdego kursu [&hellip;]\" \/>\n<meta property=\"og:url\" content=\"https:\/\/szkolasuper.pl\/en\/oferta\/\" \/>\n<meta property=\"og:site_name\" content=\"SUPER\" \/>\n<meta property=\"article:modified_time\" content=\"2025-07-29T07:45:56+00:00\" \/>\n<meta property=\"og:image\" content=\"https:\/\/szkolasuper.pl\/wp-content\/uploads\/2025\/07\/Projekt-bez-nazwy-21.png\" \/>\n<script type=\"application\/ld+json\" class=\"yoast-schema-graph\">{\"@context\":\"https:\/\/schema.org\",\"@graph\":[{\"@type\":\"WebPage\",\"@id\":\"https:\/\/szkolasuper.pl\/oferta\/\",\"url\":\"https:\/\/szkolasuper.pl\/oferta\/\",\"name\":\"Oferta - SUPER\",\"isPartOf\":{\"@id\":\"https:\/\/szkolasuper.pl\/#website\"},\"primaryImageOfPage\":{\"@id\":\"https:\/\/szkolasuper.pl\/oferta\/#primaryimage\"},\"image\":{\"@id\":\"https:\/\/szkolasuper.pl\/oferta\/#primaryimage\"},\"thumbnailUrl\":\"https:\/\/szkolasuper.pl\/wp-content\/uploads\/2025\/07\/Projekt-bez-nazwy-21.png\",\"datePublished\":\"2025-07-09T14:54:19+00:00\",\"dateModified\":\"2025-07-29T07:45:56+00:00\",\"breadcrumb\":{\"@id\":\"https:\/\/szkolasuper.pl\/oferta\/#breadcrumb\"},\"inLanguage\":\"en-GB\",\"potentialAction\":[{\"@type\":\"ReadAction\",\"target\":[\"https:\/\/szkolasuper.pl\/oferta\/\"]}]},{\"@type\":\"ImageObject\",\"inLanguage\":\"en-GB\",\"@id\":\"https:\/\/szkolasuper.pl\/oferta\/#primaryimage\",\"url\":\"https:\/\/szkolasuper.pl\/wp-content\/uploads\/2025\/07\/Projekt-bez-nazwy-21.png\",\"contentUrl\":\"https:\/\/szkolasuper.pl\/wp-content\/uploads\/2025\/07\/Projekt-bez-nazwy-21.png\"},{\"@type\":\"BreadcrumbList\",\"@id\":\"https:\/\/szkolasuper.pl\/oferta\/#breadcrumb\",\"itemListElement\":[{\"@type\":\"ListItem\",\"position\":1,\"name\":\"Strona g\u0142\u00f3wna\",\"item\":\"https:\/\/szkolasuper.pl\/\"},{\"@type\":\"ListItem\",\"position\":2,\"name\":\"Oferta\"}]},{\"@type\":\"WebSite\",\"@id\":\"https:\/\/szkolasuper.pl\/#website\",\"url\":\"https:\/\/szkolasuper.pl\/\",\"name\":\"SUPER\",\"description\":\"Szko\u0142a J\u0119zykowa\",\"publisher\":{\"@id\":\"https:\/\/szkolasuper.pl\/#organization\"},\"potentialAction\":[{\"@type\":\"SearchAction\",\"target\":{\"@type\":\"EntryPoint\",\"urlTemplate\":\"https:\/\/szkolasuper.pl\/?s={search_term_string}\"},\"query-input\":{\"@type\":\"PropertyValueSpecification\",\"valueRequired\":true,\"valueName\":\"search_term_string\"}}],\"inLanguage\":\"en-GB\"},{\"@type\":\"Organization\",\"@id\":\"https:\/\/szkolasuper.pl\/#organization\",\"name\":\"SUPER\",\"url\":\"https:\/\/szkolasuper.pl\/\",\"logo\":{\"@type\":\"ImageObject\",\"inLanguage\":\"en-GB\",\"@id\":\"https:\/\/szkolasuper.pl\/#\/schema\/logo\/image\/\",\"url\":\"https:\/\/szkolasuper.pl\/wp-content\/uploads\/2025\/07\/logo_super_pelna_bialy-scaled.png\",\"contentUrl\":\"https:\/\/szkolasuper.pl\/wp-content\/uploads\/2025\/07\/logo_super_pelna_bialy-scaled.png\",\"width\":2560,\"height\":706,\"caption\":\"SUPER\"},\"image\":{\"@id\":\"https:\/\/szkolasuper.pl\/#\/schema\/logo\/image\/\"}}]}<\/script>\n<!-- \/ Yoast SEO plugin. -->","yoast_head_json":{"title":"Oferta - SUPER","robots":{"index":"index","follow":"follow","max-snippet":"max-snippet:-1","max-image-preview":"max-image-preview:large","max-video-preview":"max-video-preview:-1"},"canonical":"https:\/\/szkolasuper.pl\/en\/oferta\/","og_locale":"en_GB","og_type":"article","og_title":"Oferta - SUPER","og_description":"Oferta SUPER OFERTA Oferujemy nowoczesne rozwi\u0105zania j\u0119zykowe online dla dzieci, m\u0142odzie\u017cy i doros\u0142ych \u2013 prowadzone przez do\u015bwiadczonych lektor\u00f3w, z naciskiem na praktyk\u0119, skuteczno\u015b\u0107 i komfort nauki. Nasze zaj\u0119cia trwaj\u0105 60 minut, czyli o 15 minut d\u0142u\u017cej ni\u017c standardowa jednostka lekcyjna, co pozwala na pe\u0142niejsze przyswojenie materia\u0142u i aktywne uczestnictwo w lekcji. W ramach ka\u017cdego kursu [&hellip;]","og_url":"https:\/\/szkolasuper.pl\/en\/oferta\/","og_site_name":"SUPER","article_modified_time":"2025-07-29T07:45:56+00:00","og_image":[{"url":"https:\/\/szkolasuper.pl\/wp-content\/uploads\/2025\/07\/Projekt-bez-nazwy-21.png","type":"","width":"","height":""}],"schema":{"@context":"https:\/\/schema.org","@graph":[{"@type":"WebPage","@id":"https:\/\/szkolasuper.pl\/oferta\/","url":"https:\/\/szkolasuper.pl\/oferta\/","name":"Oferta - SUPER","isPartOf":{"@id":"https:\/\/szkolasuper.pl\/#website"},"primaryImageOfPage":{"@id":"https:\/\/szkolasuper.pl\/oferta\/#primaryimage"},"image":{"@id":"https:\/\/szkolasuper.pl\/oferta\/#primaryimage"},"thumbnailUrl":"https:\/\/szkolasuper.pl\/wp-content\/uploads\/2025\/07\/Projekt-bez-nazwy-21.png","datePublished":"2025-07-09T14:54:19+00:00","dateModified":"2025-07-29T07:45:56+00:00","breadcrumb":{"@id":"https:\/\/szkolasuper.pl\/oferta\/#breadcrumb"},"inLanguage":"en-GB","potentialAction":[{"@type":"ReadAction","target":["https:\/\/szkolasuper.pl\/oferta\/"]}]},{"@type":"ImageObject","inLanguage":"en-GB","@id":"https:\/\/szkolasuper.pl\/oferta\/#primaryimage","url":"https:\/\/szkolasuper.pl\/wp-content\/uploads\/2025\/07\/Projekt-bez-nazwy-21.png","contentUrl":"https:\/\/szkolasuper.pl\/wp-content\/uploads\/2025\/07\/Projekt-bez-nazwy-21.png"},{"@type":"BreadcrumbList","@id":"https:\/\/szkolasuper.pl\/oferta\/#breadcrumb","itemListElement":[{"@type":"ListItem","position":1,"name":"Strona g\u0142\u00f3wna","item":"https:\/\/szkolasuper.pl\/"},{"@type":"ListItem","position":2,"name":"Oferta"}]},{"@type":"WebSite","@id":"https:\/\/szkolasuper.pl\/#website","url":"https:\/\/szkolasuper.pl\/","name":"SUPER","description":"Szko\u0142a J\u0119zykowa","publisher":{"@id":"https:\/\/szkolasuper.pl\/#organization"},"potentialAction":[{"@type":"SearchAction","target":{"@type":"EntryPoint","urlTemplate":"https:\/\/szkolasuper.pl\/?s={search_term_string}"},"query-input":{"@type":"PropertyValueSpecification","valueRequired":true,"valueName":"search_term_string"}}],"inLanguage":"en-GB"},{"@type":"Organization","@id":"https:\/\/szkolasuper.pl\/#organization","name":"SUPER","url":"https:\/\/szkolasuper.pl\/","logo":{"@type":"ImageObject","inLanguage":"en-GB","@id":"https:\/\/szkolasuper.pl\/#\/schema\/logo\/image\/","url":"https:\/\/szkolasuper.pl\/wp-content\/uploads\/2025\/07\/logo_super_pelna_bialy-scaled.png","contentUrl":"https:\/\/szkolasuper.pl\/wp-content\/uploads\/2025\/07\/logo_super_pelna_bialy-scaled.png","width":2560,"height":706,"caption":"SUPER"},"image":{"@id":"https:\/\/szkolasuper.pl\/#\/schema\/logo\/image\/"}}]}},"_links":{"self":[{"href":"https:\/\/szkolasuper.pl\/en\/wp-json\/wp\/v2\/pages\/23","targetHints":{"allow":["GET"]}}],"collection":[{"href":"https:\/\/szkolasuper.pl\/en\/wp-json\/wp\/v2\/pages"}],"about":[{"href":"https:\/\/szkolasuper.pl\/en\/wp-json\/wp\/v2\/types\/page"}],"author":[{"embeddable":true,"href":"https:\/\/szkolasuper.pl\/en\/wp-json\/wp\/v2\/users\/1"}],"replies":[{"embeddable":true,"href":"https:\/\/szkolasuper.pl\/en\/wp-json\/wp\/v2\/comments?post=23"}],"version-history":[{"count":25,"href":"https:\/\/szkolasuper.pl\/en\/wp-json\/wp\/v2\/pages\/23\/revisions"}],"predecessor-version":[{"id":304,"href":"https:\/\/szkolasuper.pl\/en\/wp-json\/wp\/v2\/pages\/23\/revisions\/304"}],"wp:attachment":[{"href":"https:\/\/szkolasuper.pl\/en\/wp-json\/wp\/v2\/media?parent=23"}],"curies":[{"name":"wp","href":"https:\/\/api.w.org\/{rel}","templated":true}]}}