{"id":347,"date":"2025-08-04T17:45:16","date_gmt":"2025-08-04T17:45:16","guid":{"rendered":"https:\/\/szkolasuper.pl\/?page_id=347"},"modified":"2025-08-11T05:37:13","modified_gmt":"2025-08-11T05:37:13","slug":"polityka-prywatnosci","status":"publish","type":"page","link":"https:\/\/szkolasuper.pl\/de\/polityka-prywatnosci\/","title":{"rendered":"Datenschutzbestimmungen"},"content":{"rendered":"<div data-elementor-type=\"wp-page\" data-elementor-id=\"347\" class=\"elementor elementor-347\">\n\t\t\t\t\t\t<section class=\"elementor-section elementor-top-section elementor-element elementor-element-5564f5b0 elementor-section-height-min-height elementor-section-boxed elementor-section-height-default elementor-section-items-middle\" data-id=\"5564f5b0\" data-element_type=\"section\" data-e-type=\"section\" data-settings=\"{&quot;background_background&quot;:&quot;classic&quot;}\">\n\t\t\t\t\t\t<div class=\"elementor-container elementor-column-gap-no\">\n\t\t\t\t\t<div class=\"elementor-column elementor-col-100 elementor-top-column elementor-element elementor-element-7b8d5fe\" data-id=\"7b8d5fe\" data-element_type=\"column\" data-e-type=\"column\">\n\t\t\t<div class=\"elementor-widget-wrap elementor-element-populated\">\n\t\t\t\t\t\t<div class=\"elementor-element elementor-element-27865363 elementor-widget-divider--view-line elementor-widget elementor-widget-divider\" data-id=\"27865363\" data-element_type=\"widget\" data-e-type=\"widget\" data-widget_type=\"divider.default\">\n\t\t\t\t\t\t\t<div class=\"elementor-divider\">\n\t\t\t<span class=\"elementor-divider-separator\">\n\t\t\t\t\t\t<\/span>\n\t\t<\/div>\n\t\t\t\t\t\t<\/div>\n\t\t\t\t<div class=\"elementor-element elementor-element-2c64e0d3 elementor-widget elementor-widget-heading\" data-id=\"2c64e0d3\" data-element_type=\"widget\" data-e-type=\"widget\" data-widget_type=\"heading.default\">\n\t\t\t\t\t<h1 class=\"elementor-heading-title elementor-size-default\">Datenschutzbestimmungen<\/h1>\t\t\t\t<\/div>\n\t\t\t\t\t<\/div>\n\t\t<\/div>\n\t\t\t\t\t<\/div>\n\t\t<\/section>\n\t\t\t\t<section class=\"elementor-section elementor-top-section elementor-element elementor-element-34cbac36 elementor-section-boxed elementor-section-height-default elementor-section-height-default\" data-id=\"34cbac36\" data-element_type=\"section\" data-e-type=\"section\" data-settings=\"{&quot;background_background&quot;:&quot;classic&quot;}\">\n\t\t\t\t\t\t<div class=\"elementor-container elementor-column-gap-no\">\n\t\t\t\t\t<div class=\"elementor-column elementor-col-100 elementor-top-column elementor-element elementor-element-433b2dff\" data-id=\"433b2dff\" data-element_type=\"column\" data-e-type=\"column\">\n\t\t\t<div class=\"elementor-widget-wrap elementor-element-populated\">\n\t\t\t\t\t\t<div class=\"elementor-element elementor-element-17f05ff elementor-widget elementor-widget-text-editor\" data-id=\"17f05ff\" data-element_type=\"widget\" data-e-type=\"widget\" data-widget_type=\"text-editor.default\">\n\t\t\t\t\t\t\t\t\t<p class=\"p1\"><b>DATENSCHUTZBESTIMMUNGEN DER SUPER SPRACHSCHULE<\/b><\/p><ol class=\"ol1\"><li class=\"li3\"><b>Wer ist der f\u00fcr die Verarbeitung Ihrer Daten Verantwortliche?<\/b><\/li><\/ol><p class=\"p4\">Der f\u00fcr die Verarbeitung Ihrer personenbezogenen Daten Verantwortliche ist <b>STIFTUNG F\u00dcR DIE ENTWICKLUNG DES UNTERNEHMERTUMS \u201eIHR STARTUP\u201d<\/b> mit Sitz in Warschau (Anschrift des eingetragenen Sitzes: <br \/>ul. \u017burawia 6\/12, lok. 766, 00-503 Warschau).<\/p><p class=\"p4\">Die obige Datenschutzerkl\u00e4rung gilt f\u00fcr die Dienste der Stiftung, die von<span class=\"Apple-converted-space\">\u00a0 <\/span>organisierter Teil des Unternehmens SUPER Language School Kontaktdaten: Telefonnummer<span class=\"s2\"> +48532010538, E-Mail Adresse: kontakt@szkolasuper.pl realisiert<span class=\"Apple-converted-space\">\u00a0 <\/span>von Magdalena Szelinger.<\/span><\/p><ol class=\"ol1\"><li class=\"li3\"><b>Warum verarbeiten wir Ihre Daten?<\/b><\/li><\/ol><ol class=\"ol2\"><li class=\"li7\"><span class=\"s4\">Im Zusammenhang mit den von SUPER Language School erbrachten Dienstleistungen, die im Unterrichten von Fremdsprachen und dem Verkauf digitaler Produkte bestehen, d.h. zum Zwecke des Abschlusses oder der Erf\u00fcllung eines Vertrags (Art.<span class=\"Apple-converted-space\">\u00a0 <\/span>6 Absatz 1 Buchstabe b der Verordnung), werden Ihre Daten bis zur Erf\u00fcllung des Vertrags gespeichert<\/span><\/li><li class=\"li7\"><span class=\"s4\">F\u00fcr die Zwecke des Marketings und der F\u00f6rderung der von der Stiftung f\u00fcr Unternehmensentwicklung \u201eYour StartUp\u201d mit Sitz in Warschau angebotenen Produkte, da dies unser berechtigtes Interesse ist (Artikel 6 Absatz 1 Buchstabe f der Verordnung). Ihre Daten werden so lange verarbeitet, bis Sie sich dagegen aussprechen. <\/span><\/li><li class=\"li7\"><span class=\"s4\">Zur Erf\u00fcllung rechtlicher Verpflichtungen, die uns im Zusammenhang mit der Zusammenarbeit obliegen (Artikel 6 Absatz 1 Buchstabe c der Verordnung), wobei dieser Zweck mit den rechtlichen Verpflichtungen zur Aufbewahrung bestimmter Dokumente f\u00fcr die gesetzlich vorgeschriebene Dauer zusammenh\u00e4ngt, z. B:<\/span><br \/><ul class=\"ul1\"><li class=\"li7\"><span class=\"s4\">Gesetz vom 29.09.1994 \u00fcber die Rechnungslegung (Gesetzblatt 2017, Pos. 1858);<\/span><\/li><li class=\"li7\"><span class=\"s4\">Gesetz vom 29. August 1997. - Steuerverordnung (Dz. U. 1997 Nr. 137 Pos. 926);<\/span><\/li><li class=\"li7\"><span class=\"s4\">Gesetz vom 1. M\u00e4rz 2018. - Zur Verhinderung von Geldw\u00e4sche und Terrorismusfinanzierung (Gesetzblatt 2018, Punkt 723).<\/span><\/li><\/ul><\/li><\/ol><ol class=\"ol2\"><li class=\"li7\"><span class=\"s4\">Zum Zweck der m\u00f6glichen Feststellung, Untersuchung oder Abwehr von Anspr\u00fcchen, was unser berechtigtes Interesse ist (Grundlage von Artikel 6 Absatz 1 Buchstabe f der Verordnung). Die Daten werden verarbeitet, bis die Verj\u00e4hrung von Anspr\u00fcchen<\/span><\/li><li class=\"li7\"><span class=\"s4\">Wenn Sie Ihre Einwilligung gegeben haben, werden Ihre Daten innerhalb der Grenzen und zu dem Zweck verarbeitet, die in Ihrer Einwilligung angegeben sind (Grundlage von Artikel 6 Absatz 1 Buchstabe a).<span class=\"Apple-converted-space\">\u00a0 <\/span>Die Daten werden so lange verarbeitet, bis Sie Ihre Zustimmung zur\u00fcckziehen.<\/span><\/li><\/ol><ol class=\"ol1\"><li class=\"li3\"><b>Welche Daten sind Gegenstand der Verarbeitung?<\/b><\/li><\/ol><p class=\"p4\">Um einen Vertrag abschlie\u00dfen zu k\u00f6nnen, ben\u00f6tigen wir Daten aus dem Vertrags-\/Bestellformular (wenn Sie diese nicht angeben, k\u00f6nnen wir den Vertrag nicht abschlie\u00dfen\/den Auftrag nicht ausf\u00fchren). Dar\u00fcber hinaus k\u00f6nnen wir optionale Daten abfragen, die keinen Einfluss auf den Vertragsabschluss haben (wenn wir sie nicht erhalten, k\u00f6nnen wir z. B. eine Kontaktnummer nicht anrufen).<\/p><p class=\"p4\">Im Laufe des Vertragsverh\u00e4ltnisses gelangen wir im Zuge der Erbringung unserer Dienstleistungen in den Besitz Ihrer sonstigen Daten. Das Erscheinen Ihrer pers\u00f6nlichen Daten bei uns ist eine Folge des Betriebs unserer Dienste, die Sie nutzen.<\/p><ol class=\"ol1\"><li class=\"li3\"><b>An wen werden die Daten weitergegeben?<\/b><\/li><\/ol><ol class=\"ol2\"><li class=\"li7\"><span class=\"s4\">\u00d6ffentliche Stellen, soweit sie die Daten nicht im Rahmen eines konkreten Verfahrens nach dem Gesetz erhalten, z.B. im Zusammenhang mit der Bek\u00e4mpfung der Geldw\u00e4scherei; <\/span><\/li><li class=\"li7\"><span class=\"s4\">Stellen, die Ihre personenbezogenen Daten im Auftrag der Stiftung auf der Grundlage eines mit der Stiftung geschlossenen Vertrags \u00fcber die Beauftragung mit der Verarbeitung personenbezogener Daten verarbeiten (sogenannte Auftragsverarbeiter). Dazu geh\u00f6ren unter anderem: die Beg\u00fcnstigten der Stiftung, IT-Spezialisten, Archivierungsunternehmen, Hosting-Unternehmen;<\/span><\/li><li class=\"li7\"><span class=\"s4\">Dritte, die f\u00fcr die Datenverarbeitung verantwortlich sind (so genannte parallele Datenverwalter, an die Daten weitergegeben werden, z. B. Rechtsanw\u00e4lte, Kurier- oder Postdienste, Inkassob\u00fcros - f\u00fcr den Fall, dass Sie unsere Rechnungen nicht fristgerecht bezahlen),<\/span><\/li><li class=\"li7\"><span class=\"s4\">Einrichtungen au\u00dferhalb des EWR, jedoch nur, wenn dies erforderlich ist, und mit einem angemessenen Ma\u00df an Schutz, vor allem durch:<\/span><br \/><ol class=\"ol3\"><li class=\"li7\"><span class=\"s4\">Zusammenarbeit mit Einrichtungen in L\u00e4ndern, f\u00fcr die eine entsprechende Entscheidung der Europ\u00e4ischen Kommission ergangen ist;<\/span><\/li><li class=\"li7\"><span class=\"s4\">Verwendung von Standardvertragsklauseln, die von der Europ\u00e4ischen Kommission herausgegeben werden.<\/span><\/li><\/ol><\/li><\/ol><p class=\"p11\"><span class=\"s6\">Der f\u00fcr die Verarbeitung Verantwortliche teilt seine Absicht, personenbezogene Daten in L\u00e4nder au\u00dferhalb des EWR zu \u00fcbermitteln, stets in der Phase der Erhebung mit.<\/span><\/p><ol class=\"ol1\"><li class=\"li3\"><b>Sind die Daten profiliert?<\/b><\/li><\/ol><p class=\"p12\"><span class=\"s6\">Wir m\u00f6chten Sie dar\u00fcber informieren, dass Ihre Daten nicht dem Profiling unterliegen, d. h. der automatisierten Analyse Ihrer Daten und der Entwicklung von Vorhersagen \u00fcber Ihre Pr\u00e4ferenzen oder Ihr k\u00fcnftiges Verhalten (Profiling bedeutet z. B. im Falle des Marketing-Profiling, dass auf der Grundlage Ihrer fr\u00fcheren Entscheidungen ermittelt wird, welches Angebot Sie am meisten interessieren k\u00f6nnte).<\/span><\/p><ol class=\"ol1\"><li class=\"li3\"><b> Welche Rechte haben Sie?<\/b><\/li><\/ol><ol class=\"ol2\"><li class=\"li4\">Das Recht auf Zugang zu den von uns verarbeiteten personenbezogenen Daten (Artikel 15 der Verordnung),<\/li><li class=\"li4\">Das Recht auf Berichtigung der \u00fcbermittelten personenbezogenen Daten, einschlie\u00dflich der Berichtigung der Daten (Artikel 16 der Verordnung),<\/li><li class=\"li4\">Das Recht, personenbezogene Daten aus unseren Systemen zu l\u00f6schen, das sogenannte \u201eRecht <br \/>Das \u201dRecht auf Vergessenwerden\" - wenn es Ihrer Meinung nach keine Gr\u00fcnde f\u00fcr die Verarbeitung Ihrer Daten gibt, k\u00f6nnen Sie verlangen, dass wir sie l\u00f6schen (Artikel 17 der Verordnung),<\/li><li class=\"li4\">Recht auf Einschr\u00e4nkung der Verarbeitung personenbezogener Daten - Sie k\u00f6nnen verlangen, dass wir die Verarbeitung personenbezogener Daten auf die Speicherung dieser Daten oder auf die Durchf\u00fchrung der mit Ihnen vereinbarten T\u00e4tigkeiten beschr\u00e4nken, wenn wir unrichtige Daten \u00fcber Sie besitzen oder diese unrechtm\u00e4\u00dfig verarbeiten; oder Sie wollen nicht, dass wir diese Daten l\u00f6schen, weil Sie sie zur Feststellung, Geltendmachung oder Verteidigung von Anspr\u00fcchen ben\u00f6tigen; oder f\u00fcr die Dauer eines von Ihnen eingelegten Widerspruchs gegen die Verarbeitung (Artikel 18 der Verordnung),<\/li><li class=\"li4\">Recht auf Daten\u00fcbertragbarkeit - Sie haben das Recht, von uns in einem strukturierten, g\u00e4ngigen und maschinenlesbaren Format (z. B. im \u201e.csv\u201d-Format) die Sie betreffenden personenbezogenen Daten zu erhalten, die wir auf der Grundlage eines Vertrags oder einer erteilten Einwilligung gespeichert haben.<span class=\"Apple-converted-space\">\u00a0 <\/span>Sie haben dieses Recht, wenn wir die Daten in elektronischer Form speichern - wenn Sie die Daten nur in Papierform besitzen, k\u00f6nnen Sie dieses Recht nicht aus\u00fcben. Sie k\u00f6nnen uns anweisen, die Daten direkt an eine andere Partei zu \u00fcbermitteln (Artikel 20 der Verordnung),<\/li><li class=\"li4\">Recht auf Widerruf der Einwilligung in die Verarbeitung personenbezogener Daten - Sie haben das Recht, Ihre Einwilligung in die Verarbeitung personenbezogener Daten, die wir auf der Grundlage einer Einwilligung verarbeiten, jederzeit zu widerrufen - Artikel 7 Absatz 3 der Verordnung. Durch den Widerruf der Einwilligung wird die Rechtm\u00e4\u00dfigkeit der Verarbeitung, die vor dem Widerruf auf der Grundlage der Einwilligung erfolgt ist, nicht ber\u00fchrt. Der Widerruf der Einwilligung erfolgt durch Senden einer E-Mail an: <span class=\"s1\">kontakt@szkolasuper.pl<\/span><\/li><li class=\"li4\">Recht auf Widerspruch - Sie k\u00f6nnen der Verarbeitung Ihrer Daten widersprechen, wenn die Grundlage f\u00fcr die Verwendung Ihrer Daten unser berechtigtes Interesse ist - Artikel 21 der Verordnung. In diesem Fall k\u00f6nnen wir, sobald wir Ihren Antrag gepr\u00fcft haben, die personenbezogenen Daten, gegen die auf dieser Grundlage Widerspruch eingelegt wurde, nicht mehr verarbeiten, es sei denn, wir k\u00f6nnen nachweisen, dass es legitime Gr\u00fcnde f\u00fcr die Verarbeitung gibt, die als vorrangig gegen\u00fcber Ihren Interessen, Rechten und Freiheiten gelten<\/li><li class=\"li4\">Wenn Sie der Meinung sind, dass die Verarbeitung Ihrer personenbezogenen Daten gegen die Bestimmungen der Verordnung verst\u00f6\u00dft, haben Sie das Recht, eine Beschwerde bei der Aufsichtsbeh\u00f6rde, d.h. dem Pr\u00e4sidenten des Amtes f\u00fcr den Schutz personenbezogener Daten, einzureichen<\/li><\/ol><ol class=\"ol1\"><li class=\"li1\"><b>Kontakt<\/b><\/li><\/ol><p class=\"p15\">Wenn Sie weitere Informationen zum Datenschutz ben\u00f6tigen oder Ihre Rechte wahrnehmen m\u00f6chten, wenden Sie sich bitte per E-Mail an uns: <b>rodo@twojstartup.pl<\/b><b><\/b><\/p>\t\t\t\t\t\t\t\t<\/div>\n\t\t\t\t\t<\/div>\n\t\t<\/div>\n\t\t\t\t\t<\/div>\n\t\t<\/section>\n\t\t\t\t<\/div>","protected":false},"excerpt":{"rendered":"<p>Polityka Prywatno\u015bci POLITYKA PRYWATNO\u015aCI SUPER SZKO\u0141Y J\u0118ZYKOWEJ Kto jest administratorem pa\u0144stwa danych? Administratorem Pani\/ Pana danych osobowych jest FUNDACJA ROZWOJU PRZEDSI\u0118BIORCZO\u015aCI \u201eTW\u00d3J STARTUP\u201d z siedzib\u0105 w Warszawie (adres siedziby: ul. \u017burawia 6\/12, lok. 766, 00-503 Warszawa). Powy\u017csza polityka prywatno\u015bci dotyczy us\u0142ug Fundacji \u015bwiadczonych przez\u00a0 zorganizowan\u0105 cz\u0119\u015b\u0107 przedsi\u0119biorstwa SUPER Szko\u0142a J\u0119zykowa dane kontaktowe: numer telefonu +48532010538, [&hellip;]<\/p>","protected":false},"author":1,"featured_media":0,"parent":0,"menu_order":0,"comment_status":"closed","ping_status":"closed","template":"","meta":{"site-sidebar-layout":"no-sidebar","site-content-layout":"page-builder","ast-site-content-layout":"default","site-content-style":"default","site-sidebar-style":"default","ast-global-header-display":"","ast-banner-title-visibility":"","ast-main-header-display":"","ast-hfb-above-header-display":"","ast-hfb-below-header-display":"","ast-hfb-mobile-header-display":"","site-post-title":"disabled","ast-breadcrumbs-content":"disabled","ast-featured-img":"disabled","footer-sml-layout":"","ast-disable-related-posts":"","theme-transparent-header-meta":"enabled","adv-header-id-meta":"","stick-header-meta":"","header-above-stick-meta":"","header-main-stick-meta":"","header-below-stick-meta":"","astra-migrate-meta-layouts":"default","ast-page-background-enabled":"default","ast-page-background-meta":{"desktop":{"background-color":"","background-image":"","background-repeat":"repeat","background-position":"center center","background-size":"auto","background-attachment":"scroll","background-type":"","background-media":"","overlay-type":"","overlay-color":"","overlay-opacity":"","overlay-gradient":""},"tablet":{"background-color":"","background-image":"","background-repeat":"repeat","background-position":"center center","background-size":"auto","background-attachment":"scroll","background-type":"","background-media":"","overlay-type":"","overlay-color":"","overlay-opacity":"","overlay-gradient":""},"mobile":{"background-color":"","background-image":"","background-repeat":"repeat","background-position":"center center","background-size":"auto","background-attachment":"scroll","background-type":"","background-media":"","overlay-type":"","overlay-color":"","overlay-opacity":"","overlay-gradient":""}},"ast-content-background-meta":{"desktop":{"background-color":"var(--ast-global-color-5)","background-image":"","background-repeat":"repeat","background-position":"center center","background-size":"auto","background-attachment":"scroll","background-type":"","background-media":"","overlay-type":"","overlay-color":"","overlay-opacity":"","overlay-gradient":""},"tablet":{"background-color":"var(--ast-global-color-5)","background-image":"","background-repeat":"repeat","background-position":"center center","background-size":"auto","background-attachment":"scroll","background-type":"","background-media":"","overlay-type":"","overlay-color":"","overlay-opacity":"","overlay-gradient":""},"mobile":{"background-color":"var(--ast-global-color-5)","background-image":"","background-repeat":"repeat","background-position":"center center","background-size":"auto","background-attachment":"scroll","background-type":"","background-media":"","overlay-type":"","overlay-color":"","overlay-opacity":"","overlay-gradient":""}},"footnotes":""},"class_list":["post-347","page","type-page","status-publish","hentry"],"yoast_head":"<!-- This site is optimized with the Yoast SEO plugin v26.5 - https:\/\/yoast.com\/wordpress\/plugins\/seo\/ -->\n<title>Polityka Prywatno\u015bci - SUPER<\/title>\n<meta name=\"robots\" content=\"index, follow, max-snippet:-1, max-image-preview:large, max-video-preview:-1\" \/>\n<link rel=\"canonical\" href=\"https:\/\/szkolasuper.pl\/de\/polityka-prywatnosci\/\" \/>\n<meta property=\"og:locale\" content=\"de_DE\" \/>\n<meta property=\"og:type\" content=\"article\" \/>\n<meta property=\"og:title\" content=\"Polityka Prywatno\u015bci - SUPER\" \/>\n<meta property=\"og:description\" content=\"Polityka Prywatno\u015bci POLITYKA PRYWATNO\u015aCI SUPER SZKO\u0141Y J\u0118ZYKOWEJ Kto jest administratorem pa\u0144stwa danych? Administratorem Pani\/ Pana danych osobowych jest FUNDACJA ROZWOJU PRZEDSI\u0118BIORCZO\u015aCI \u201eTW\u00d3J STARTUP\u201d z siedzib\u0105 w Warszawie (adres siedziby: ul. \u017burawia 6\/12, lok. 766, 00-503 Warszawa). Powy\u017csza polityka prywatno\u015bci dotyczy us\u0142ug Fundacji \u015bwiadczonych przez\u00a0 zorganizowan\u0105 cz\u0119\u015b\u0107 przedsi\u0119biorstwa SUPER Szko\u0142a J\u0119zykowa dane kontaktowe: numer telefonu +48532010538, [&hellip;]\" \/>\n<meta property=\"og:url\" content=\"https:\/\/szkolasuper.pl\/de\/polityka-prywatnosci\/\" \/>\n<meta property=\"og:site_name\" content=\"SUPER\" \/>\n<meta property=\"article:modified_time\" content=\"2025-08-11T05:37:13+00:00\" \/>\n<script type=\"application\/ld+json\" class=\"yoast-schema-graph\">{\"@context\":\"https:\/\/schema.org\",\"@graph\":[{\"@type\":\"WebPage\",\"@id\":\"https:\/\/szkolasuper.pl\/polityka-prywatnosci\/\",\"url\":\"https:\/\/szkolasuper.pl\/polityka-prywatnosci\/\",\"name\":\"Polityka Prywatno\u015bci - SUPER\",\"isPartOf\":{\"@id\":\"https:\/\/szkolasuper.pl\/#website\"},\"datePublished\":\"2025-08-04T17:45:16+00:00\",\"dateModified\":\"2025-08-11T05:37:13+00:00\",\"breadcrumb\":{\"@id\":\"https:\/\/szkolasuper.pl\/polityka-prywatnosci\/#breadcrumb\"},\"inLanguage\":\"de\",\"potentialAction\":[{\"@type\":\"ReadAction\",\"target\":[\"https:\/\/szkolasuper.pl\/polityka-prywatnosci\/\"]}]},{\"@type\":\"BreadcrumbList\",\"@id\":\"https:\/\/szkolasuper.pl\/polityka-prywatnosci\/#breadcrumb\",\"itemListElement\":[{\"@type\":\"ListItem\",\"position\":1,\"name\":\"Strona g\u0142\u00f3wna\",\"item\":\"https:\/\/szkolasuper.pl\/\"},{\"@type\":\"ListItem\",\"position\":2,\"name\":\"Polityka Prywatno\u015bci\"}]},{\"@type\":\"WebSite\",\"@id\":\"https:\/\/szkolasuper.pl\/#website\",\"url\":\"https:\/\/szkolasuper.pl\/\",\"name\":\"SUPER\",\"description\":\"Szko\u0142a J\u0119zykowa\",\"publisher\":{\"@id\":\"https:\/\/szkolasuper.pl\/#organization\"},\"potentialAction\":[{\"@type\":\"SearchAction\",\"target\":{\"@type\":\"EntryPoint\",\"urlTemplate\":\"https:\/\/szkolasuper.pl\/?s={search_term_string}\"},\"query-input\":{\"@type\":\"PropertyValueSpecification\",\"valueRequired\":true,\"valueName\":\"search_term_string\"}}],\"inLanguage\":\"de\"},{\"@type\":\"Organization\",\"@id\":\"https:\/\/szkolasuper.pl\/#organization\",\"name\":\"SUPER\",\"url\":\"https:\/\/szkolasuper.pl\/\",\"logo\":{\"@type\":\"ImageObject\",\"inLanguage\":\"de\",\"@id\":\"https:\/\/szkolasuper.pl\/#\/schema\/logo\/image\/\",\"url\":\"https:\/\/szkolasuper.pl\/wp-content\/uploads\/2025\/07\/logo_super_pelna_bialy-scaled.png\",\"contentUrl\":\"https:\/\/szkolasuper.pl\/wp-content\/uploads\/2025\/07\/logo_super_pelna_bialy-scaled.png\",\"width\":2560,\"height\":706,\"caption\":\"SUPER\"},\"image\":{\"@id\":\"https:\/\/szkolasuper.pl\/#\/schema\/logo\/image\/\"}}]}<\/script>\n<!-- \/ Yoast SEO plugin. -->","yoast_head_json":{"title":"Polityka Prywatno\u015bci - SUPER","robots":{"index":"index","follow":"follow","max-snippet":"max-snippet:-1","max-image-preview":"max-image-preview:large","max-video-preview":"max-video-preview:-1"},"canonical":"https:\/\/szkolasuper.pl\/de\/polityka-prywatnosci\/","og_locale":"de_DE","og_type":"article","og_title":"Polityka Prywatno\u015bci - SUPER","og_description":"Polityka Prywatno\u015bci POLITYKA PRYWATNO\u015aCI SUPER SZKO\u0141Y J\u0118ZYKOWEJ Kto jest administratorem pa\u0144stwa danych? Administratorem Pani\/ Pana danych osobowych jest FUNDACJA ROZWOJU PRZEDSI\u0118BIORCZO\u015aCI \u201eTW\u00d3J STARTUP\u201d z siedzib\u0105 w Warszawie (adres siedziby: ul. \u017burawia 6\/12, lok. 766, 00-503 Warszawa). Powy\u017csza polityka prywatno\u015bci dotyczy us\u0142ug Fundacji \u015bwiadczonych przez\u00a0 zorganizowan\u0105 cz\u0119\u015b\u0107 przedsi\u0119biorstwa SUPER Szko\u0142a J\u0119zykowa dane kontaktowe: numer telefonu +48532010538, [&hellip;]","og_url":"https:\/\/szkolasuper.pl\/de\/polityka-prywatnosci\/","og_site_name":"SUPER","article_modified_time":"2025-08-11T05:37:13+00:00","schema":{"@context":"https:\/\/schema.org","@graph":[{"@type":"WebPage","@id":"https:\/\/szkolasuper.pl\/polityka-prywatnosci\/","url":"https:\/\/szkolasuper.pl\/polityka-prywatnosci\/","name":"Polityka Prywatno\u015bci - SUPER","isPartOf":{"@id":"https:\/\/szkolasuper.pl\/#website"},"datePublished":"2025-08-04T17:45:16+00:00","dateModified":"2025-08-11T05:37:13+00:00","breadcrumb":{"@id":"https:\/\/szkolasuper.pl\/polityka-prywatnosci\/#breadcrumb"},"inLanguage":"de","potentialAction":[{"@type":"ReadAction","target":["https:\/\/szkolasuper.pl\/polityka-prywatnosci\/"]}]},{"@type":"BreadcrumbList","@id":"https:\/\/szkolasuper.pl\/polityka-prywatnosci\/#breadcrumb","itemListElement":[{"@type":"ListItem","position":1,"name":"Strona g\u0142\u00f3wna","item":"https:\/\/szkolasuper.pl\/"},{"@type":"ListItem","position":2,"name":"Polityka Prywatno\u015bci"}]},{"@type":"WebSite","@id":"https:\/\/szkolasuper.pl\/#website","url":"https:\/\/szkolasuper.pl\/","name":"SUPER","description":"Szko\u0142a J\u0119zykowa","publisher":{"@id":"https:\/\/szkolasuper.pl\/#organization"},"potentialAction":[{"@type":"SearchAction","target":{"@type":"EntryPoint","urlTemplate":"https:\/\/szkolasuper.pl\/?s={search_term_string}"},"query-input":{"@type":"PropertyValueSpecification","valueRequired":true,"valueName":"search_term_string"}}],"inLanguage":"de"},{"@type":"Organization","@id":"https:\/\/szkolasuper.pl\/#organization","name":"SUPER","url":"https:\/\/szkolasuper.pl\/","logo":{"@type":"ImageObject","inLanguage":"de","@id":"https:\/\/szkolasuper.pl\/#\/schema\/logo\/image\/","url":"https:\/\/szkolasuper.pl\/wp-content\/uploads\/2025\/07\/logo_super_pelna_bialy-scaled.png","contentUrl":"https:\/\/szkolasuper.pl\/wp-content\/uploads\/2025\/07\/logo_super_pelna_bialy-scaled.png","width":2560,"height":706,"caption":"SUPER"},"image":{"@id":"https:\/\/szkolasuper.pl\/#\/schema\/logo\/image\/"}}]}},"_links":{"self":[{"href":"https:\/\/szkolasuper.pl\/de\/wp-json\/wp\/v2\/pages\/347","targetHints":{"allow":["GET"]}}],"collection":[{"href":"https:\/\/szkolasuper.pl\/de\/wp-json\/wp\/v2\/pages"}],"about":[{"href":"https:\/\/szkolasuper.pl\/de\/wp-json\/wp\/v2\/types\/page"}],"author":[{"embeddable":true,"href":"https:\/\/szkolasuper.pl\/de\/wp-json\/wp\/v2\/users\/1"}],"replies":[{"embeddable":true,"href":"https:\/\/szkolasuper.pl\/de\/wp-json\/wp\/v2\/comments?post=347"}],"version-history":[{"count":10,"href":"https:\/\/szkolasuper.pl\/de\/wp-json\/wp\/v2\/pages\/347\/revisions"}],"predecessor-version":[{"id":380,"href":"https:\/\/szkolasuper.pl\/de\/wp-json\/wp\/v2\/pages\/347\/revisions\/380"}],"wp:attachment":[{"href":"https:\/\/szkolasuper.pl\/de\/wp-json\/wp\/v2\/media?parent=347"}],"curies":[{"name":"wp","href":"https:\/\/api.w.org\/{rel}","templated":true}]}}