{"id":342,"date":"2025-08-04T17:44:02","date_gmt":"2025-08-04T17:44:02","guid":{"rendered":"https:\/\/szkolasuper.pl\/?page_id=342"},"modified":"2025-08-11T05:34:36","modified_gmt":"2025-08-11T05:34:36","slug":"polityka-cookies","status":"publish","type":"page","link":"https:\/\/szkolasuper.pl\/de\/polityka-cookies\/","title":{"rendered":"Cookies-Politik"},"content":{"rendered":"<div data-elementor-type=\"wp-page\" data-elementor-id=\"342\" class=\"elementor elementor-342\">\n\t\t\t\t\t\t<section class=\"elementor-section elementor-top-section elementor-element elementor-element-5564f5b0 elementor-section-height-min-height elementor-section-boxed elementor-section-height-default elementor-section-items-middle\" data-id=\"5564f5b0\" data-element_type=\"section\" data-e-type=\"section\" data-settings=\"{&quot;background_background&quot;:&quot;classic&quot;}\">\n\t\t\t\t\t\t<div class=\"elementor-container elementor-column-gap-no\">\n\t\t\t\t\t<div class=\"elementor-column elementor-col-100 elementor-top-column elementor-element elementor-element-7b8d5fe\" data-id=\"7b8d5fe\" data-element_type=\"column\" data-e-type=\"column\">\n\t\t\t<div class=\"elementor-widget-wrap elementor-element-populated\">\n\t\t\t\t\t\t<div class=\"elementor-element elementor-element-27865363 elementor-widget-divider--view-line elementor-widget elementor-widget-divider\" data-id=\"27865363\" data-element_type=\"widget\" data-e-type=\"widget\" data-widget_type=\"divider.default\">\n\t\t\t\t\t\t\t<div class=\"elementor-divider\">\n\t\t\t<span class=\"elementor-divider-separator\">\n\t\t\t\t\t\t<\/span>\n\t\t<\/div>\n\t\t\t\t\t\t<\/div>\n\t\t\t\t<div class=\"elementor-element elementor-element-2c64e0d3 elementor-widget elementor-widget-heading\" data-id=\"2c64e0d3\" data-element_type=\"widget\" data-e-type=\"widget\" data-widget_type=\"heading.default\">\n\t\t\t\t\t<h1 class=\"elementor-heading-title elementor-size-default\">Cookies-Politik<\/h1>\t\t\t\t<\/div>\n\t\t\t\t\t<\/div>\n\t\t<\/div>\n\t\t\t\t\t<\/div>\n\t\t<\/section>\n\t\t\t\t<section class=\"elementor-section elementor-top-section elementor-element elementor-element-34cbac36 elementor-section-boxed elementor-section-height-default elementor-section-height-default\" data-id=\"34cbac36\" data-element_type=\"section\" data-e-type=\"section\" data-settings=\"{&quot;background_background&quot;:&quot;classic&quot;}\">\n\t\t\t\t\t\t<div class=\"elementor-container elementor-column-gap-no\">\n\t\t\t\t\t<div class=\"elementor-column elementor-col-100 elementor-top-column elementor-element elementor-element-433b2dff\" data-id=\"433b2dff\" data-element_type=\"column\" data-e-type=\"column\">\n\t\t\t<div class=\"elementor-widget-wrap elementor-element-populated\">\n\t\t\t\t\t\t<div class=\"elementor-element elementor-element-f9fa07b elementor-widget elementor-widget-text-editor\" data-id=\"f9fa07b\" data-element_type=\"widget\" data-e-type=\"widget\" data-widget_type=\"text-editor.default\">\n\t\t\t\t\t\t\t\t\t<p class=\"p1\"><b>Cookies-Politik<\/b><b><\/b><\/p><p class=\"p2\">Cookies sind Textdateien, die von Webbrowsern automatisch erstellt werden, wenn Sie Websites besuchen oder nutzen. Sie werden von der Website gesendet und auf dem Ger\u00e4t des Nutzers gespeichert. Sie versorgen den Administrator der Website mit Informationen, die unter anderem das ordnungsgem\u00e4\u00dfe Funktionieren der Website erm\u00f6glichen, die Sicherheit gew\u00e4hrleisten und den Betrieb verbessern.<\/p><p class=\"p1\"><b>Datenkontrolleur<\/b><b><\/b><\/p><p class=\"p2\">Verwalter der personenbezogenen Daten ist die STIFTUNG F\u00dcR UNTERNEHMENSENTWICKLUNG \u201eTW\u00d3J STARTUP\u201d mit Sitz in Warschau (Adresse: ul. \u017burawia 6\/12, lok. 766, 00-503 Warschau), eingetragen im Unternehmerregister des Nationalen Gerichtsregisters durch das Bezirksgericht f\u00fcr die Hauptstadt Warschau in Warschau, XII. Wirtschaftsabteilung des Nationalen Gerichtsregisters unter der Nummer 0000442857; NIP: 5213641211; REGON: 146433467, Kontaktdaten: Telefonnummer +48532010538, E-Mail-Adresse: kontakt@szkolasuper.pl im Zusammenhang mit der Realisierung der<span class=\"Apple-converted-space\">\u00a0 <\/span>von Magdalena Szelinger vom organisierten Teil des Unternehmens, der SUPER Language School.<\/p><p class=\"p1\"><b>Arten von Cookies<\/b><\/p><p class=\"p2\">Wir verwenden die folgenden Arten von Cookies im Rahmen unserer Websites:<\/p><p class=\"p2\"><b>Wesentlich\/Technisch: <\/b>Diese Cookies sind f\u00fcr das korrekte Funktionieren der Website erforderlich. Diese Cookies werden insbesondere installiert, um sich an Ihre Anmeldesitzung zu erinnern oder um Formulare auszuf\u00fcllen, und auch um sich daran zu erinnern, ob Sie \u00fcber die Verwendung von Cookies informiert wurden.<\/p><p class=\"p2\"><b>Funktionell: <\/b>Sie erinnern sich und passen die Plattform an Ihre Entscheidungen an, z. B. k\u00f6nnen Sie die E-Mail-Adresse, mit der Sie sich zuletzt bei der Plattform angemeldet haben, automatisch ausf\u00fcllen lassen.<\/p><p class=\"p2\"><b>Analytisch<\/b>: Sie erm\u00f6glichen es uns, die Anzahl der Besuche und die Quellen des Verkehrs zu \u00fcberpr\u00fcfen. Mit ihrer Hilfe k\u00f6nnen wir feststellen, welche Seiten beliebt sind und welche nicht. Mit ihrer Hilfe studieren wir die Statistiken und verbessern die Leistung unserer Websites. Wir verwenden f\u00fcr unsere Websites u.a. L\u00f6sungen von Google, Mailerchimp und Hotjar.<\/p><p class=\"p2\"><b>Marketing <\/b>- Sie erm\u00f6glichen es, die angezeigten Werbeinhalte auf Ihre Interessen abzustimmen, nicht nur innerhalb unseres Portals, sondern auch au\u00dferhalb davon. Sie k\u00f6nnen von Werbepartnern installiert werden. Auf der Grundlage der Informationen aus diesen Cookies und Ihrer Aktivit\u00e4ten auf anderen Websites wird ein Profil Ihrer Interessen erstellt.<\/p><p class=\"p2\"><b>Cookies f\u00fcr soziale Netzwerke: <\/b>Dies sind Cookies, die von unseren Partnern installiert werden, um die in den sozialen Medien angezeigten Werbeinhalte anzupassen. Sie werden verwendet, um ein Profil Ihrer Interessen zu erstellen. Dadurch wird sichergestellt, dass die angezeigten Inhalte auf Ihre individuellen Bed\u00fcrfnisse zugeschnitten sind.<\/p><p class=\"p1\"><b>Lagerzeit f\u00fcr Kekse<\/b><b><\/b><\/p><p class=\"p2\">Sitzungen - werden auf dem verwendeten Ger\u00e4t gespeichert, bis Sie die Website verlassen, z. B. durch Ausschalten Ihres Webbrowsers.<\/p><p class=\"p2\">Permanent - sie bleiben bestehen, bis sie manuell gel\u00f6scht werden oder bis die im Browser angegebene Zeit abgelaufen ist.<\/p><p class=\"p1\"><b>Art der erhobenen Daten<\/b><b><\/b><\/p><p class=\"p2\">Dazu geh\u00f6ren:<\/p><ul class=\"ul1\"><li class=\"li3\">die IP-Adresse des Ger\u00e4ts, das Sie verwenden<\/li><li class=\"li3\">Ger\u00e4tetyp<\/li><li class=\"li3\">auf der Website verbrachte Zeit<\/li><li class=\"li3\">Ma\u00dfnahmen zum<\/li><li class=\"li2\">den Ort, von dem aus der Anruf get\u00e4tigt wird<\/li><\/ul><p class=\"p1\"><b>Verfahren f\u00fcr den Widerruf der Zustimmung<\/b><b><\/b><\/p><p class=\"p2\"><span class=\"s2\">N<\/span>er Webbrowser l\u00e4dt einige Cookies herunter, wenn Sie eine Website besuchen. Um das Herunterladen von Cookies zu blockieren, verwenden Sie die Methode, die f\u00fcr Ihren Browser existiert:<\/p><ul class=\"ul1\"><li class=\"li4\"><span class=\"s3\"><a href=\"https:\/\/support.mozilla.org\/pl\/kb\/wzmocniona-ochrona-przed-sledzeniem-firefox-desktop?redirectslug=W%25C5%2582%25C4%2585czanie+i+wy%25C5%2582%25C4%2585czanie+obs%25C5%2582ugi+ciasteczek&amp;redirectlocale=pl\"><span class=\"s4\">Firefox<\/span><\/a><\/span><\/li><li class=\"li4\"><span class=\"s3\"><a href=\"https:\/\/support.google.com\/accounts\/answer\/61416?co=GENIE.Platform=Desktop&amp;hl=pl\"><span class=\"s4\">Chrom<\/span><\/a><\/span><\/li><li class=\"li4\"><span class=\"s3\"><a href=\"https:\/\/support.microsoft.com\/pl-pl\/help\/17442\/windows-internet-explorer-delete-manage-cookies\"><span class=\"s4\">Microsoft Edge<\/span><\/a><\/span><\/li><li class=\"li5\"><span class=\"s3\"><a href=\"https:\/\/support.apple.com\/pl-pl\/HT201265\"><span class=\"s4\">Safari<\/span><\/a><\/span><\/li><\/ul><p class=\"p6\">Werden die Cookies nicht gespeichert\/gelesen, kann dies zu einer unvollst\u00e4ndigen und fehlerhaften Funktion der Website f\u00fchren, die Nutzung der Website ist jedoch weiterhin m\u00f6glich.<\/p><p class=\"p1\"><b>Kontakt<\/b><\/p><p class=\"p2\">Wenn Sie Fragen zur Verarbeitung Ihrer personenbezogenen Daten haben oder Ihre Rechte aus\u00fcben m\u00f6chten, k\u00f6nnen Sie sich an die unter \u201c \" angegebenen Adressen wenden.\u201c<b>Verantwortlicher f\u00fcr die Datenverarbeitung<\/b>\u201d<\/p><p class=\"p2\">Dar\u00fcber hinaus k\u00f6nnen Sie unter der angegebenen Adresse Informationen \u00fcber uns und Ihre Rechte erhalten: <a href=\"https:\/\/szkolasuper.pl\/de\/polityka-prywatnosci\/\">Datenschutzrichtlinie - SUPER<\/a><\/p><p class=\"p7\">Im Falle eines Versto\u00dfes gegen die Datenschutzvorschriften haben Sie das Recht, eine Beschwerde beim Pr\u00e4sidenten der Datenschutzbeh\u00f6rde einzureichen. <a href=\"https:\/\/uodo.gov.pl\/\"><span class=\"s5\">https:\/\/uodo.gov.pl\/<\/span><\/a><\/p>\t\t\t\t\t\t\t\t<\/div>\n\t\t\t\t\t<\/div>\n\t\t<\/div>\n\t\t\t\t\t<\/div>\n\t\t<\/section>\n\t\t\t\t<\/div>","protected":false},"excerpt":{"rendered":"<p>Polityka Cookies Polityka Cookies Cookies stanowi\u0105 pliki tekstowe i powstaj\u0105 one w spos\u00f3b automatyczny za pomoc\u0105 przegl\u0105darek internetowych w momencie odwiedzania lub korzystania ze stron internetowych. S\u0105 one wysy\u0142ane przez stron\u0119 internetow\u0105 i zapisywane na urz\u0105dzeniu u\u017cytkownika. Za ich pomoc\u0105 administrator otrzymuje informacje pozwalaj\u0105ce mi\u0119dzy innymi na umo\u017cliwienie prawid\u0142owego dzia\u0142ania strony, zapewnienie bezpiecze\u0144stwa a tak\u017ce [&hellip;]<\/p>","protected":false},"author":1,"featured_media":0,"parent":0,"menu_order":0,"comment_status":"closed","ping_status":"closed","template":"","meta":{"site-sidebar-layout":"no-sidebar","site-content-layout":"page-builder","ast-site-content-layout":"default","site-content-style":"default","site-sidebar-style":"default","ast-global-header-display":"","ast-banner-title-visibility":"","ast-main-header-display":"","ast-hfb-above-header-display":"","ast-hfb-below-header-display":"","ast-hfb-mobile-header-display":"","site-post-title":"disabled","ast-breadcrumbs-content":"disabled","ast-featured-img":"disabled","footer-sml-layout":"","ast-disable-related-posts":"","theme-transparent-header-meta":"enabled","adv-header-id-meta":"","stick-header-meta":"","header-above-stick-meta":"","header-main-stick-meta":"","header-below-stick-meta":"","astra-migrate-meta-layouts":"default","ast-page-background-enabled":"default","ast-page-background-meta":{"desktop":{"background-color":"","background-image":"","background-repeat":"repeat","background-position":"center center","background-size":"auto","background-attachment":"scroll","background-type":"","background-media":"","overlay-type":"","overlay-color":"","overlay-opacity":"","overlay-gradient":""},"tablet":{"background-color":"","background-image":"","background-repeat":"repeat","background-position":"center center","background-size":"auto","background-attachment":"scroll","background-type":"","background-media":"","overlay-type":"","overlay-color":"","overlay-opacity":"","overlay-gradient":""},"mobile":{"background-color":"","background-image":"","background-repeat":"repeat","background-position":"center center","background-size":"auto","background-attachment":"scroll","background-type":"","background-media":"","overlay-type":"","overlay-color":"","overlay-opacity":"","overlay-gradient":""}},"ast-content-background-meta":{"desktop":{"background-color":"var(--ast-global-color-5)","background-image":"","background-repeat":"repeat","background-position":"center center","background-size":"auto","background-attachment":"scroll","background-type":"","background-media":"","overlay-type":"","overlay-color":"","overlay-opacity":"","overlay-gradient":""},"tablet":{"background-color":"var(--ast-global-color-5)","background-image":"","background-repeat":"repeat","background-position":"center center","background-size":"auto","background-attachment":"scroll","background-type":"","background-media":"","overlay-type":"","overlay-color":"","overlay-opacity":"","overlay-gradient":""},"mobile":{"background-color":"var(--ast-global-color-5)","background-image":"","background-repeat":"repeat","background-position":"center center","background-size":"auto","background-attachment":"scroll","background-type":"","background-media":"","overlay-type":"","overlay-color":"","overlay-opacity":"","overlay-gradient":""}},"footnotes":""},"class_list":["post-342","page","type-page","status-publish","hentry"],"yoast_head":"<!-- This site is optimized with the Yoast SEO plugin v26.5 - https:\/\/yoast.com\/wordpress\/plugins\/seo\/ -->\n<title>Polityka Cookies - SUPER<\/title>\n<meta name=\"robots\" content=\"index, follow, max-snippet:-1, max-image-preview:large, max-video-preview:-1\" \/>\n<link rel=\"canonical\" href=\"https:\/\/szkolasuper.pl\/de\/polityka-cookies\/\" \/>\n<meta property=\"og:locale\" content=\"de_DE\" \/>\n<meta property=\"og:type\" content=\"article\" \/>\n<meta property=\"og:title\" content=\"Polityka Cookies - SUPER\" \/>\n<meta property=\"og:description\" content=\"Polityka Cookies Polityka Cookies Cookies stanowi\u0105 pliki tekstowe i powstaj\u0105 one w spos\u00f3b automatyczny za pomoc\u0105 przegl\u0105darek internetowych w momencie odwiedzania lub korzystania ze stron internetowych. S\u0105 one wysy\u0142ane przez stron\u0119 internetow\u0105 i zapisywane na urz\u0105dzeniu u\u017cytkownika. Za ich pomoc\u0105 administrator otrzymuje informacje pozwalaj\u0105ce mi\u0119dzy innymi na umo\u017cliwienie prawid\u0142owego dzia\u0142ania strony, zapewnienie bezpiecze\u0144stwa a tak\u017ce [&hellip;]\" \/>\n<meta property=\"og:url\" content=\"https:\/\/szkolasuper.pl\/de\/polityka-cookies\/\" \/>\n<meta property=\"og:site_name\" content=\"SUPER\" \/>\n<meta property=\"article:modified_time\" content=\"2025-08-11T05:34:36+00:00\" \/>\n<script type=\"application\/ld+json\" class=\"yoast-schema-graph\">{\"@context\":\"https:\/\/schema.org\",\"@graph\":[{\"@type\":\"WebPage\",\"@id\":\"https:\/\/szkolasuper.pl\/polityka-cookies\/\",\"url\":\"https:\/\/szkolasuper.pl\/polityka-cookies\/\",\"name\":\"Polityka Cookies - SUPER\",\"isPartOf\":{\"@id\":\"https:\/\/szkolasuper.pl\/#website\"},\"datePublished\":\"2025-08-04T17:44:02+00:00\",\"dateModified\":\"2025-08-11T05:34:36+00:00\",\"breadcrumb\":{\"@id\":\"https:\/\/szkolasuper.pl\/polityka-cookies\/#breadcrumb\"},\"inLanguage\":\"de\",\"potentialAction\":[{\"@type\":\"ReadAction\",\"target\":[\"https:\/\/szkolasuper.pl\/polityka-cookies\/\"]}]},{\"@type\":\"BreadcrumbList\",\"@id\":\"https:\/\/szkolasuper.pl\/polityka-cookies\/#breadcrumb\",\"itemListElement\":[{\"@type\":\"ListItem\",\"position\":1,\"name\":\"Strona g\u0142\u00f3wna\",\"item\":\"https:\/\/szkolasuper.pl\/\"},{\"@type\":\"ListItem\",\"position\":2,\"name\":\"Polityka Cookies\"}]},{\"@type\":\"WebSite\",\"@id\":\"https:\/\/szkolasuper.pl\/#website\",\"url\":\"https:\/\/szkolasuper.pl\/\",\"name\":\"SUPER\",\"description\":\"Szko\u0142a J\u0119zykowa\",\"publisher\":{\"@id\":\"https:\/\/szkolasuper.pl\/#organization\"},\"potentialAction\":[{\"@type\":\"SearchAction\",\"target\":{\"@type\":\"EntryPoint\",\"urlTemplate\":\"https:\/\/szkolasuper.pl\/?s={search_term_string}\"},\"query-input\":{\"@type\":\"PropertyValueSpecification\",\"valueRequired\":true,\"valueName\":\"search_term_string\"}}],\"inLanguage\":\"de\"},{\"@type\":\"Organization\",\"@id\":\"https:\/\/szkolasuper.pl\/#organization\",\"name\":\"SUPER\",\"url\":\"https:\/\/szkolasuper.pl\/\",\"logo\":{\"@type\":\"ImageObject\",\"inLanguage\":\"de\",\"@id\":\"https:\/\/szkolasuper.pl\/#\/schema\/logo\/image\/\",\"url\":\"https:\/\/szkolasuper.pl\/wp-content\/uploads\/2025\/07\/logo_super_pelna_bialy-scaled.png\",\"contentUrl\":\"https:\/\/szkolasuper.pl\/wp-content\/uploads\/2025\/07\/logo_super_pelna_bialy-scaled.png\",\"width\":2560,\"height\":706,\"caption\":\"SUPER\"},\"image\":{\"@id\":\"https:\/\/szkolasuper.pl\/#\/schema\/logo\/image\/\"}}]}<\/script>\n<!-- \/ Yoast SEO plugin. -->","yoast_head_json":{"title":"Polityka Cookies - SUPER","robots":{"index":"index","follow":"follow","max-snippet":"max-snippet:-1","max-image-preview":"max-image-preview:large","max-video-preview":"max-video-preview:-1"},"canonical":"https:\/\/szkolasuper.pl\/de\/polityka-cookies\/","og_locale":"de_DE","og_type":"article","og_title":"Polityka Cookies - SUPER","og_description":"Polityka Cookies Polityka Cookies Cookies stanowi\u0105 pliki tekstowe i powstaj\u0105 one w spos\u00f3b automatyczny za pomoc\u0105 przegl\u0105darek internetowych w momencie odwiedzania lub korzystania ze stron internetowych. S\u0105 one wysy\u0142ane przez stron\u0119 internetow\u0105 i zapisywane na urz\u0105dzeniu u\u017cytkownika. Za ich pomoc\u0105 administrator otrzymuje informacje pozwalaj\u0105ce mi\u0119dzy innymi na umo\u017cliwienie prawid\u0142owego dzia\u0142ania strony, zapewnienie bezpiecze\u0144stwa a tak\u017ce [&hellip;]","og_url":"https:\/\/szkolasuper.pl\/de\/polityka-cookies\/","og_site_name":"SUPER","article_modified_time":"2025-08-11T05:34:36+00:00","schema":{"@context":"https:\/\/schema.org","@graph":[{"@type":"WebPage","@id":"https:\/\/szkolasuper.pl\/polityka-cookies\/","url":"https:\/\/szkolasuper.pl\/polityka-cookies\/","name":"Polityka Cookies - SUPER","isPartOf":{"@id":"https:\/\/szkolasuper.pl\/#website"},"datePublished":"2025-08-04T17:44:02+00:00","dateModified":"2025-08-11T05:34:36+00:00","breadcrumb":{"@id":"https:\/\/szkolasuper.pl\/polityka-cookies\/#breadcrumb"},"inLanguage":"de","potentialAction":[{"@type":"ReadAction","target":["https:\/\/szkolasuper.pl\/polityka-cookies\/"]}]},{"@type":"BreadcrumbList","@id":"https:\/\/szkolasuper.pl\/polityka-cookies\/#breadcrumb","itemListElement":[{"@type":"ListItem","position":1,"name":"Strona g\u0142\u00f3wna","item":"https:\/\/szkolasuper.pl\/"},{"@type":"ListItem","position":2,"name":"Polityka Cookies"}]},{"@type":"WebSite","@id":"https:\/\/szkolasuper.pl\/#website","url":"https:\/\/szkolasuper.pl\/","name":"SUPER","description":"Szko\u0142a J\u0119zykowa","publisher":{"@id":"https:\/\/szkolasuper.pl\/#organization"},"potentialAction":[{"@type":"SearchAction","target":{"@type":"EntryPoint","urlTemplate":"https:\/\/szkolasuper.pl\/?s={search_term_string}"},"query-input":{"@type":"PropertyValueSpecification","valueRequired":true,"valueName":"search_term_string"}}],"inLanguage":"de"},{"@type":"Organization","@id":"https:\/\/szkolasuper.pl\/#organization","name":"SUPER","url":"https:\/\/szkolasuper.pl\/","logo":{"@type":"ImageObject","inLanguage":"de","@id":"https:\/\/szkolasuper.pl\/#\/schema\/logo\/image\/","url":"https:\/\/szkolasuper.pl\/wp-content\/uploads\/2025\/07\/logo_super_pelna_bialy-scaled.png","contentUrl":"https:\/\/szkolasuper.pl\/wp-content\/uploads\/2025\/07\/logo_super_pelna_bialy-scaled.png","width":2560,"height":706,"caption":"SUPER"},"image":{"@id":"https:\/\/szkolasuper.pl\/#\/schema\/logo\/image\/"}}]}},"_links":{"self":[{"href":"https:\/\/szkolasuper.pl\/de\/wp-json\/wp\/v2\/pages\/342","targetHints":{"allow":["GET"]}}],"collection":[{"href":"https:\/\/szkolasuper.pl\/de\/wp-json\/wp\/v2\/pages"}],"about":[{"href":"https:\/\/szkolasuper.pl\/de\/wp-json\/wp\/v2\/types\/page"}],"author":[{"embeddable":true,"href":"https:\/\/szkolasuper.pl\/de\/wp-json\/wp\/v2\/users\/1"}],"replies":[{"embeddable":true,"href":"https:\/\/szkolasuper.pl\/de\/wp-json\/wp\/v2\/comments?post=342"}],"version-history":[{"count":13,"href":"https:\/\/szkolasuper.pl\/de\/wp-json\/wp\/v2\/pages\/342\/revisions"}],"predecessor-version":[{"id":377,"href":"https:\/\/szkolasuper.pl\/de\/wp-json\/wp\/v2\/pages\/342\/revisions\/377"}],"wp:attachment":[{"href":"https:\/\/szkolasuper.pl\/de\/wp-json\/wp\/v2\/media?parent=342"}],"curies":[{"name":"wp","href":"https:\/\/api.w.org\/{rel}","templated":true}]}}