{"id":23,"date":"2025-07-09T14:54:19","date_gmt":"2025-07-09T14:54:19","guid":{"rendered":"https:\/\/szkolasuper.pl\/oferta\/"},"modified":"2025-07-29T07:45:56","modified_gmt":"2025-07-29T07:45:56","slug":"oferta","status":"publish","type":"page","link":"https:\/\/szkolasuper.pl\/de\/oferta\/","title":{"rendered":"Angebot"},"content":{"rendered":"<div data-elementor-type=\"wp-page\" data-elementor-id=\"23\" class=\"elementor elementor-23\">\n\t\t\t\t\t\t<section class=\"elementor-section elementor-top-section elementor-element elementor-element-6a31493e elementor-section-height-min-height elementor-section-boxed elementor-section-height-default elementor-section-items-middle\" data-id=\"6a31493e\" data-element_type=\"section\" data-e-type=\"section\" data-settings=\"{&quot;background_background&quot;:&quot;classic&quot;}\">\n\t\t\t\t\t\t<div class=\"elementor-container elementor-column-gap-no\">\n\t\t\t\t\t<div class=\"elementor-column elementor-col-100 elementor-top-column elementor-element elementor-element-4a376089\" data-id=\"4a376089\" data-element_type=\"column\" data-e-type=\"column\">\n\t\t\t<div class=\"elementor-widget-wrap elementor-element-populated\">\n\t\t\t\t\t\t<div class=\"elementor-element elementor-element-24c5b76a elementor-widget-divider--view-line elementor-widget elementor-widget-divider\" data-id=\"24c5b76a\" data-element_type=\"widget\" data-e-type=\"widget\" data-widget_type=\"divider.default\">\n\t\t\t\t\t\t\t<div class=\"elementor-divider\">\n\t\t\t<span class=\"elementor-divider-separator\">\n\t\t\t\t\t\t<\/span>\n\t\t<\/div>\n\t\t\t\t\t\t<\/div>\n\t\t\t\t<div class=\"elementor-element elementor-element-266b5027 elementor-widget elementor-widget-heading\" data-id=\"266b5027\" data-element_type=\"widget\" data-e-type=\"widget\" data-widget_type=\"heading.default\">\n\t\t\t\t\t<h1 class=\"elementor-heading-title elementor-size-default\">Angebot<\/h1>\t\t\t\t<\/div>\n\t\t\t\t\t<\/div>\n\t\t<\/div>\n\t\t\t\t\t<\/div>\n\t\t<\/section>\n\t\t\t\t<section class=\"elementor-section elementor-top-section elementor-element elementor-element-2d7d33ff elementor-section-boxed elementor-section-height-default elementor-section-height-default\" data-id=\"2d7d33ff\" data-element_type=\"section\" data-e-type=\"section\" data-settings=\"{&quot;background_background&quot;:&quot;classic&quot;}\">\n\t\t\t\t\t\t<div class=\"elementor-container elementor-column-gap-no\">\n\t\t\t\t\t<div class=\"elementor-column elementor-col-100 elementor-top-column elementor-element elementor-element-1eb4e4f\" data-id=\"1eb4e4f\" data-element_type=\"column\" data-e-type=\"column\">\n\t\t\t<div class=\"elementor-widget-wrap elementor-element-populated\">\n\t\t\t\t\t\t<div class=\"elementor-element elementor-element-6081efd5 elementor-widget elementor-widget-heading\" data-id=\"6081efd5\" data-element_type=\"widget\" data-e-type=\"widget\" data-widget_type=\"heading.default\">\n\t\t\t\t\t<h2 class=\"elementor-heading-title elementor-size-default\">SUPERANGEBOT<\/h2>\t\t\t\t<\/div>\n\t\t\t\t<div class=\"elementor-element elementor-element-4cd27d58 elementor-widget elementor-widget-text-editor\" data-id=\"4cd27d58\" data-element_type=\"widget\" data-e-type=\"widget\" data-widget_type=\"text-editor.default\">\n\t\t\t\t\t\t\t\t\t<p data-start=\"118\" data-end=\"298\">Wir bieten moderne Online-Sprachl\u00f6sungen f\u00fcr Kinder, Jugendliche und Erwachsene - angeleitet von erfahrenen Lehrern mit dem Schwerpunkt auf Praxis, Effizienz und Lernkomfort.<\/p><p data-start=\"300\" data-end=\"471\">Unser Unterricht dauert 60 Minuten, also 15 Minuten l\u00e4nger als eine normale Unterrichtseinheit, was eine vollst\u00e4ndigere Aufnahme des Materials und eine aktive Teilnahme am Unterricht erm\u00f6glicht.<\/p><p data-start=\"473\" data-end=\"644\">Im Rahmen jedes Kurses bieten wir Zugang zu einem virtuellen Whiteboard, individuell ausgew\u00e4hlten Materialien, eigenen SUPER-Notes und einer kostenlosen Beratung vor dem Kurs.<\/p><div>\u00a0<\/div>\t\t\t\t\t\t\t\t<\/div>\n\t\t\t\t<div class=\"elementor-element elementor-element-5a81048 elementor-widget__width-initial elementor-widget-tablet__width-initial elementor-widget-mobile__width-inherit elementor-position-top elementor-widget elementor-widget-image-box\" data-id=\"5a81048\" data-element_type=\"widget\" data-e-type=\"widget\" data-widget_type=\"image-box.default\">\n\t\t\t\t\t<div class=\"elementor-image-box-wrapper\"><figure class=\"elementor-image-box-img\"><img fetchpriority=\"high\" decoding=\"async\" width=\"940\" height=\"788\" src=\"https:\/\/szkolasuper.pl\/wp-content\/uploads\/2025\/07\/Projekt-bez-nazwy-21.png\" class=\"attachment-large size-large wp-image-244\" alt=\"\" srcset=\"https:\/\/szkolasuper.pl\/wp-content\/uploads\/2025\/07\/Projekt-bez-nazwy-21.png 940w, https:\/\/szkolasuper.pl\/wp-content\/uploads\/2025\/07\/Projekt-bez-nazwy-21-300x251.png 300w, https:\/\/szkolasuper.pl\/wp-content\/uploads\/2025\/07\/Projekt-bez-nazwy-21-768x644.png 768w, https:\/\/szkolasuper.pl\/wp-content\/uploads\/2025\/07\/Projekt-bez-nazwy-21-600x503.png 600w\" sizes=\"(max-width: 940px) 100vw, 940px\" \/><\/figure><div class=\"elementor-image-box-content\"><h4 class=\"elementor-image-box-title\">SUPER Kurs in einer Gruppe<\/h4><p class=\"elementor-image-box-description\">Das Lernen in der Gruppe f\u00f6rdert die Entwicklung von Sprachkompetenz f\u00fcr die soziale Interaktion. Der Unterricht in der Gruppe erm\u00f6glicht nicht nur die praktische Anwendung der Sprache in authentischen kommunikativen Situationen, sondern auch die F\u00e4higkeit, sprachlich zu reagieren, sich gegenseitig zu inspirieren und konstruktiv Erfahrungen auszutauschen. Die kollaborative Atmosph\u00e4re f\u00f6rdert die \u00dcberwindung von Sprachbarrieren, steigert die intrinsische Motivation und unterst\u00fctzt den Prozess des systematischen Lernens in einer dynamischen und ansprechenden Lernumgebung.<br><br>PREIS: 45PLN\/45min<\/p><\/div><\/div>\t\t\t\t<\/div>\n\t\t\t\t<div class=\"elementor-element elementor-element-38348a16 elementor-widget__width-initial elementor-widget-tablet__width-initial elementor-widget-mobile__width-inherit elementor-position-top elementor-widget elementor-widget-image-box\" data-id=\"38348a16\" data-element_type=\"widget\" data-e-type=\"widget\" data-widget_type=\"image-box.default\">\n\t\t\t\t\t<div class=\"elementor-image-box-wrapper\"><figure class=\"elementor-image-box-img\"><img decoding=\"async\" width=\"940\" height=\"788\" src=\"https:\/\/szkolasuper.pl\/wp-content\/uploads\/2025\/07\/Projekt-bez-nazwy-24.png\" class=\"attachment-full size-full wp-image-246\" alt=\"\" srcset=\"https:\/\/szkolasuper.pl\/wp-content\/uploads\/2025\/07\/Projekt-bez-nazwy-24.png 940w, https:\/\/szkolasuper.pl\/wp-content\/uploads\/2025\/07\/Projekt-bez-nazwy-24-300x251.png 300w, https:\/\/szkolasuper.pl\/wp-content\/uploads\/2025\/07\/Projekt-bez-nazwy-24-768x644.png 768w, https:\/\/szkolasuper.pl\/wp-content\/uploads\/2025\/07\/Projekt-bez-nazwy-24-600x503.png 600w\" sizes=\"(max-width: 940px) 100vw, 940px\" \/><\/figure><div class=\"elementor-image-box-content\"><h4 class=\"elementor-image-box-title\">SUPER Unterricht in Paaren<\/h4><p class=\"elementor-image-box-description\">Der Unterricht in Zweiergruppen erm\u00f6glicht es, Tempo, Inhalt und Arbeitsmethoden optimal auf die Bed\u00fcrfnisse und den Lernstil beider Teilnehmer abzustimmen und gleichzeitig Raum f\u00fcr Dialog, gegenseitige Motivation und praktischen Sprachgebrauch zu lassen. Diese Form des Unterrichts empfiehlt sich besonders f\u00fcr Menschen in engen Beziehungen - Paare, Geschwister oder Freunde -, die ihre Sprachkenntnisse gemeinsam weiterentwickeln m\u00f6chten.<br><br><br>PREIS: 80PLN\/60min<\/p><\/div><\/div>\t\t\t\t<\/div>\n\t\t\t\t\t<\/div>\n\t\t<\/div>\n\t\t\t\t\t<\/div>\n\t\t<\/section>\n\t\t\t\t<section class=\"elementor-section elementor-top-section elementor-element elementor-element-a5c2807 elementor-section-boxed elementor-section-height-default elementor-section-height-default\" data-id=\"a5c2807\" data-element_type=\"section\" data-e-type=\"section\" data-settings=\"{&quot;background_background&quot;:&quot;classic&quot;}\">\n\t\t\t\t\t\t<div class=\"elementor-container elementor-column-gap-no\">\n\t\t\t\t\t<div class=\"elementor-column elementor-col-100 elementor-top-column elementor-element elementor-element-816ca81\" data-id=\"816ca81\" data-element_type=\"column\" data-e-type=\"column\">\n\t\t\t<div class=\"elementor-widget-wrap elementor-element-populated\">\n\t\t\t\t\t\t<div class=\"elementor-element elementor-element-29ce25a elementor-widget__width-initial elementor-widget-tablet__width-initial elementor-widget-mobile__width-inherit elementor-position-top elementor-widget elementor-widget-image-box\" data-id=\"29ce25a\" data-element_type=\"widget\" data-e-type=\"widget\" data-widget_type=\"image-box.default\">\n\t\t\t\t\t<div class=\"elementor-image-box-wrapper\"><figure class=\"elementor-image-box-img\"><img decoding=\"async\" width=\"940\" height=\"788\" src=\"https:\/\/szkolasuper.pl\/wp-content\/uploads\/2025\/07\/Projekt-bez-nazwy-22.png\" class=\"attachment-large size-large wp-image-245\" alt=\"\" srcset=\"https:\/\/szkolasuper.pl\/wp-content\/uploads\/2025\/07\/Projekt-bez-nazwy-22.png 940w, https:\/\/szkolasuper.pl\/wp-content\/uploads\/2025\/07\/Projekt-bez-nazwy-22-300x251.png 300w, https:\/\/szkolasuper.pl\/wp-content\/uploads\/2025\/07\/Projekt-bez-nazwy-22-768x644.png 768w, https:\/\/szkolasuper.pl\/wp-content\/uploads\/2025\/07\/Projekt-bez-nazwy-22-600x503.png 600w\" sizes=\"(max-width: 940px) 100vw, 940px\" \/><\/figure><div class=\"elementor-image-box-content\"><h4 class=\"elementor-image-box-title\"><span style=\"font-size: 1.41176rem\">SUPER Einzelunterricht<\/span><\/h4><p class=\"elementor-image-box-description\">Der Einzelunterricht ist die pers\u00f6nlichste Form des Lernens, da Sie das Programm, das Tempo und die Lehrmethoden vollst\u00e4ndig an Ihre Bed\u00fcrfnisse und spezifischen Sprachziele anpassen k\u00f6nnen. Die direkte Zusammenarbeit mit einem Lehrer erm\u00f6glicht es Ihnen, sich intensiv auf ausgew\u00e4hlte Bereiche der Sprache zu konzentrieren, Schwierigkeiten schnell zu erkennen und das Material laufend an Ihr Niveau anzupassen. Diese Art von Kursen ist besonders f\u00fcr diejenigen zu empfehlen, die ein Maximum an Effizienz, Flexibilit\u00e4t und individuellem Ansatz in einer angenehmen Lernumgebung w\u00fcnschen.<br><br>PREIS: 150PLN\/60min<\/p><\/div><\/div>\t\t\t\t<\/div>\n\t\t\t\t<div class=\"elementor-element elementor-element-3ce94d0 elementor-widget__width-initial elementor-widget-tablet__width-initial elementor-widget-mobile__width-inherit elementor-position-top elementor-widget elementor-widget-image-box\" data-id=\"3ce94d0\" data-element_type=\"widget\" data-e-type=\"widget\" data-widget_type=\"image-box.default\">\n\t\t\t\t\t<div class=\"elementor-image-box-wrapper\"><figure class=\"elementor-image-box-img\"><img loading=\"lazy\" decoding=\"async\" width=\"940\" height=\"788\" src=\"https:\/\/szkolasuper.pl\/wp-content\/uploads\/2025\/07\/Projekt-bez-nazwy-25.png\" class=\"attachment-full size-full wp-image-247\" alt=\"\" srcset=\"https:\/\/szkolasuper.pl\/wp-content\/uploads\/2025\/07\/Projekt-bez-nazwy-25.png 940w, https:\/\/szkolasuper.pl\/wp-content\/uploads\/2025\/07\/Projekt-bez-nazwy-25-300x251.png 300w, https:\/\/szkolasuper.pl\/wp-content\/uploads\/2025\/07\/Projekt-bez-nazwy-25-768x644.png 768w, https:\/\/szkolasuper.pl\/wp-content\/uploads\/2025\/07\/Projekt-bez-nazwy-25-600x503.png 600w\" sizes=\"(max-width: 940px) 100vw, 940px\" \/><\/figure><div class=\"elementor-image-box-content\"><h4 class=\"elementor-image-box-title\"><span style=\"font-size: 1.41176rem\">SUPER-Zertifikat<\/span><\/h4><p class=\"elementor-image-box-description\"><p data-start=\"135\" data-end=\"577\">Einzelunterricht zur Pr\u00fcfungsvorbereitung ist f\u00fcr diejenigen gedacht, die einen genau zugeschnittenen Lehrplan w\u00fcnschen, der auf ein bestimmtes Pr\u00fcfungsziel und eine hohe Punktzahl ausgerichtet ist. <span style=\"font-style: inherit;font-weight: inherit\">Wir bieten eine professionelle Vorbereitung auf eine Vielzahl von Pr\u00fcfungen an - sowohl auf nationale Pr\u00fcfungen wie die achte Klasse oder das Abitur als auch auf internationale Zertifikate.<\/span><span style=\"font-style: inherit;font-weight: inherit\"> Mit einem personalisierten Ansatz k\u00f6nnen bestimmte Bereiche wirksam verbessert und Fortschritte systematisch \u00fcberwacht werden. <\/span><\/p><br>PREIS: 200PLN\/90min<\/p><\/div><\/div>\t\t\t\t<\/div>\n\t\t\t\t\t<\/div>\n\t\t<\/div>\n\t\t\t\t\t<\/div>\n\t\t<\/section>\n\t\t<div class=\"elementor-element elementor-element-27e1397 e-flex e-con-boxed e-con e-parent\" data-id=\"27e1397\" data-element_type=\"container\" data-e-type=\"container\">\n\t\t\t\t\t<div class=\"e-con-inner\">\n\t\t\t\t\t<\/div>\n\t\t\t\t<\/div>\n\t\t\t\t<\/div>","protected":false},"excerpt":{"rendered":"<p>Oferta SUPER OFERTA Oferujemy nowoczesne rozwi\u0105zania j\u0119zykowe online dla dzieci, m\u0142odzie\u017cy i doros\u0142ych \u2013 prowadzone przez do\u015bwiadczonych lektor\u00f3w, z naciskiem na praktyk\u0119, skuteczno\u015b\u0107 i komfort nauki. Nasze zaj\u0119cia trwaj\u0105 60 minut, czyli o 15 minut d\u0142u\u017cej ni\u017c standardowa jednostka lekcyjna, co pozwala na pe\u0142niejsze przyswojenie materia\u0142u i aktywne uczestnictwo w lekcji. W ramach ka\u017cdego kursu [&hellip;]<\/p>","protected":false},"author":1,"featured_media":0,"parent":0,"menu_order":0,"comment_status":"closed","ping_status":"closed","template":"","meta":{"site-sidebar-layout":"no-sidebar","site-content-layout":"page-builder","ast-site-content-layout":"default","site-content-style":"default","site-sidebar-style":"default","ast-global-header-display":"","ast-banner-title-visibility":"","ast-main-header-display":"","ast-hfb-above-header-display":"","ast-hfb-below-header-display":"","ast-hfb-mobile-header-display":"","site-post-title":"disabled","ast-breadcrumbs-content":"disabled","ast-featured-img":"disabled","footer-sml-layout":"","ast-disable-related-posts":"","theme-transparent-header-meta":"enabled","adv-header-id-meta":"","stick-header-meta":"","header-above-stick-meta":"","header-main-stick-meta":"","header-below-stick-meta":"","astra-migrate-meta-layouts":"default","ast-page-background-enabled":"default","ast-page-background-meta":{"desktop":{"background-color":"","background-image":"","background-repeat":"repeat","background-position":"center center","background-size":"auto","background-attachment":"scroll","background-type":"","background-media":"","overlay-type":"","overlay-color":"","overlay-opacity":"","overlay-gradient":""},"tablet":{"background-color":"","background-image":"","background-repeat":"repeat","background-position":"center center","background-size":"auto","background-attachment":"scroll","background-type":"","background-media":"","overlay-type":"","overlay-color":"","overlay-opacity":"","overlay-gradient":""},"mobile":{"background-color":"","background-image":"","background-repeat":"repeat","background-position":"center center","background-size":"auto","background-attachment":"scroll","background-type":"","background-media":"","overlay-type":"","overlay-color":"","overlay-opacity":"","overlay-gradient":""}},"ast-content-background-meta":{"desktop":{"background-color":"var(--ast-global-color-5)","background-image":"","background-repeat":"repeat","background-position":"center center","background-size":"auto","background-attachment":"scroll","background-type":"","background-media":"","overlay-type":"","overlay-color":"","overlay-opacity":"","overlay-gradient":""},"tablet":{"background-color":"var(--ast-global-color-5)","background-image":"","background-repeat":"repeat","background-position":"center center","background-size":"auto","background-attachment":"scroll","background-type":"","background-media":"","overlay-type":"","overlay-color":"","overlay-opacity":"","overlay-gradient":""},"mobile":{"background-color":"var(--ast-global-color-5)","background-image":"","background-repeat":"repeat","background-position":"center center","background-size":"auto","background-attachment":"scroll","background-type":"","background-media":"","overlay-type":"","overlay-color":"","overlay-opacity":"","overlay-gradient":""}},"footnotes":""},"class_list":["post-23","page","type-page","status-publish","hentry"],"yoast_head":"<!-- This site is optimized with the Yoast SEO plugin v26.5 - https:\/\/yoast.com\/wordpress\/plugins\/seo\/ -->\n<title>Oferta - SUPER<\/title>\n<meta name=\"robots\" content=\"index, follow, max-snippet:-1, max-image-preview:large, max-video-preview:-1\" \/>\n<link rel=\"canonical\" href=\"https:\/\/szkolasuper.pl\/de\/oferta\/\" \/>\n<meta property=\"og:locale\" content=\"de_DE\" \/>\n<meta property=\"og:type\" content=\"article\" \/>\n<meta property=\"og:title\" content=\"Oferta - SUPER\" \/>\n<meta property=\"og:description\" content=\"Oferta SUPER OFERTA Oferujemy nowoczesne rozwi\u0105zania j\u0119zykowe online dla dzieci, m\u0142odzie\u017cy i doros\u0142ych \u2013 prowadzone przez do\u015bwiadczonych lektor\u00f3w, z naciskiem na praktyk\u0119, skuteczno\u015b\u0107 i komfort nauki. Nasze zaj\u0119cia trwaj\u0105 60 minut, czyli o 15 minut d\u0142u\u017cej ni\u017c standardowa jednostka lekcyjna, co pozwala na pe\u0142niejsze przyswojenie materia\u0142u i aktywne uczestnictwo w lekcji. W ramach ka\u017cdego kursu [&hellip;]\" \/>\n<meta property=\"og:url\" content=\"https:\/\/szkolasuper.pl\/de\/oferta\/\" \/>\n<meta property=\"og:site_name\" content=\"SUPER\" \/>\n<meta property=\"article:modified_time\" content=\"2025-07-29T07:45:56+00:00\" \/>\n<meta property=\"og:image\" content=\"https:\/\/szkolasuper.pl\/wp-content\/uploads\/2025\/07\/Projekt-bez-nazwy-21.png\" \/>\n<script type=\"application\/ld+json\" class=\"yoast-schema-graph\">{\"@context\":\"https:\/\/schema.org\",\"@graph\":[{\"@type\":\"WebPage\",\"@id\":\"https:\/\/szkolasuper.pl\/oferta\/\",\"url\":\"https:\/\/szkolasuper.pl\/oferta\/\",\"name\":\"Oferta - SUPER\",\"isPartOf\":{\"@id\":\"https:\/\/szkolasuper.pl\/#website\"},\"primaryImageOfPage\":{\"@id\":\"https:\/\/szkolasuper.pl\/oferta\/#primaryimage\"},\"image\":{\"@id\":\"https:\/\/szkolasuper.pl\/oferta\/#primaryimage\"},\"thumbnailUrl\":\"https:\/\/szkolasuper.pl\/wp-content\/uploads\/2025\/07\/Projekt-bez-nazwy-21.png\",\"datePublished\":\"2025-07-09T14:54:19+00:00\",\"dateModified\":\"2025-07-29T07:45:56+00:00\",\"breadcrumb\":{\"@id\":\"https:\/\/szkolasuper.pl\/oferta\/#breadcrumb\"},\"inLanguage\":\"de\",\"potentialAction\":[{\"@type\":\"ReadAction\",\"target\":[\"https:\/\/szkolasuper.pl\/oferta\/\"]}]},{\"@type\":\"ImageObject\",\"inLanguage\":\"de\",\"@id\":\"https:\/\/szkolasuper.pl\/oferta\/#primaryimage\",\"url\":\"https:\/\/szkolasuper.pl\/wp-content\/uploads\/2025\/07\/Projekt-bez-nazwy-21.png\",\"contentUrl\":\"https:\/\/szkolasuper.pl\/wp-content\/uploads\/2025\/07\/Projekt-bez-nazwy-21.png\"},{\"@type\":\"BreadcrumbList\",\"@id\":\"https:\/\/szkolasuper.pl\/oferta\/#breadcrumb\",\"itemListElement\":[{\"@type\":\"ListItem\",\"position\":1,\"name\":\"Strona g\u0142\u00f3wna\",\"item\":\"https:\/\/szkolasuper.pl\/\"},{\"@type\":\"ListItem\",\"position\":2,\"name\":\"Oferta\"}]},{\"@type\":\"WebSite\",\"@id\":\"https:\/\/szkolasuper.pl\/#website\",\"url\":\"https:\/\/szkolasuper.pl\/\",\"name\":\"SUPER\",\"description\":\"Szko\u0142a J\u0119zykowa\",\"publisher\":{\"@id\":\"https:\/\/szkolasuper.pl\/#organization\"},\"potentialAction\":[{\"@type\":\"SearchAction\",\"target\":{\"@type\":\"EntryPoint\",\"urlTemplate\":\"https:\/\/szkolasuper.pl\/?s={search_term_string}\"},\"query-input\":{\"@type\":\"PropertyValueSpecification\",\"valueRequired\":true,\"valueName\":\"search_term_string\"}}],\"inLanguage\":\"de\"},{\"@type\":\"Organization\",\"@id\":\"https:\/\/szkolasuper.pl\/#organization\",\"name\":\"SUPER\",\"url\":\"https:\/\/szkolasuper.pl\/\",\"logo\":{\"@type\":\"ImageObject\",\"inLanguage\":\"de\",\"@id\":\"https:\/\/szkolasuper.pl\/#\/schema\/logo\/image\/\",\"url\":\"https:\/\/szkolasuper.pl\/wp-content\/uploads\/2025\/07\/logo_super_pelna_bialy-scaled.png\",\"contentUrl\":\"https:\/\/szkolasuper.pl\/wp-content\/uploads\/2025\/07\/logo_super_pelna_bialy-scaled.png\",\"width\":2560,\"height\":706,\"caption\":\"SUPER\"},\"image\":{\"@id\":\"https:\/\/szkolasuper.pl\/#\/schema\/logo\/image\/\"}}]}<\/script>\n<!-- \/ Yoast SEO plugin. -->","yoast_head_json":{"title":"Oferta - SUPER","robots":{"index":"index","follow":"follow","max-snippet":"max-snippet:-1","max-image-preview":"max-image-preview:large","max-video-preview":"max-video-preview:-1"},"canonical":"https:\/\/szkolasuper.pl\/de\/oferta\/","og_locale":"de_DE","og_type":"article","og_title":"Oferta - SUPER","og_description":"Oferta SUPER OFERTA Oferujemy nowoczesne rozwi\u0105zania j\u0119zykowe online dla dzieci, m\u0142odzie\u017cy i doros\u0142ych \u2013 prowadzone przez do\u015bwiadczonych lektor\u00f3w, z naciskiem na praktyk\u0119, skuteczno\u015b\u0107 i komfort nauki. Nasze zaj\u0119cia trwaj\u0105 60 minut, czyli o 15 minut d\u0142u\u017cej ni\u017c standardowa jednostka lekcyjna, co pozwala na pe\u0142niejsze przyswojenie materia\u0142u i aktywne uczestnictwo w lekcji. W ramach ka\u017cdego kursu [&hellip;]","og_url":"https:\/\/szkolasuper.pl\/de\/oferta\/","og_site_name":"SUPER","article_modified_time":"2025-07-29T07:45:56+00:00","og_image":[{"url":"https:\/\/szkolasuper.pl\/wp-content\/uploads\/2025\/07\/Projekt-bez-nazwy-21.png","type":"","width":"","height":""}],"schema":{"@context":"https:\/\/schema.org","@graph":[{"@type":"WebPage","@id":"https:\/\/szkolasuper.pl\/oferta\/","url":"https:\/\/szkolasuper.pl\/oferta\/","name":"Oferta - SUPER","isPartOf":{"@id":"https:\/\/szkolasuper.pl\/#website"},"primaryImageOfPage":{"@id":"https:\/\/szkolasuper.pl\/oferta\/#primaryimage"},"image":{"@id":"https:\/\/szkolasuper.pl\/oferta\/#primaryimage"},"thumbnailUrl":"https:\/\/szkolasuper.pl\/wp-content\/uploads\/2025\/07\/Projekt-bez-nazwy-21.png","datePublished":"2025-07-09T14:54:19+00:00","dateModified":"2025-07-29T07:45:56+00:00","breadcrumb":{"@id":"https:\/\/szkolasuper.pl\/oferta\/#breadcrumb"},"inLanguage":"de","potentialAction":[{"@type":"ReadAction","target":["https:\/\/szkolasuper.pl\/oferta\/"]}]},{"@type":"ImageObject","inLanguage":"de","@id":"https:\/\/szkolasuper.pl\/oferta\/#primaryimage","url":"https:\/\/szkolasuper.pl\/wp-content\/uploads\/2025\/07\/Projekt-bez-nazwy-21.png","contentUrl":"https:\/\/szkolasuper.pl\/wp-content\/uploads\/2025\/07\/Projekt-bez-nazwy-21.png"},{"@type":"BreadcrumbList","@id":"https:\/\/szkolasuper.pl\/oferta\/#breadcrumb","itemListElement":[{"@type":"ListItem","position":1,"name":"Strona g\u0142\u00f3wna","item":"https:\/\/szkolasuper.pl\/"},{"@type":"ListItem","position":2,"name":"Oferta"}]},{"@type":"WebSite","@id":"https:\/\/szkolasuper.pl\/#website","url":"https:\/\/szkolasuper.pl\/","name":"SUPER","description":"Szko\u0142a J\u0119zykowa","publisher":{"@id":"https:\/\/szkolasuper.pl\/#organization"},"potentialAction":[{"@type":"SearchAction","target":{"@type":"EntryPoint","urlTemplate":"https:\/\/szkolasuper.pl\/?s={search_term_string}"},"query-input":{"@type":"PropertyValueSpecification","valueRequired":true,"valueName":"search_term_string"}}],"inLanguage":"de"},{"@type":"Organization","@id":"https:\/\/szkolasuper.pl\/#organization","name":"SUPER","url":"https:\/\/szkolasuper.pl\/","logo":{"@type":"ImageObject","inLanguage":"de","@id":"https:\/\/szkolasuper.pl\/#\/schema\/logo\/image\/","url":"https:\/\/szkolasuper.pl\/wp-content\/uploads\/2025\/07\/logo_super_pelna_bialy-scaled.png","contentUrl":"https:\/\/szkolasuper.pl\/wp-content\/uploads\/2025\/07\/logo_super_pelna_bialy-scaled.png","width":2560,"height":706,"caption":"SUPER"},"image":{"@id":"https:\/\/szkolasuper.pl\/#\/schema\/logo\/image\/"}}]}},"_links":{"self":[{"href":"https:\/\/szkolasuper.pl\/de\/wp-json\/wp\/v2\/pages\/23","targetHints":{"allow":["GET"]}}],"collection":[{"href":"https:\/\/szkolasuper.pl\/de\/wp-json\/wp\/v2\/pages"}],"about":[{"href":"https:\/\/szkolasuper.pl\/de\/wp-json\/wp\/v2\/types\/page"}],"author":[{"embeddable":true,"href":"https:\/\/szkolasuper.pl\/de\/wp-json\/wp\/v2\/users\/1"}],"replies":[{"embeddable":true,"href":"https:\/\/szkolasuper.pl\/de\/wp-json\/wp\/v2\/comments?post=23"}],"version-history":[{"count":25,"href":"https:\/\/szkolasuper.pl\/de\/wp-json\/wp\/v2\/pages\/23\/revisions"}],"predecessor-version":[{"id":304,"href":"https:\/\/szkolasuper.pl\/de\/wp-json\/wp\/v2\/pages\/23\/revisions\/304"}],"wp:attachment":[{"href":"https:\/\/szkolasuper.pl\/de\/wp-json\/wp\/v2\/media?parent=23"}],"curies":[{"name":"wp","href":"https:\/\/api.w.org\/{rel}","templated":true}]}}