{"id":13,"date":"2025-07-09T14:54:16","date_gmt":"2025-07-09T14:54:16","guid":{"rendered":"https:\/\/szkolasuper.pl\/cennik\/"},"modified":"2026-02-03T14:14:15","modified_gmt":"2026-02-03T14:14:15","slug":"cennik","status":"publish","type":"page","link":"https:\/\/szkolasuper.pl\/de\/cennik\/","title":{"rendered":"Die Preisliste"},"content":{"rendered":"<div data-elementor-type=\"wp-page\" data-elementor-id=\"13\" class=\"elementor elementor-13\">\n\t\t\t\t\t\t<section class=\"elementor-section elementor-top-section elementor-element elementor-element-5564f5b0 elementor-section-height-min-height elementor-section-boxed elementor-section-height-default elementor-section-items-middle\" data-id=\"5564f5b0\" data-element_type=\"section\" data-e-type=\"section\" data-settings=\"{&quot;background_background&quot;:&quot;classic&quot;}\">\n\t\t\t\t\t\t<div class=\"elementor-container elementor-column-gap-no\">\n\t\t\t\t\t<div class=\"elementor-column elementor-col-100 elementor-top-column elementor-element elementor-element-7b8d5fe\" data-id=\"7b8d5fe\" data-element_type=\"column\" data-e-type=\"column\">\n\t\t\t<div class=\"elementor-widget-wrap elementor-element-populated\">\n\t\t\t\t\t\t<div class=\"elementor-element elementor-element-27865363 elementor-widget-divider--view-line elementor-widget elementor-widget-divider\" data-id=\"27865363\" data-element_type=\"widget\" data-e-type=\"widget\" data-widget_type=\"divider.default\">\n\t\t\t\t\t\t\t<div class=\"elementor-divider\">\n\t\t\t<span class=\"elementor-divider-separator\">\n\t\t\t\t\t\t<\/span>\n\t\t<\/div>\n\t\t\t\t\t\t<\/div>\n\t\t\t\t<div class=\"elementor-element elementor-element-2c64e0d3 elementor-widget elementor-widget-heading\" data-id=\"2c64e0d3\" data-element_type=\"widget\" data-e-type=\"widget\" data-widget_type=\"heading.default\">\n\t\t\t\t\t<h1 class=\"elementor-heading-title elementor-size-default\">Die Preisliste<\/h1>\t\t\t\t<\/div>\n\t\t\t\t\t<\/div>\n\t\t<\/div>\n\t\t\t\t\t<\/div>\n\t\t<\/section>\n\t\t\t\t<section class=\"elementor-section elementor-top-section elementor-element elementor-element-34cbac36 elementor-section-boxed elementor-section-height-default elementor-section-height-default\" data-id=\"34cbac36\" data-element_type=\"section\" data-e-type=\"section\" data-settings=\"{&quot;background_background&quot;:&quot;classic&quot;}\">\n\t\t\t\t\t\t<div class=\"elementor-container elementor-column-gap-no\">\n\t\t\t\t\t<div class=\"elementor-column elementor-col-100 elementor-top-column elementor-element elementor-element-433b2dff\" data-id=\"433b2dff\" data-element_type=\"column\" data-e-type=\"column\">\n\t\t\t<div class=\"elementor-widget-wrap elementor-element-populated\">\n\t\t\t\t\t\t<div class=\"elementor-element elementor-element-7d62e8c4 uael-align-price-list-left uael-pricelist-stack-mobile elementor-widget elementor-widget-uael-price-list\" data-id=\"7d62e8c4\" data-element_type=\"widget\" data-e-type=\"widget\" data-settings=\"{&quot;pricelist_overall_align&quot;:&quot;left&quot;,&quot;row_gap&quot;:{&quot;unit&quot;:&quot;px&quot;,&quot;size&quot;:32,&quot;sizes&quot;:[]},&quot;pricelist_title_margin&quot;:{&quot;unit&quot;:&quot;px&quot;,&quot;top&quot;:&quot;&quot;,&quot;right&quot;:&quot;&quot;,&quot;bottom&quot;:&quot;&quot;,&quot;left&quot;:&quot;&quot;,&quot;isLinked&quot;:true},&quot;pricelist_desc_margin&quot;:{&quot;unit&quot;:&quot;px&quot;,&quot;top&quot;:&quot;0&quot;,&quot;right&quot;:&quot;0&quot;,&quot;bottom&quot;:&quot;0&quot;,&quot;left&quot;:&quot;0&quot;,&quot;isLinked&quot;:false},&quot;pricelist_price_margin&quot;:{&quot;unit&quot;:&quot;px&quot;,&quot;top&quot;:&quot;&quot;,&quot;right&quot;:&quot;&quot;,&quot;bottom&quot;:&quot;&quot;,&quot;left&quot;:&quot;&quot;,&quot;isLinked&quot;:true},&quot;row_gap_tablet&quot;:{&quot;unit&quot;:&quot;px&quot;,&quot;size&quot;:&quot;&quot;,&quot;sizes&quot;:[]},&quot;row_gap_mobile&quot;:{&quot;unit&quot;:&quot;px&quot;,&quot;size&quot;:&quot;&quot;,&quot;sizes&quot;:[]},&quot;list_padding&quot;:{&quot;unit&quot;:&quot;px&quot;,&quot;top&quot;:&quot;&quot;,&quot;right&quot;:&quot;&quot;,&quot;bottom&quot;:&quot;&quot;,&quot;left&quot;:&quot;&quot;,&quot;isLinked&quot;:true},&quot;list_padding_tablet&quot;:{&quot;unit&quot;:&quot;px&quot;,&quot;top&quot;:&quot;&quot;,&quot;right&quot;:&quot;&quot;,&quot;bottom&quot;:&quot;&quot;,&quot;left&quot;:&quot;&quot;,&quot;isLinked&quot;:true},&quot;list_padding_mobile&quot;:{&quot;unit&quot;:&quot;px&quot;,&quot;top&quot;:&quot;&quot;,&quot;right&quot;:&quot;&quot;,&quot;bottom&quot;:&quot;&quot;,&quot;left&quot;:&quot;&quot;,&quot;isLinked&quot;:true},&quot;pricelist_title_margin_tablet&quot;:{&quot;unit&quot;:&quot;px&quot;,&quot;top&quot;:&quot;&quot;,&quot;right&quot;:&quot;&quot;,&quot;bottom&quot;:&quot;&quot;,&quot;left&quot;:&quot;&quot;,&quot;isLinked&quot;:true},&quot;pricelist_title_margin_mobile&quot;:{&quot;unit&quot;:&quot;px&quot;,&quot;top&quot;:&quot;&quot;,&quot;right&quot;:&quot;&quot;,&quot;bottom&quot;:&quot;&quot;,&quot;left&quot;:&quot;&quot;,&quot;isLinked&quot;:true},&quot;pricelist_desc_margin_tablet&quot;:{&quot;unit&quot;:&quot;px&quot;,&quot;top&quot;:&quot;&quot;,&quot;right&quot;:&quot;&quot;,&quot;bottom&quot;:&quot;&quot;,&quot;left&quot;:&quot;&quot;,&quot;isLinked&quot;:true},&quot;pricelist_desc_margin_mobile&quot;:{&quot;unit&quot;:&quot;px&quot;,&quot;top&quot;:&quot;&quot;,&quot;right&quot;:&quot;&quot;,&quot;bottom&quot;:&quot;&quot;,&quot;left&quot;:&quot;&quot;,&quot;isLinked&quot;:true},&quot;pricelist_price_margin_tablet&quot;:{&quot;unit&quot;:&quot;px&quot;,&quot;top&quot;:&quot;&quot;,&quot;right&quot;:&quot;&quot;,&quot;bottom&quot;:&quot;&quot;,&quot;left&quot;:&quot;&quot;,&quot;isLinked&quot;:true},&quot;pricelist_price_margin_mobile&quot;:{&quot;unit&quot;:&quot;px&quot;,&quot;top&quot;:&quot;&quot;,&quot;right&quot;:&quot;&quot;,&quot;bottom&quot;:&quot;&quot;,&quot;left&quot;:&quot;&quot;,&quot;isLinked&quot;:true}}\" data-widget_type=\"uael-price-list.default\">\n\t\t\t\t<div class=\"elementor-widget-container\">\n\t\t\t\t\t\n<div class=\"uael-price-list uael-price-list-none uael-pl-price-position-right\">\n\n\t\t\t\t\t\t<div class=\"uael-price-list-item\">\n\n\t\t\t\n\t\t\t<div class=\"uael-price-list-text\">\n\t\t\t\t<div class=\"uael-price-list-header\">\n\t\t\t\t\t<a class=\"uael-price-list-title\" href=\"#\">\t\t\t\t\t<span>Individueller Kurs mit medizinischem Vokabular<\/span>\n\t\t\t\t\t<\/a>\t\t\t\t\t\t<span class=\"uael-price-list-separator\"><\/span>\n\t\t\t\t\t\n\t\t\t\t\t\t\t\t<span class=\"uael-price-wrapper uael-pl-price-inner\">\n\t\t\t\t<span class=\"uael-price-list-price\">200 PLN<\/span>\n\t\t\t\t\t\t\t<\/span>\n\t\t\t\t\t\t\t<\/div>\n\n\t\t\t\t\n\t\t\t\t<p class=\"uael-price-list-description\">60min<\/p>\n\n\t\t\t\t\n\t\t\t\t\t\t\t<span class=\"uael-price-wrapper uael-pl-price-outer\">\n\t\t\t\t<span class=\"uael-price-list-price  uael-price-list-price\">200 PLN<\/span>\n\t\t\t\t\t\t\t<\/span>\n\t\t\t\t\t\t<\/div>\n\t\t<\/div>\n\t\t\t\t\t\t\t\t<div class=\"uael-price-list-item\">\n\n\t\t\t\n\t\t\t<div class=\"uael-price-list-text\">\n\t\t\t\t<div class=\"uael-price-list-header\">\n\t\t\t\t\t<a class=\"uael-price-list-title\" href=\"#\">\t\t\t\t\t<span>Gepaarter Kurs mit medizinischem Vokabular<\/span>\n\t\t\t\t\t<\/a>\t\t\t\t\t\t<span class=\"uael-price-list-separator\"><\/span>\n\t\t\t\t\t\n\t\t\t\t\t\t\t\t<span class=\"uael-price-wrapper uael-pl-price-inner\">\n\t\t\t\t<span class=\"uael-price-list-price\">120z\u0142<\/span>\n\t\t\t\t\t\t\t<\/span>\n\t\t\t\t\t\t\t<\/div>\n\n\t\t\t\t\n\t\t\t\t<p class=\"uael-price-list-description\">60min<\/p>\n\n\t\t\t\t\n\t\t\t\t\t\t\t<span class=\"uael-price-wrapper uael-pl-price-outer\">\n\t\t\t\t<span class=\"uael-price-list-price  uael-price-list-price\">120z\u0142<\/span>\n\t\t\t\t\t\t\t<\/span>\n\t\t\t\t\t\t<\/div>\n\t\t<\/div>\n\t\t\t\t\t\t\t\t<div class=\"uael-price-list-item\">\n\n\t\t\t\n\t\t\t<div class=\"uael-price-list-text\">\n\t\t\t\t<div class=\"uael-price-list-header\">\n\t\t\t\t\t<a class=\"uael-price-list-title\" href=\"#\">\t\t\t\t\t<span>Gruppenkurs mit medizinischem Vokabular<\/span>\n\t\t\t\t\t<\/a>\t\t\t\t\t\t<span class=\"uael-price-list-separator\"><\/span>\n\t\t\t\t\t\n\t\t\t\t\t\t\t\t<span class=\"uael-price-wrapper uael-pl-price-inner\">\n\t\t\t\t<span class=\"uael-price-list-price\">70z\u0142<\/span>\n\t\t\t\t\t\t\t<\/span>\n\t\t\t\t\t\t\t<\/div>\n\n\t\t\t\t\n\t\t\t\t<p class=\"uael-price-list-description\">45min<\/p>\n\n\t\t\t\t\n\t\t\t\t\t\t\t<span class=\"uael-price-wrapper uael-pl-price-outer\">\n\t\t\t\t<span class=\"uael-price-list-price  uael-price-list-price\">70z\u0142<\/span>\n\t\t\t\t\t\t\t<\/span>\n\t\t\t\t\t\t<\/div>\n\t\t<\/div>\n\t\t\t\t\t\t\t\t<div class=\"uael-price-list-item\">\n\n\t\t\t\n\t\t\t<div class=\"uael-price-list-text\">\n\t\t\t\t<div class=\"uael-price-list-header\">\n\t\t\t\t\t<a class=\"uael-price-list-title\" href=\"#\">\t\t\t\t\t<span>Gruppenkurs - Allgemeinsprache<\/span>\n\t\t\t\t\t<\/a>\t\t\t\t\t\t<span class=\"uael-price-list-separator\"><\/span>\n\t\t\t\t\t\n\t\t\t\t\t\t\t\t<span class=\"uael-price-wrapper uael-pl-price-inner\">\n\t\t\t\t<span class=\"uael-price-list-price\">45 z\u0142<\/span>\n\t\t\t\t\t\t\t<\/span>\n\t\t\t\t\t\t\t<\/div>\n\n\t\t\t\t\n\t\t\t\t<p class=\"uael-price-list-description\">45 min<\/p>\n\n\t\t\t\t\n\t\t\t\t\t\t\t<span class=\"uael-price-wrapper uael-pl-price-outer\">\n\t\t\t\t<span class=\"uael-price-list-price  uael-price-list-price\">45 z\u0142<\/span>\n\t\t\t\t\t\t\t<\/span>\n\t\t\t\t\t\t<\/div>\n\t\t<\/div>\n\t\t\t\t\t\t\t\t<div class=\"uael-price-list-item\">\n\n\t\t\t\n\t\t\t<div class=\"uael-price-list-text\">\n\t\t\t\t<div class=\"uael-price-list-header\">\n\t\t\t\t\t<a class=\"uael-price-list-title\" href=\"#\">\t\t\t\t\t<span>Unterricht in Paaren - Allgemeinsprache<\/span>\n\t\t\t\t\t<\/a>\t\t\t\t\t\t<span class=\"uael-price-list-separator\"><\/span>\n\t\t\t\t\t\n\t\t\t\t\t\t\t\t<span class=\"uael-price-wrapper uael-pl-price-inner\">\n\t\t\t\t<span class=\"uael-price-list-price\">80 z\u0142<\/span>\n\t\t\t\t\t\t\t<\/span>\n\t\t\t\t\t\t\t<\/div>\n\n\t\t\t\t\n\t\t\t\t<p class=\"uael-price-list-description\">60min<\/p>\n\n\t\t\t\t\n\t\t\t\t\t\t\t<span class=\"uael-price-wrapper uael-pl-price-outer\">\n\t\t\t\t<span class=\"uael-price-list-price  uael-price-list-price\">80 z\u0142<\/span>\n\t\t\t\t\t\t\t<\/span>\n\t\t\t\t\t\t<\/div>\n\t\t<\/div>\n\t\t\t\t\t\t\t\t<div class=\"uael-price-list-item\">\n\n\t\t\t\n\t\t\t<div class=\"uael-price-list-text\">\n\t\t\t\t<div class=\"uael-price-list-header\">\n\t\t\t\t\t<a class=\"uael-price-list-title\" href=\"#\">\t\t\t\t\t<span>Einzelunterricht - Allgemeinsprache<\/span>\n\t\t\t\t\t<\/a>\t\t\t\t\t\t<span class=\"uael-price-list-separator\"><\/span>\n\t\t\t\t\t\n\t\t\t\t\t\t\t\t<span class=\"uael-price-wrapper uael-pl-price-inner\">\n\t\t\t\t<span class=\"uael-price-list-price\">150 PLN<\/span>\n\t\t\t\t\t\t\t<\/span>\n\t\t\t\t\t\t\t<\/div>\n\n\t\t\t\t\n\t\t\t\t<p class=\"uael-price-list-description\">60 min<\/p>\n\n\t\t\t\t\n\t\t\t\t\t\t\t<span class=\"uael-price-wrapper uael-pl-price-outer\">\n\t\t\t\t<span class=\"uael-price-list-price  uael-price-list-price\">150 PLN<\/span>\n\t\t\t\t\t\t\t<\/span>\n\t\t\t\t\t\t<\/div>\n\t\t<\/div>\n\t\t\t\t\t\t\t\t<div class=\"uael-price-list-item\">\n\n\t\t\t\n\t\t\t<div class=\"uael-price-list-text\">\n\t\t\t\t<div class=\"uael-price-list-header\">\n\t\t\t\t\t<a class=\"uael-price-list-title\" href=\"#\">\t\t\t\t\t<span>Vorbereitung auf das Zertifikat<\/span>\n\t\t\t\t\t<\/a>\t\t\t\t\t\t<span class=\"uael-price-list-separator\"><\/span>\n\t\t\t\t\t\n\t\t\t\t\t\t\t\t<span class=\"uael-price-wrapper uael-pl-price-inner\">\n\t\t\t\t<span class=\"uael-price-list-price\">200 PLN<\/span>\n\t\t\t\t\t\t\t<\/span>\n\t\t\t\t\t\t\t<\/div>\n\n\t\t\t\t\n\t\t\t\t<p class=\"uael-price-list-description\">60 min<\/p>\n\n\t\t\t\t\n\t\t\t\t\t\t\t<span class=\"uael-price-wrapper uael-pl-price-outer\">\n\t\t\t\t<span class=\"uael-price-list-price  uael-price-list-price\">200 PLN<\/span>\n\t\t\t\t\t\t\t<\/span>\n\t\t\t\t\t\t<\/div>\n\t\t<\/div>\n\t\t\t<\/div>\n\t\t\t\t<\/div>\n\t\t\t\t<\/div>\n\t\t\t\t\t<\/div>\n\t\t<\/div>\n\t\t\t\t\t<\/div>\n\t\t<\/section>\n\t\t\t\t<\/div>","protected":false},"excerpt":{"rendered":"<p>Cennik Kurs indywidualny ze s\u0142ownictwem medycznym 200z\u0142 60min 200z\u0142 Kurs w parze ze s\u0142ownictwem medycznym 120z\u0142 60min 120z\u0142 Kurs w grupie ze s\u0142ownictwem medycznym 70z\u0142 45min 70z\u0142 Kurs w grupie- j\u0119zyk og\u00f3lny 45 z\u0142 45 min 45 z\u0142 Lekcje w parach- j\u0119zyk og\u00f3lny 80 z\u0142 60min 80 z\u0142 Lekcje indywidualne- j\u0119zyk og\u00f3lny 150 z\u0142 60 [&hellip;]<\/p>","protected":false},"author":1,"featured_media":0,"parent":0,"menu_order":0,"comment_status":"closed","ping_status":"closed","template":"","meta":{"site-sidebar-layout":"no-sidebar","site-content-layout":"page-builder","ast-site-content-layout":"default","site-content-style":"default","site-sidebar-style":"default","ast-global-header-display":"","ast-banner-title-visibility":"","ast-main-header-display":"","ast-hfb-above-header-display":"","ast-hfb-below-header-display":"","ast-hfb-mobile-header-display":"","site-post-title":"disabled","ast-breadcrumbs-content":"disabled","ast-featured-img":"disabled","footer-sml-layout":"","ast-disable-related-posts":"","theme-transparent-header-meta":"enabled","adv-header-id-meta":"","stick-header-meta":"","header-above-stick-meta":"","header-main-stick-meta":"","header-below-stick-meta":"","astra-migrate-meta-layouts":"default","ast-page-background-enabled":"default","ast-page-background-meta":{"desktop":{"background-color":"","background-image":"","background-repeat":"repeat","background-position":"center center","background-size":"auto","background-attachment":"scroll","background-type":"","background-media":"","overlay-type":"","overlay-color":"","overlay-opacity":"","overlay-gradient":""},"tablet":{"background-color":"","background-image":"","background-repeat":"repeat","background-position":"center center","background-size":"auto","background-attachment":"scroll","background-type":"","background-media":"","overlay-type":"","overlay-color":"","overlay-opacity":"","overlay-gradient":""},"mobile":{"background-color":"","background-image":"","background-repeat":"repeat","background-position":"center center","background-size":"auto","background-attachment":"scroll","background-type":"","background-media":"","overlay-type":"","overlay-color":"","overlay-opacity":"","overlay-gradient":""}},"ast-content-background-meta":{"desktop":{"background-color":"var(--ast-global-color-5)","background-image":"","background-repeat":"repeat","background-position":"center center","background-size":"auto","background-attachment":"scroll","background-type":"","background-media":"","overlay-type":"","overlay-color":"","overlay-opacity":"","overlay-gradient":""},"tablet":{"background-color":"var(--ast-global-color-5)","background-image":"","background-repeat":"repeat","background-position":"center center","background-size":"auto","background-attachment":"scroll","background-type":"","background-media":"","overlay-type":"","overlay-color":"","overlay-opacity":"","overlay-gradient":""},"mobile":{"background-color":"var(--ast-global-color-5)","background-image":"","background-repeat":"repeat","background-position":"center center","background-size":"auto","background-attachment":"scroll","background-type":"","background-media":"","overlay-type":"","overlay-color":"","overlay-opacity":"","overlay-gradient":""}},"footnotes":""},"class_list":["post-13","page","type-page","status-publish","hentry"],"yoast_head":"<!-- This site is optimized with the Yoast SEO plugin v26.5 - https:\/\/yoast.com\/wordpress\/plugins\/seo\/ -->\n<title>Cennik - SUPER<\/title>\n<meta name=\"robots\" content=\"index, follow, max-snippet:-1, max-image-preview:large, max-video-preview:-1\" \/>\n<link rel=\"canonical\" href=\"https:\/\/szkolasuper.pl\/de\/cennik\/\" \/>\n<meta property=\"og:locale\" content=\"de_DE\" \/>\n<meta property=\"og:type\" content=\"article\" \/>\n<meta property=\"og:title\" content=\"Cennik - SUPER\" \/>\n<meta property=\"og:description\" content=\"Cennik Kurs indywidualny ze s\u0142ownictwem medycznym 200z\u0142 60min 200z\u0142 Kurs w parze ze s\u0142ownictwem medycznym 120z\u0142 60min 120z\u0142 Kurs w grupie ze s\u0142ownictwem medycznym 70z\u0142 45min 70z\u0142 Kurs w grupie- j\u0119zyk og\u00f3lny 45 z\u0142 45 min 45 z\u0142 Lekcje w parach- j\u0119zyk og\u00f3lny 80 z\u0142 60min 80 z\u0142 Lekcje indywidualne- j\u0119zyk og\u00f3lny 150 z\u0142 60 [&hellip;]\" \/>\n<meta property=\"og:url\" content=\"https:\/\/szkolasuper.pl\/de\/cennik\/\" \/>\n<meta property=\"og:site_name\" content=\"SUPER\" \/>\n<meta property=\"article:modified_time\" content=\"2026-02-03T14:14:15+00:00\" \/>\n<script type=\"application\/ld+json\" class=\"yoast-schema-graph\">{\"@context\":\"https:\/\/schema.org\",\"@graph\":[{\"@type\":\"WebPage\",\"@id\":\"https:\/\/szkolasuper.pl\/cennik\/\",\"url\":\"https:\/\/szkolasuper.pl\/cennik\/\",\"name\":\"Cennik - SUPER\",\"isPartOf\":{\"@id\":\"https:\/\/szkolasuper.pl\/#website\"},\"datePublished\":\"2025-07-09T14:54:16+00:00\",\"dateModified\":\"2026-02-03T14:14:15+00:00\",\"breadcrumb\":{\"@id\":\"https:\/\/szkolasuper.pl\/cennik\/#breadcrumb\"},\"inLanguage\":\"de\",\"potentialAction\":[{\"@type\":\"ReadAction\",\"target\":[\"https:\/\/szkolasuper.pl\/cennik\/\"]}]},{\"@type\":\"BreadcrumbList\",\"@id\":\"https:\/\/szkolasuper.pl\/cennik\/#breadcrumb\",\"itemListElement\":[{\"@type\":\"ListItem\",\"position\":1,\"name\":\"Strona g\u0142\u00f3wna\",\"item\":\"https:\/\/szkolasuper.pl\/\"},{\"@type\":\"ListItem\",\"position\":2,\"name\":\"Cennik\"}]},{\"@type\":\"WebSite\",\"@id\":\"https:\/\/szkolasuper.pl\/#website\",\"url\":\"https:\/\/szkolasuper.pl\/\",\"name\":\"SUPER\",\"description\":\"Szko\u0142a J\u0119zykowa\",\"publisher\":{\"@id\":\"https:\/\/szkolasuper.pl\/#organization\"},\"potentialAction\":[{\"@type\":\"SearchAction\",\"target\":{\"@type\":\"EntryPoint\",\"urlTemplate\":\"https:\/\/szkolasuper.pl\/?s={search_term_string}\"},\"query-input\":{\"@type\":\"PropertyValueSpecification\",\"valueRequired\":true,\"valueName\":\"search_term_string\"}}],\"inLanguage\":\"de\"},{\"@type\":\"Organization\",\"@id\":\"https:\/\/szkolasuper.pl\/#organization\",\"name\":\"SUPER\",\"url\":\"https:\/\/szkolasuper.pl\/\",\"logo\":{\"@type\":\"ImageObject\",\"inLanguage\":\"de\",\"@id\":\"https:\/\/szkolasuper.pl\/#\/schema\/logo\/image\/\",\"url\":\"https:\/\/szkolasuper.pl\/wp-content\/uploads\/2025\/07\/logo_super_pelna_bialy-scaled.png\",\"contentUrl\":\"https:\/\/szkolasuper.pl\/wp-content\/uploads\/2025\/07\/logo_super_pelna_bialy-scaled.png\",\"width\":2560,\"height\":706,\"caption\":\"SUPER\"},\"image\":{\"@id\":\"https:\/\/szkolasuper.pl\/#\/schema\/logo\/image\/\"}}]}<\/script>\n<!-- \/ Yoast SEO plugin. -->","yoast_head_json":{"title":"Cennik - SUPER","robots":{"index":"index","follow":"follow","max-snippet":"max-snippet:-1","max-image-preview":"max-image-preview:large","max-video-preview":"max-video-preview:-1"},"canonical":"https:\/\/szkolasuper.pl\/de\/cennik\/","og_locale":"de_DE","og_type":"article","og_title":"Cennik - SUPER","og_description":"Cennik Kurs indywidualny ze s\u0142ownictwem medycznym 200z\u0142 60min 200z\u0142 Kurs w parze ze s\u0142ownictwem medycznym 120z\u0142 60min 120z\u0142 Kurs w grupie ze s\u0142ownictwem medycznym 70z\u0142 45min 70z\u0142 Kurs w grupie- j\u0119zyk og\u00f3lny 45 z\u0142 45 min 45 z\u0142 Lekcje w parach- j\u0119zyk og\u00f3lny 80 z\u0142 60min 80 z\u0142 Lekcje indywidualne- j\u0119zyk og\u00f3lny 150 z\u0142 60 [&hellip;]","og_url":"https:\/\/szkolasuper.pl\/de\/cennik\/","og_site_name":"SUPER","article_modified_time":"2026-02-03T14:14:15+00:00","schema":{"@context":"https:\/\/schema.org","@graph":[{"@type":"WebPage","@id":"https:\/\/szkolasuper.pl\/cennik\/","url":"https:\/\/szkolasuper.pl\/cennik\/","name":"Cennik - SUPER","isPartOf":{"@id":"https:\/\/szkolasuper.pl\/#website"},"datePublished":"2025-07-09T14:54:16+00:00","dateModified":"2026-02-03T14:14:15+00:00","breadcrumb":{"@id":"https:\/\/szkolasuper.pl\/cennik\/#breadcrumb"},"inLanguage":"de","potentialAction":[{"@type":"ReadAction","target":["https:\/\/szkolasuper.pl\/cennik\/"]}]},{"@type":"BreadcrumbList","@id":"https:\/\/szkolasuper.pl\/cennik\/#breadcrumb","itemListElement":[{"@type":"ListItem","position":1,"name":"Strona g\u0142\u00f3wna","item":"https:\/\/szkolasuper.pl\/"},{"@type":"ListItem","position":2,"name":"Cennik"}]},{"@type":"WebSite","@id":"https:\/\/szkolasuper.pl\/#website","url":"https:\/\/szkolasuper.pl\/","name":"SUPER","description":"Szko\u0142a J\u0119zykowa","publisher":{"@id":"https:\/\/szkolasuper.pl\/#organization"},"potentialAction":[{"@type":"SearchAction","target":{"@type":"EntryPoint","urlTemplate":"https:\/\/szkolasuper.pl\/?s={search_term_string}"},"query-input":{"@type":"PropertyValueSpecification","valueRequired":true,"valueName":"search_term_string"}}],"inLanguage":"de"},{"@type":"Organization","@id":"https:\/\/szkolasuper.pl\/#organization","name":"SUPER","url":"https:\/\/szkolasuper.pl\/","logo":{"@type":"ImageObject","inLanguage":"de","@id":"https:\/\/szkolasuper.pl\/#\/schema\/logo\/image\/","url":"https:\/\/szkolasuper.pl\/wp-content\/uploads\/2025\/07\/logo_super_pelna_bialy-scaled.png","contentUrl":"https:\/\/szkolasuper.pl\/wp-content\/uploads\/2025\/07\/logo_super_pelna_bialy-scaled.png","width":2560,"height":706,"caption":"SUPER"},"image":{"@id":"https:\/\/szkolasuper.pl\/#\/schema\/logo\/image\/"}}]}},"_links":{"self":[{"href":"https:\/\/szkolasuper.pl\/de\/wp-json\/wp\/v2\/pages\/13","targetHints":{"allow":["GET"]}}],"collection":[{"href":"https:\/\/szkolasuper.pl\/de\/wp-json\/wp\/v2\/pages"}],"about":[{"href":"https:\/\/szkolasuper.pl\/de\/wp-json\/wp\/v2\/types\/page"}],"author":[{"embeddable":true,"href":"https:\/\/szkolasuper.pl\/de\/wp-json\/wp\/v2\/users\/1"}],"replies":[{"embeddable":true,"href":"https:\/\/szkolasuper.pl\/de\/wp-json\/wp\/v2\/comments?post=13"}],"version-history":[{"count":16,"href":"https:\/\/szkolasuper.pl\/de\/wp-json\/wp\/v2\/pages\/13\/revisions"}],"predecessor-version":[{"id":471,"href":"https:\/\/szkolasuper.pl\/de\/wp-json\/wp\/v2\/pages\/13\/revisions\/471"}],"wp:attachment":[{"href":"https:\/\/szkolasuper.pl\/de\/wp-json\/wp\/v2\/media?parent=13"}],"curies":[{"name":"wp","href":"https:\/\/api.w.org\/{rel}","templated":true}]}}